{"id":4313,"date":"2021-04-23T08:19:15","date_gmt":"2021-04-23T06:19:15","guid":{"rendered":"https:\/\/www.fahrschultheorie.ch\/mentions-legales\/"},"modified":"2024-07-03T16:39:18","modified_gmt":"2024-07-03T14:39:18","slug":"mentions-legales","status":"publish","type":"page","link":"https:\/\/www.fahrschultheorie.ch\/fr\/mentions-legales\/","title":{"rendered":"Mentions l\u00e9gales"},"content":{"rendered":"<div class=\"wpb-content-wrapper\"><p>[vc_row][vc_column][vc_column_text]<\/p>\n<section class=\"container-wrap main-color hidden-xs visible-sm visible-md visible-lg visible-xlg\">\n<div class=\"section-container container\">\n<div class=\"vc_row wpb_row vc_row-fluid row\">\n<div class=\"wpb_column vc_column_container vc_col-sm-12\">\n<div class=\"vc_column-inner \">\n<div class=\"wpb_wrapper\">\n<h1 id=\"\" class=\"vc_custom_heading vc_custom_1584118450255\">Mentions l\u00e9gales<\/h1>\n<\/div>\n<\/div>\n<\/div>\n<\/div>\n<\/div>\n<\/section>\n<section class=\"container-wrap main-color \">\n<div class=\"section-container container\">\n<div class=\"vc_row wpb_row vc_row-fluid row\">\n<div class=\"wpb_column vc_column_container vc_col-sm-12\">\n<div class=\"vc_column-inner \">\n<div class=\"wpb_wrapper\">\n<div class=\"kleo_text_column wpb_text_column wpb_content_element \">\n<div class=\"wpb_wrapper\">\n<h2><\/h2>\n<p>La page fahrschule.ch, y compris la boutique en ligne, est op\u00e9r\u00e9e par la soci\u00e9t\u00e9 Reist Telecom SA :<\/p>\n<p>Contact<br \/>\nInternet:\u00a0<a href=\"https:\/\/www.ctmalder.ch\/\">www.ctmalder.ch<\/a><br \/>\nEmail:\u00a0info@ctmalder.ch<br \/>\nT\u00e9l\u00e9phone: +41 32 588 50 10<\/p>\n<p>Informations juridiques: ce site web est g\u00e9r\u00e9 par<\/p>\n<p>Reist Telecom SA<br \/>\nGlutz-Blotzheim-Strasse 3<br \/>\n4500 Solothurn<\/p>\n<p>Num\u00e9ro UID: CHE-112.820.654<br \/>\nN\u00b0 de TVA: CHE-112.820.654 MWST<br \/>\nDirection de la succursale CTM Alder: Lisa Strauss<\/p>\n<p>L&rsquo;ensemble du site est soumis \u00e0 la l\u00e9gislation suisse. Tous droits r\u00e9serv\u00e9s.<\/p>\n<p>Tous les textes, images, graphiques, fichiers vid\u00e9o et d&rsquo;animation sont soumis au droit d&rsquo;auteur et aux autres lois applicables en mati\u00e8re de protection de la propri\u00e9t\u00e9 intellectuelle.<\/p>\n<\/div>\n<\/div>\n<\/div>\n<\/div>\n<\/div>\n<\/div>\n<\/div>\n<\/section>\n<p>[\/vc_column_text][\/vc_column][\/vc_row]<\/p>\n<\/div>","protected":false},"excerpt":{"rendered":"<p>[vc_row][vc_column][vc_column_text] Mentions l\u00e9gales La page fahrschule.ch, y compris la boutique en ligne, est op\u00e9r\u00e9e par la soci\u00e9t\u00e9 Reist Telecom SA : Contact Internet:\u00a0www.ctmalder.ch Email:\u00a0info@ctmalder.ch T\u00e9l\u00e9phone: +41 32 588 50 10 Informations juridiques: ce site web est g\u00e9r\u00e9 par Reist Telecom SA Glutz-Blotzheim-Strasse 3 4500 Solothurn Num\u00e9ro UID: CHE-112.820.654 N\u00b0 de TVA: CHE-112.820.654 MWST Direction de la succursale CTM Alder: Lisa [&hellip;]<\/p>\n","protected":false},"author":1,"featured_media":0,"parent":0,"menu_order":0,"comment_status":"closed","ping_status":"closed","template":"page-templates\/full-width.php","meta":{"footnotes":""},"class_list":["post-4313","page","type-page","status-publish","hentry"],"yoast_head":"<!-- This site is optimized with the Yoast SEO plugin v21.8 - https:\/\/yoast.com\/wordpress\/plugins\/seo\/ -->\n<title>Mentions l\u00e9gales - www.fahrschultheorie.ch<\/title>\n<meta name=\"description\" content=\"Ci-dessous, tu trouveras l&#039;int\u00e9gralit\u00e9 des mentions l\u00e9gales du site fahrschule.ch.\" \/>\n<meta name=\"robots\" content=\"index, follow, max-snippet:-1, max-image-preview:large, max-video-preview:-1\" \/>\n<link rel=\"canonical\" href=\"https:\/\/www.fahrschultheorie.ch\/fr\/mentions-legales\/\" \/>\n<meta property=\"og:locale\" content=\"fr_FR\" \/>\n<meta property=\"og:type\" content=\"article\" \/>\n<meta property=\"og:title\" content=\"Mentions l\u00e9gales - www.fahrschultheorie.ch\" \/>\n<meta property=\"og:description\" content=\"Ci-dessous, tu trouveras l&#039;int\u00e9gralit\u00e9 des mentions l\u00e9gales du site fahrschule.ch.\" \/>\n<meta property=\"og:url\" content=\"https:\/\/www.fahrschultheorie.ch\/fr\/mentions-legales\/\" \/>\n<meta property=\"og:site_name\" content=\"www.fahrschultheorie.ch\" \/>\n<meta property=\"article:modified_time\" content=\"2024-07-03T14:39:18+00:00\" \/>\n<meta name=\"twitter:card\" content=\"summary_large_image\" \/>\n<meta name=\"twitter:label1\" content=\"Dur\u00e9e de lecture estim\u00e9e\" \/>\n\t<meta name=\"twitter:data1\" content=\"1 minute\" \/>\n<script type=\"application\/ld+json\" class=\"yoast-schema-graph\">{\"@context\":\"https:\/\/schema.org\",\"@graph\":[{\"@type\":\"WebPage\",\"@id\":\"https:\/\/www.fahrschultheorie.ch\/fr\/mentions-legales\/\",\"url\":\"https:\/\/www.fahrschultheorie.ch\/fr\/mentions-legales\/\",\"name\":\"Mentions l\u00e9gales - www.fahrschultheorie.ch\",\"isPartOf\":{\"@id\":\"https:\/\/www.fahrschultheorie.ch\/fr\/#website\"},\"datePublished\":\"2021-04-23T06:19:15+00:00\",\"dateModified\":\"2024-07-03T14:39:18+00:00\",\"description\":\"Ci-dessous, tu trouveras l'int\u00e9gralit\u00e9 des mentions l\u00e9gales du site fahrschule.ch.\",\"breadcrumb\":{\"@id\":\"https:\/\/www.fahrschultheorie.ch\/fr\/mentions-legales\/#breadcrumb\"},\"inLanguage\":\"fr-FR\",\"potentialAction\":[{\"@type\":\"ReadAction\",\"target\":[\"https:\/\/www.fahrschultheorie.ch\/fr\/mentions-legales\/\"]}]},{\"@type\":\"BreadcrumbList\",\"@id\":\"https:\/\/www.fahrschultheorie.ch\/fr\/mentions-legales\/#breadcrumb\",\"itemListElement\":[{\"@type\":\"ListItem\",\"position\":1,\"name\":\"Startseite\",\"item\":\"https:\/\/www.fahrschultheorie.ch\/fr\/\"},{\"@type\":\"ListItem\",\"position\":2,\"name\":\"Mentions l\u00e9gales\"}]},{\"@type\":\"WebSite\",\"@id\":\"https:\/\/www.fahrschultheorie.ch\/fr\/#website\",\"url\":\"https:\/\/www.fahrschultheorie.ch\/fr\/\",\"name\":\"www.fahrschultheorie.ch\",\"description\":\"Der gr\u00f6sste Fahrschulshop der Schweiz\",\"potentialAction\":[{\"@type\":\"SearchAction\",\"target\":{\"@type\":\"EntryPoint\",\"urlTemplate\":\"https:\/\/www.fahrschultheorie.ch\/fr\/?s={search_term_string}\"},\"query-input\":\"required name=search_term_string\"}],\"inLanguage\":\"fr-FR\"}]}<\/script>\n<!-- \/ Yoast SEO plugin. -->","yoast_head_json":{"title":"Mentions l\u00e9gales - www.fahrschultheorie.ch","description":"Ci-dessous, tu trouveras l'int\u00e9gralit\u00e9 des mentions l\u00e9gales du site fahrschule.ch.","robots":{"index":"index","follow":"follow","max-snippet":"max-snippet:-1","max-image-preview":"max-image-preview:large","max-video-preview":"max-video-preview:-1"},"canonical":"https:\/\/www.fahrschultheorie.ch\/fr\/mentions-legales\/","og_locale":"fr_FR","og_type":"article","og_title":"Mentions l\u00e9gales - www.fahrschultheorie.ch","og_description":"Ci-dessous, tu trouveras l'int\u00e9gralit\u00e9 des mentions l\u00e9gales du site fahrschule.ch.","og_url":"https:\/\/www.fahrschultheorie.ch\/fr\/mentions-legales\/","og_site_name":"www.fahrschultheorie.ch","article_modified_time":"2024-07-03T14:39:18+00:00","twitter_card":"summary_large_image","twitter_misc":{"Dur\u00e9e de lecture estim\u00e9e":"1 minute"},"schema":{"@context":"https:\/\/schema.org","@graph":[{"@type":"WebPage","@id":"https:\/\/www.fahrschultheorie.ch\/fr\/mentions-legales\/","url":"https:\/\/www.fahrschultheorie.ch\/fr\/mentions-legales\/","name":"Mentions l\u00e9gales - www.fahrschultheorie.ch","isPartOf":{"@id":"https:\/\/www.fahrschultheorie.ch\/fr\/#website"},"datePublished":"2021-04-23T06:19:15+00:00","dateModified":"2024-07-03T14:39:18+00:00","description":"Ci-dessous, tu trouveras l'int\u00e9gralit\u00e9 des mentions l\u00e9gales du site fahrschule.ch.","breadcrumb":{"@id":"https:\/\/www.fahrschultheorie.ch\/fr\/mentions-legales\/#breadcrumb"},"inLanguage":"fr-FR","potentialAction":[{"@type":"ReadAction","target":["https:\/\/www.fahrschultheorie.ch\/fr\/mentions-legales\/"]}]},{"@type":"BreadcrumbList","@id":"https:\/\/www.fahrschultheorie.ch\/fr\/mentions-legales\/#breadcrumb","itemListElement":[{"@type":"ListItem","position":1,"name":"Startseite","item":"https:\/\/www.fahrschultheorie.ch\/fr\/"},{"@type":"ListItem","position":2,"name":"Mentions l\u00e9gales"}]},{"@type":"WebSite","@id":"https:\/\/www.fahrschultheorie.ch\/fr\/#website","url":"https:\/\/www.fahrschultheorie.ch\/fr\/","name":"www.fahrschultheorie.ch","description":"Der gr\u00f6sste Fahrschulshop der Schweiz","potentialAction":[{"@type":"SearchAction","target":{"@type":"EntryPoint","urlTemplate":"https:\/\/www.fahrschultheorie.ch\/fr\/?s={search_term_string}"},"query-input":"required name=search_term_string"}],"inLanguage":"fr-FR"}]}},"_links":{"self":[{"href":"https:\/\/www.fahrschultheorie.ch\/fr\/wp-json\/wp\/v2\/pages\/4313"}],"collection":[{"href":"https:\/\/www.fahrschultheorie.ch\/fr\/wp-json\/wp\/v2\/pages"}],"about":[{"href":"https:\/\/www.fahrschultheorie.ch\/fr\/wp-json\/wp\/v2\/types\/page"}],"author":[{"embeddable":true,"href":"https:\/\/www.fahrschultheorie.ch\/fr\/wp-json\/wp\/v2\/users\/1"}],"replies":[{"embeddable":true,"href":"https:\/\/www.fahrschultheorie.ch\/fr\/wp-json\/wp\/v2\/comments?post=4313"}],"version-history":[{"count":6,"href":"https:\/\/www.fahrschultheorie.ch\/fr\/wp-json\/wp\/v2\/pages\/4313\/revisions"}],"predecessor-version":[{"id":15183,"href":"https:\/\/www.fahrschultheorie.ch\/fr\/wp-json\/wp\/v2\/pages\/4313\/revisions\/15183"}],"wp:attachment":[{"href":"https:\/\/www.fahrschultheorie.ch\/fr\/wp-json\/wp\/v2\/media?parent=4313"}],"curies":[{"name":"wp","href":"https:\/\/api.w.org\/{rel}","templated":true}]}}