{"id":4329,"date":"2021-04-23T08:51:53","date_gmt":"2021-04-23T06:51:53","guid":{"rendered":"https:\/\/www.fahrschultheorie.ch\/a-propos-de-ctm-alder-sa\/"},"modified":"2024-09-27T14:39:28","modified_gmt":"2024-09-27T12:39:28","slug":"a-propos-de-ctm-alder-sa","status":"publish","type":"page","link":"https:\/\/www.fahrschultheorie.ch\/fr\/a-propos-de-ctm-alder-sa\/","title":{"rendered":"\u00c0 propos de CTM Alder SA"},"content":{"rendered":"<div class=\"wpb-content-wrapper\"><p>[vc_row visibility=\u00a0\u00bbhidden-xs,visible-sm,visible-md,visible-lg,visible-xlg\u00a0\u00bb][vc_column][vc_custom_heading text=\u00a0\u00bb\u00c0 propos de CTM Alder SA\u00a0\u00bb font_container=\u00a0\u00bbtag:h1|font_size:60|text_align:left|color:%23000000&Prime; use_theme_fonts=\u00a0\u00bbyes\u00a0\u00bb css=\u00a0\u00bb.vc_custom_1583322493722{margin-top: 0px !important;padding-top: 40px !important;}\u00a0\u00bb][\/vc_column][\/vc_row][vc_row visibility=\u00a0\u00bbhidden-sm,hidden-md,hidden-lg,hidden-xlg,visible-xs\u00a0\u00bb][vc_column][vc_custom_heading text=\u00a0\u00bb\u00c0 propos de CTM Alder SA\u00a0\u00bb font_container=\u00a0\u00bbtag:h1|font_size:50|text_align:left|color:%23000000|line_height:1.1&Prime; use_theme_fonts=\u00a0\u00bbyes\u00a0\u00bb css=\u00a0\u00bb.vc_custom_1600238671927{margin-top: 0px !important;padding-top: 40px !important;}\u00a0\u00bb][\/vc_column][\/vc_row][vc_row][vc_column][vc_column_text]<\/p>\n<h3>CTM Alder est votre partenaire comp\u00e9tent dans les domaines du d\u00e9veloppement d\u2019applications et de logiciels ainsi que du marketing et des services web.<\/h3>\n<h3>La mission est d\u2019accompagner avec succ\u00e8s ses clients dans la mise en place de solutions num\u00e9riques ou dans la promotion de leurs produits. Ce faisant, CTM Alder accompagne des clients issus de divers secteurs d\u2019activit\u00e9 pour relever les d\u00e9fis les plus vari\u00e9s \u2013 du concept et de la conception au marketing et \u00e0 la promotion, en passant par le d\u00e9veloppement et la r\u00e9alisation.<\/h3>\n<h3>CTM poss\u00e8de une expertise particuli\u00e8re et une vaste exp\u00e9rience dans le domaine des logiciels d\u2019apprentissage, des applications d\u2019apprentissage et des logiciels de documentation des formations ou des cours de toutes sortes. En tant que licenci\u00e9 officiel de l\u2019Association des services des automobiles (asa), CTM Alder d\u00e9veloppe et distribue depuis 20 ans les outils d\u2019apprentissage officiels pour la pr\u00e9paration \u00e0 l\u2019examen th\u00e9orique suisse (voiture, cyclomoteur, tracteur, etc.) sous sa propre marque \u00ab\u00a0theorie24\u00a0\u00bb. Sous sa propre marque \u00ab\u00a0QualiDrive\u00a0\u00bb, CTM Alder propose \u00e9galement aux auto-\u00e9coles et aux organisateurs de cours une solution SaaS pour l\u2019administration, l\u2019enseignement et la communication avec les clients.<\/h3>\n<h3>Ainsi, l\u2019histoire de CTM Alder n\u2019est pas celle d\u2019une agence classique. Au contraire, CTM Alder a d\u2019abord d\u00e9velopp\u00e9 des produits\/applications \u00e0 son propre risque entrepreneurial et les a lanc\u00e9s avec succ\u00e8s sur le march\u00e9. Ce n\u2019est qu\u2019alors qu\u2019elle a commenc\u00e9 \u00e0 mettre ses comp\u00e9tences et son exp\u00e9rience au service de ses clients. CTM Alder met toujours toute son exp\u00e9rience d\u2019entrepreneur au service de ses clients. CTM Alder entretient \u00e9galement de nombreuses coop\u00e9rations et partenariats avec diverses entreprises et organisations nationales.<\/h3>\n<p>[\/vc_column_text][\/vc_column][\/vc_row][vc_row][vc_column][vc_single_image image=\u00a0\u00bb15634&Prime; img_size=\u00a0\u00bblarge\u00a0\u00bb alignment=\u00a0\u00bbcenter\u00a0\u00bb style=\u00a0\u00bbvc_box_rounded\u00a0\u00bb][\/vc_column][\/vc_row][vc_row padding_top=\u00a0\u00bb80&Prime;][vc_column]<style>#btn_69e0d56f93bcc:hover {background-color: #000000 !important;color: #ffffff !important;border-color: #000000 !important;}<\/style><div class=\"text-center\"><a class=\"btn btn-custom\" href=\"https:\/\/www.fahrschultheorie.ch\/ctmalder-team\" style=\"background-color: #000000;color: #ffffff;border-color: #000000;\"id=\"btn_69e0d56f93bcc\">\u00c9quipe CTM Alder SA<\/a><\/div>[\/vc_column][\/vc_row]<\/p>\n<\/div>","protected":false},"excerpt":{"rendered":"<p>[vc_row visibility=\u00a0\u00bbhidden-xs,visible-sm,visible-md,visible-lg,visible-xlg\u00a0\u00bb][vc_column][vc_custom_heading text=\u00a0\u00bb\u00c0 propos de CTM Alder SA\u00a0\u00bb font_container=\u00a0\u00bbtag:h1|font_size:60|text_align:left|color:%23000000&Prime; use_theme_fonts=\u00a0\u00bbyes\u00a0\u00bb css=\u00a0\u00bb.vc_custom_1583322493722{margin-top: 0px !important;padding-top: 40px !important;}\u00a0\u00bb][\/vc_column][\/vc_row][vc_row visibility=\u00a0\u00bbhidden-sm,hidden-md,hidden-lg,hidden-xlg,visible-xs\u00a0\u00bb][vc_column][vc_custom_heading text=\u00a0\u00bb\u00c0 propos de CTM Alder SA\u00a0\u00bb font_container=\u00a0\u00bbtag:h1|font_size:50|text_align:left|color:%23000000|line_height:1.1&Prime; use_theme_fonts=\u00a0\u00bbyes\u00a0\u00bb css=\u00a0\u00bb.vc_custom_1600238671927{margin-top: 0px !important;padding-top: 40px !important;}\u00a0\u00bb][\/vc_column][\/vc_row][vc_row][vc_column][vc_column_text] CTM Alder est votre partenaire comp\u00e9tent dans les domaines du d\u00e9veloppement d\u2019applications et de logiciels ainsi que du marketing et des services web. La mission est d\u2019accompagner avec succ\u00e8s ses clients [&hellip;]<\/p>\n","protected":false},"author":1,"featured_media":0,"parent":0,"menu_order":0,"comment_status":"closed","ping_status":"closed","template":"page-templates\/full-width.php","meta":{"footnotes":""},"class_list":["post-4329","page","type-page","status-publish","hentry"],"yoast_head":"<!-- This site is optimized with the Yoast SEO plugin v21.8 - https:\/\/yoast.com\/wordpress\/plugins\/seo\/ -->\n<title>\u00c0 propos de CTM Alder SA - www.fahrschultheorie.ch<\/title>\n<meta name=\"description\" content=\"CTM Alder SA en portrait : tu trouveras ici tout ce que tu dois savoir sur les op\u00e9rateurs de fahrschule.ch.\" \/>\n<meta name=\"robots\" content=\"index, follow, max-snippet:-1, max-image-preview:large, max-video-preview:-1\" \/>\n<link rel=\"canonical\" href=\"https:\/\/www.fahrschultheorie.ch\/fr\/a-propos-de-ctm-alder-sa\/\" \/>\n<meta property=\"og:locale\" content=\"fr_FR\" \/>\n<meta property=\"og:type\" content=\"article\" \/>\n<meta property=\"og:title\" content=\"\u00c0 propos de CTM Alder SA - www.fahrschultheorie.ch\" \/>\n<meta property=\"og:description\" content=\"CTM Alder SA en portrait : tu trouveras ici tout ce que tu dois savoir sur les op\u00e9rateurs de fahrschule.ch.\" \/>\n<meta property=\"og:url\" content=\"https:\/\/www.fahrschultheorie.ch\/fr\/a-propos-de-ctm-alder-sa\/\" \/>\n<meta property=\"og:site_name\" content=\"www.fahrschultheorie.ch\" \/>\n<meta property=\"article:modified_time\" content=\"2024-09-27T12:39:28+00:00\" \/>\n<meta name=\"twitter:card\" content=\"summary_large_image\" \/>\n<meta name=\"twitter:label1\" content=\"Dur\u00e9e de lecture estim\u00e9e\" \/>\n\t<meta name=\"twitter:data1\" content=\"2 minutes\" \/>\n<script type=\"application\/ld+json\" class=\"yoast-schema-graph\">{\"@context\":\"https:\/\/schema.org\",\"@graph\":[{\"@type\":\"WebPage\",\"@id\":\"https:\/\/www.fahrschultheorie.ch\/fr\/a-propos-de-ctm-alder-sa\/\",\"url\":\"https:\/\/www.fahrschultheorie.ch\/fr\/a-propos-de-ctm-alder-sa\/\",\"name\":\"\u00c0 propos de CTM Alder SA - www.fahrschultheorie.ch\",\"isPartOf\":{\"@id\":\"https:\/\/www.fahrschultheorie.ch\/fr\/#website\"},\"datePublished\":\"2021-04-23T06:51:53+00:00\",\"dateModified\":\"2024-09-27T12:39:28+00:00\",\"description\":\"CTM Alder SA en portrait : tu trouveras ici tout ce que tu dois savoir sur les op\u00e9rateurs de fahrschule.ch.\",\"breadcrumb\":{\"@id\":\"https:\/\/www.fahrschultheorie.ch\/fr\/a-propos-de-ctm-alder-sa\/#breadcrumb\"},\"inLanguage\":\"fr-FR\",\"potentialAction\":[{\"@type\":\"ReadAction\",\"target\":[\"https:\/\/www.fahrschultheorie.ch\/fr\/a-propos-de-ctm-alder-sa\/\"]}]},{\"@type\":\"BreadcrumbList\",\"@id\":\"https:\/\/www.fahrschultheorie.ch\/fr\/a-propos-de-ctm-alder-sa\/#breadcrumb\",\"itemListElement\":[{\"@type\":\"ListItem\",\"position\":1,\"name\":\"Startseite\",\"item\":\"https:\/\/www.fahrschultheorie.ch\/fr\/\"},{\"@type\":\"ListItem\",\"position\":2,\"name\":\"\u00c0 propos de CTM Alder SA\"}]},{\"@type\":\"WebSite\",\"@id\":\"https:\/\/www.fahrschultheorie.ch\/fr\/#website\",\"url\":\"https:\/\/www.fahrschultheorie.ch\/fr\/\",\"name\":\"www.fahrschultheorie.ch\",\"description\":\"Der gr\u00f6sste Fahrschulshop der Schweiz\",\"potentialAction\":[{\"@type\":\"SearchAction\",\"target\":{\"@type\":\"EntryPoint\",\"urlTemplate\":\"https:\/\/www.fahrschultheorie.ch\/fr\/?s={search_term_string}\"},\"query-input\":\"required name=search_term_string\"}],\"inLanguage\":\"fr-FR\"}]}<\/script>\n<!-- \/ Yoast SEO plugin. -->","yoast_head_json":{"title":"\u00c0 propos de CTM Alder SA - www.fahrschultheorie.ch","description":"CTM Alder SA en portrait : tu trouveras ici tout ce que tu dois savoir sur les op\u00e9rateurs de fahrschule.ch.","robots":{"index":"index","follow":"follow","max-snippet":"max-snippet:-1","max-image-preview":"max-image-preview:large","max-video-preview":"max-video-preview:-1"},"canonical":"https:\/\/www.fahrschultheorie.ch\/fr\/a-propos-de-ctm-alder-sa\/","og_locale":"fr_FR","og_type":"article","og_title":"\u00c0 propos de CTM Alder SA - www.fahrschultheorie.ch","og_description":"CTM Alder SA en portrait : tu trouveras ici tout ce que tu dois savoir sur les op\u00e9rateurs de fahrschule.ch.","og_url":"https:\/\/www.fahrschultheorie.ch\/fr\/a-propos-de-ctm-alder-sa\/","og_site_name":"www.fahrschultheorie.ch","article_modified_time":"2024-09-27T12:39:28+00:00","twitter_card":"summary_large_image","twitter_misc":{"Dur\u00e9e de lecture estim\u00e9e":"2 minutes"},"schema":{"@context":"https:\/\/schema.org","@graph":[{"@type":"WebPage","@id":"https:\/\/www.fahrschultheorie.ch\/fr\/a-propos-de-ctm-alder-sa\/","url":"https:\/\/www.fahrschultheorie.ch\/fr\/a-propos-de-ctm-alder-sa\/","name":"\u00c0 propos de CTM Alder SA - www.fahrschultheorie.ch","isPartOf":{"@id":"https:\/\/www.fahrschultheorie.ch\/fr\/#website"},"datePublished":"2021-04-23T06:51:53+00:00","dateModified":"2024-09-27T12:39:28+00:00","description":"CTM Alder SA en portrait : tu trouveras ici tout ce que tu dois savoir sur les op\u00e9rateurs de fahrschule.ch.","breadcrumb":{"@id":"https:\/\/www.fahrschultheorie.ch\/fr\/a-propos-de-ctm-alder-sa\/#breadcrumb"},"inLanguage":"fr-FR","potentialAction":[{"@type":"ReadAction","target":["https:\/\/www.fahrschultheorie.ch\/fr\/a-propos-de-ctm-alder-sa\/"]}]},{"@type":"BreadcrumbList","@id":"https:\/\/www.fahrschultheorie.ch\/fr\/a-propos-de-ctm-alder-sa\/#breadcrumb","itemListElement":[{"@type":"ListItem","position":1,"name":"Startseite","item":"https:\/\/www.fahrschultheorie.ch\/fr\/"},{"@type":"ListItem","position":2,"name":"\u00c0 propos de CTM Alder SA"}]},{"@type":"WebSite","@id":"https:\/\/www.fahrschultheorie.ch\/fr\/#website","url":"https:\/\/www.fahrschultheorie.ch\/fr\/","name":"www.fahrschultheorie.ch","description":"Der gr\u00f6sste Fahrschulshop der Schweiz","potentialAction":[{"@type":"SearchAction","target":{"@type":"EntryPoint","urlTemplate":"https:\/\/www.fahrschultheorie.ch\/fr\/?s={search_term_string}"},"query-input":"required name=search_term_string"}],"inLanguage":"fr-FR"}]}},"_links":{"self":[{"href":"https:\/\/www.fahrschultheorie.ch\/fr\/wp-json\/wp\/v2\/pages\/4329"}],"collection":[{"href":"https:\/\/www.fahrschultheorie.ch\/fr\/wp-json\/wp\/v2\/pages"}],"about":[{"href":"https:\/\/www.fahrschultheorie.ch\/fr\/wp-json\/wp\/v2\/types\/page"}],"author":[{"embeddable":true,"href":"https:\/\/www.fahrschultheorie.ch\/fr\/wp-json\/wp\/v2\/users\/1"}],"replies":[{"embeddable":true,"href":"https:\/\/www.fahrschultheorie.ch\/fr\/wp-json\/wp\/v2\/comments?post=4329"}],"version-history":[{"count":6,"href":"https:\/\/www.fahrschultheorie.ch\/fr\/wp-json\/wp\/v2\/pages\/4329\/revisions"}],"predecessor-version":[{"id":15663,"href":"https:\/\/www.fahrschultheorie.ch\/fr\/wp-json\/wp\/v2\/pages\/4329\/revisions\/15663"}],"wp:attachment":[{"href":"https:\/\/www.fahrschultheorie.ch\/fr\/wp-json\/wp\/v2\/media?parent=4329"}],"curies":[{"name":"wp","href":"https:\/\/api.w.org\/{rel}","templated":true}]}}