{"id":5324,"date":"2021-06-29T17:01:44","date_gmt":"2021-06-29T15:01:44","guid":{"rendered":"https:\/\/www.fahrschultheorie.ch\/defi-pour-les-moniteurs-de-conduite-comment-me-presenter-en-ligne-que-dois-je-prendre-en-compte\/"},"modified":"2026-03-10T11:53:13","modified_gmt":"2026-03-10T09:53:13","slug":"defi-pour-les-moniteurs-de-conduite-comment-me-presenter-en-ligne-que-dois-je-prendre-en-compte","status":"publish","type":"page","link":"https:\/\/www.fahrschultheorie.ch\/fr\/defi-pour-les-moniteurs-de-conduite-comment-me-presenter-en-ligne-que-dois-je-prendre-en-compte\/","title":{"rendered":"D\u00e9fi pour les moniteurs de conduite: comment me pr\u00e9senter en ligne, que dois-je prendre en compte ?"},"content":{"rendered":"<div class=\"wpb-content-wrapper\"><p>[vc_row content_placement=\u00a0\u00bbmiddle\u00a0\u00bb][vc_column width=\u00a0\u00bb1\/2&Prime;][vc_single_image image=\u00a0\u00bb5234&Prime; img_size=\u00a0\u00bb700&#215;700&Prime;][\/vc_column][vc_column width=\u00a0\u00bb1\/2&Prime;][vc_custom_heading text=\u00a0\u00bbD\u00e9fi pour les moniteurs : comment me pr\u00e9senter en ligne, que dois-je prendre en compte ?\u00a0\u00bb font_container=\u00a0\u00bbtag:h1|font_size:50|text_align:left|color:%23000000&Prime; use_theme_fonts=\u00a0\u00bbyes\u00a0\u00bb visibility=\u00a0\u00bbhidden-xs,visible-sm,visible-md,visible-lg,visible-xlg\u00a0\u00bb css=\u00a0\u00bb.vc_custom_1624536334109{padding-top: 10px !important;padding-bottom: 10px !important;}\u00a0\u00bb][vc_custom_heading text=\u00a0\u00bbD\u00e9fi pour les moniteurs : comment me pr\u00e9senter en ligne, que dois-je prendre en compte ?\u00a0\u00bb font_container=\u00a0\u00bbtag:h1|font_size:40|text_align:left|color:%23000000&Prime; use_theme_fonts=\u00a0\u00bbyes\u00a0\u00bb visibility=\u00a0\u00bbhidden-sm,hidden-md,hidden-lg,hidden-xlg,visible-xs\u00a0\u00bb css=\u00a0\u00bb.vc_custom_1624538273025{padding-top: 20px !important;padding-bottom: -20px !important;}\u00a0\u00bb][\/vc_column][\/vc_row][vc_row visibility=\u00a0\u00bbhidden-xs,visible-sm,visible-md,visible-lg,visible-xlg\u00a0\u00bb][vc_column][vc_column_text text_color=\u00a0\u00bb#1e73be\u00a0\u00bb]<\/p>\n<h2><strong>Savez-vous combien de fois les gens ont cherch\u00e9 sur Google un moniteur dans votre r\u00e9gion au cours des derniers mois ?<\/strong><\/h2>\n<h3>Les moniteurs de conduite et les op\u00e9rateurs d&rsquo;auto-\u00e9coles n&rsquo;ont pas la vie facile \u00e0 l&rsquo;\u00e8re de la num\u00e9risation. Les \u00e9l\u00e8ves conducteurs peuvent obtenir des informations en ligne de nombreuses mani\u00e8res, entrer en contact ou laisser des critiques et des commentaires. Cela demande du temps et de l&rsquo;attention de la part des moniteurs. Ils sont \u00e9galement confront\u00e9s aux diff\u00e9rents outils et plateformes.<\/h3>\n<h3>En tant que moniteur, on pourrait se dire que tant que le bouche-\u00e0-oreille fonctionne parmi les apprentis conducteurs, tout va bien. Dans quelle mesure cette consid\u00e9ration est-elle fiable \u00e0 l&rsquo;avenir ? Les moniteurs de conduite ont des opinions et des exp\u00e9riences diff\u00e9rentes.<\/h3>\n<h3>Pour de nombreuses auto-\u00e9coles, la recommandation parmi les \u00e9l\u00e8ves conducteurs reste la source la plus importante de nouveaux clients. Dans le m\u00eame temps, de nombreuses \u00e9tudes confirment que les clients recherchent de plus en plus d&rsquo;informations en ligne. Ce ph\u00e9nom\u00e8ne est d\u00e9j\u00e0 tr\u00e8s prononc\u00e9 chez les adultes. Chez les jeunes adultes, c&rsquo;est-\u00e0-dire les clients des auto-\u00e9coles, la situation est tr\u00e8s diverse.<\/h3>\n<h3>Lorsque les \u00e9l\u00e8ves conducteurs recherchent des informations en ligne pour la premi\u00e8re fois, la fa\u00e7on de se pr\u00e9senter est tr\u00e8s importante pour les auto-\u00e9coles. Il ne s&rsquo;agit pas seulement de savoir \u00e0 quoi ressemble votre site web et s&rsquo;il est complet &#8211; c&rsquo;est la partie facile. En tant que moniteur d&rsquo;auto-\u00e9cole, vous devez vous demander dans quels \u00ab\u00a0endroits\u00a0\u00bb vous voulez \u00eatre pr\u00e9sent en ligne et comment.<\/h3>\n<h3>Comment r\u00e9partir le budget marketing de votre auto-\u00e9cole ? Combien \u00eates-vous pr\u00eat \u00e0 d\u00e9penser pour le marketing en ligne ? Comment s&rsquo;y retrouver parmi toutes les options possibles ? <a style=\"color: #0000ff;\" href=\"https:\/\/www.fahrschultheorie.ch\/fr\/moniteurs-de-conduite\/services-de-marketing-pour-les-moniteurs-de-conduite\/\">C&rsquo;est exactement ce que nous aidons les auto-\u00e9coles et les moniteurs avec nos services marketing et -web.<\/a><\/h3>\n<h3>Les moniteurs de conduite doivent passer le plus de temps possible de mani\u00e8re productive avec l&rsquo;\u00e9l\u00e8ve et non avec des questions de marketing. Cependant, il n&rsquo;est pas facile de fixer les bonnes priorit\u00e9s parmi tous les diff\u00e9rents sujets : Google, les m\u00e9dias sociaux, votre propre site web, les portails d&rsquo;\u00e9valuation, etc. Comment dois-je proc\u00e9der ? Comment puis-je savoir \u00e0 quels co\u00fbts je dois m&rsquo;attendre pour tel ou tel sujet ?<\/h3>\n<h3><a style=\"color: #0000ff;\" href=\"https:\/\/www.fahrschultheorie.ch\/fr\/moniteurs-de-conduite\/services-de-marketing-pour-les-moniteurs-de-conduite\/\">Notre offre \u00ab\u00a0Digi-Checkup\u00a0\u00bb aide les moniteurs de conduite \u00e0 s&rsquo;orienter lorsqu&rsquo;il s&rsquo;agit de questions concernant leur propre pr\u00e9sence en ligne.<\/a> Nous fournissons des conseils individuels et abordons les questions qui vous concernent.<\/h3>\n<h3>Quelle que soit l&rsquo;\u00e9volution du comportement de recherche des \u00e9l\u00e8ves conducteurs ou des clients potentiels, il est utile pour les moniteurs de conduite de toujours rester \u00e0 jour. Les bons conseils sont pr\u00e9cieux et ne co\u00fbtent pas cher. Ce qui co\u00fbte cher, c&rsquo;est de manquer ou de perdre la demande de clients potentiels. Afin de vous organiser au mieux et de g\u00e9rer votre propre pr\u00e9sence en ligne, il est utile d&rsquo;obtenir des conseils sp\u00e9cifiques.<\/h3>\n<h3>Les personnes de contact de CTM Alder <a style=\"color: #0000ff;\" href=\"https:\/\/www.fahrschultheorie.ch\/fr\/formulaire-de-contact-pour-les-moniteurs-de-conduite\/\">se feront un plaisir de vous aider.<\/a><\/h3>\n<h3><\/h3>\n<p>[\/vc_column_text]<style>#btn_69d095e62b82a:hover {background-color: #ffffff !important;color: #000000 !important;border-color: #000000 !important;}<\/style><div class=\"text-center\"><a class=\"btn btn-custom btn-xl\" href=\"https:\/\/www.fahrschultheorie.ch\/fr\/formulaire-de-contact-pour-les-moniteurs-de-conduite\/\" style=\"background-color: #000000;color: #ffffff;border-color: #000000;\"id=\"btn_69d095e62b82a\">En savoir plus<\/a><\/div>[\/vc_column][\/vc_row][vc_row visibility=\u00a0\u00bbhidden-sm,hidden-md,hidden-lg,hidden-xlg,visible-xs\u00a0\u00bb][vc_column][vc_column_text]<\/p>\n<h2><strong>Savez-vous combien de fois les gens ont cherch\u00e9 sur Google un moniteur dans votre r\u00e9gion au cours des derniers mois ?<\/strong><\/h2>\n<h3>Les moniteurs de conduite et les op\u00e9rateurs d&rsquo;auto-\u00e9coles n&rsquo;ont pas la vie facile \u00e0 l&rsquo;\u00e8re de la num\u00e9risation. Les \u00e9l\u00e8ves conducteurs peuvent obtenir des informations en ligne de nombreuses mani\u00e8res, entrer en contact ou laisser des critiques et des commentaires. Cela demande du temps et de l&rsquo;attention de la part des moniteurs. Ils sont \u00e9galement confront\u00e9s aux diff\u00e9rents outils et plateformes.<\/h3>\n<h3>En tant que moniteur, on pourrait se dire que tant que le bouche-\u00e0-oreille fonctionne parmi les apprentis conducteurs, tout va bien. Dans quelle mesure cette consid\u00e9ration est-elle fiable \u00e0 l&rsquo;avenir ? Les moniteurs de conduite ont des opinions et des exp\u00e9riences diff\u00e9rentes.<\/h3>\n<h3>Pour de nombreuses auto-\u00e9coles, la recommandation parmi les \u00e9l\u00e8ves conducteurs reste la source la plus importante de nouveaux clients. Dans le m\u00eame temps, de nombreuses \u00e9tudes confirment que les clients recherchent de plus en plus d&rsquo;informations en ligne. Ce ph\u00e9nom\u00e8ne est d\u00e9j\u00e0 tr\u00e8s prononc\u00e9 chez les adultes. Chez les jeunes adultes, c&rsquo;est-\u00e0-dire les clients des auto-\u00e9coles, la situation est tr\u00e8s diverse.<\/h3>\n<h3>Lorsque les \u00e9l\u00e8ves conducteurs recherchent des informations en ligne pour la premi\u00e8re fois, la fa\u00e7on de se pr\u00e9senter est tr\u00e8s importante pour les auto-\u00e9coles. Il ne s&rsquo;agit pas seulement de savoir \u00e0 quoi ressemble votre site web et s&rsquo;il est complet &#8211; c&rsquo;est la partie facile. En tant que moniteur d&rsquo;auto-\u00e9cole, vous devez vous demander dans quels \u00ab\u00a0endroits\u00a0\u00bb vous voulez \u00eatre pr\u00e9sent en ligne et comment.<\/h3>\n<div id=\"attachment_5253\" style=\"width: 310px\" class=\"wp-caption aligncenter\"><img loading=\"lazy\" decoding=\"async\" aria-describedby=\"caption-attachment-5253\" class=\"wp-image-5253 size-medium\" src=\"https:\/\/www.fahrschultheorie.ch\/wp-content\/uploads\/2021\/06\/QD_Student_Bild_Preis_opt-300x225.jpg\" alt=\"\" width=\"300\" height=\"225\" srcset=\"https:\/\/www.fahrschultheorie.ch\/wp-content\/uploads\/2021\/06\/QD_Student_Bild_Preis_opt-300x225.jpg 300w, https:\/\/www.fahrschultheorie.ch\/wp-content\/uploads\/2021\/06\/QD_Student_Bild_Preis_opt-768x576.jpg 768w, https:\/\/www.fahrschultheorie.ch\/wp-content\/uploads\/2021\/06\/QD_Student_Bild_Preis_opt-672x504.jpg 672w, https:\/\/www.fahrschultheorie.ch\/wp-content\/uploads\/2021\/06\/QD_Student_Bild_Preis_opt-480x360.jpg 480w, https:\/\/www.fahrschultheorie.ch\/wp-content\/uploads\/2021\/06\/QD_Student_Bild_Preis_opt-800x600.jpg 800w, https:\/\/www.fahrschultheorie.ch\/wp-content\/uploads\/2021\/06\/QD_Student_Bild_Preis_opt.jpg 1024w\" sizes=\"(max-width: 300px) 100vw, 300px\" \/><p id=\"caption-attachment-5253\" class=\"wp-caption-text\">Les \u00e9l\u00e8ves conducteurs s&rsquo;informent en ligne sur les auto-\u00e9coles et les moniteurs &#8211; CTM Alder AG les aide.<\/p><\/div>\n<h3><\/h3>\n<h3>Comment r\u00e9partir le budget marketing de votre auto-\u00e9cole ? Combien \u00eates-vous pr\u00eat \u00e0 d\u00e9penser pour le marketing en ligne ? Comment s&rsquo;y retrouver parmi toutes les options possibles ? <a style=\"color: #0000ff;\" href=\"https:\/\/www.fahrschultheorie.ch\/fr\/moniteurs-de-conduite\/services-de-marketing-pour-les-moniteurs-de-conduite\/\">C&rsquo;est exactement ce que nous aidons les auto-\u00e9coles et les moniteurs avec nos services marketing et -web.<\/a><\/h3>\n<h3>Les moniteurs de conduite doivent passer le plus de temps possible de mani\u00e8re productive avec l&rsquo;\u00e9l\u00e8ve et non avec des questions de marketing. Cependant, il n&rsquo;est pas facile de fixer les bonnes priorit\u00e9s parmi tous les diff\u00e9rents sujets : Google, les m\u00e9dias sociaux, votre propre site web, les portails d&rsquo;\u00e9valuation, etc. Comment dois-je proc\u00e9der ? Comment puis-je savoir \u00e0 quels co\u00fbts je dois m&rsquo;attendre pour tel ou tel sujet ?<\/h3>\n<h3><a style=\"color: #0000ff;\" href=\"https:\/\/www.fahrschultheorie.ch\/fr\/moniteurs-de-conduite\/services-de-marketing-pour-les-moniteurs-de-conduite\/\">Notre offre \u00ab\u00a0Digi-Checkup\u00a0\u00bb aide les moniteurs de conduite \u00e0 s&rsquo;orienter lorsqu&rsquo;il s&rsquo;agit de questions concernant leur propre pr\u00e9sence en ligne.<\/a> Nous fournissons des conseils individuels et abordons les questions qui vous concernent.<\/h3>\n<h3>Quelle que soit l&rsquo;\u00e9volution du comportement de recherche des \u00e9l\u00e8ves conducteurs ou des clients potentiels, il est utile pour les moniteurs de conduite de toujours rester \u00e0 jour. Les bons conseils sont pr\u00e9cieux et ne co\u00fbtent pas cher. Ce qui co\u00fbte cher, c&rsquo;est de manquer ou de perdre la demande de clients potentiels. Afin de vous organiser au mieux et de g\u00e9rer votre propre pr\u00e9sence en ligne, il est utile d&rsquo;obtenir des conseils sp\u00e9cifiques.<\/h3>\n<h3>Les personnes de contact de CTM Alder <a style=\"color: #0000ff;\" href=\"https:\/\/www.fahrschultheorie.ch\/fr\/formulaire-de-contact-pour-les-moniteurs-de-conduite\/\">se feront un plaisir de vous aider.<\/a><\/h3>\n<h3><\/h3>\n<p>[\/vc_column_text]<style>#btn_69d095e62b9a0:hover {background-color: #ffffff !important;color: #000000 !important;border-color: #000000 !important;}<\/style><div class=\"text-center\"><a class=\"btn btn-custom btn-xl\" href=\"https:\/\/www.fahrschultheorie.ch\/fr\/formulaire-de-contact-pour-les-moniteurs-de-conduite\/\" style=\"background-color: #000000;color: #ffffff;border-color: #000000;\"id=\"btn_69d095e62b9a0\">En savoir plus<\/a><\/div>[\/vc_column][\/vc_row][vc_row padding_top=\u00a0\u00bb\u00a0\u00bb][vc_column]<div class=\"\">\n<div class=\"share-links\">\n\n    <div class=\"hr-title hr-long\"><abbr>Partager ceci<\/abbr><\/div>\n\n    <span class=\"kleo-love\">\n    <a href=\"#\" class=\"item-likes\" id=\"item-likes-5231\" title=\"Like this\"><span class=\"item-likes-count\">7<\/span> <span class=\"item-likes-postfix\">likes<\/span><\/a>    <\/span>\n\n        <span class=\"kleo-facebook\">\n        <a href=\"http:\/\/www.facebook.com\/sharer.php?u=https:\/\/www.fahrschultheorie.ch\/fr\/defi-pour-les-moniteurs-de-conduite-comment-me-presenter-en-ligne-que-dois-je-prendre-en-compte\/\" class=\"post_share_facebook\"\n           onclick=\"javascript:window.open(this.href,'', 'menubar=no,toolbar=no,resizable=yes,scrollbars=yes,height=220,width=600');return false;\">\n            <i class=\"icon-facebook\"><\/i>\n        <\/a>\n    <\/span>\n    \n    \n    \n    \n            <span class=\"kleo-linkedin\">\n            <a href=\"https:\/\/www.linkedin.com\/shareArticle?url=https:\/\/www.fahrschultheorie.ch\/fr\/defi-pour-les-moniteurs-de-conduite-comment-me-presenter-en-ligne-que-dois-je-prendre-en-compte\/\" class=\"post_share_linkedin\"\n               onclick=\"javascript:window.open(this.href,'', 'menubar=no,toolbar=no,resizable=yes,scrollbars=yes,height=600,width=600');return false;\">\n                <i class=\"icon-linkedin\"><\/i>\n            <\/a>\n        <\/span>\n    \n        <span class=\"kleo-whatsapp visible-xs-inline visible-sm-inline\">\n        <a href=\"whatsapp:\/\/send?text=https:\/\/www.fahrschultheorie.ch\/fr\/defi-pour-les-moniteurs-de-conduite-comment-me-presenter-en-ligne-que-dois-je-prendre-en-compte\/\" data-action=\"share\/whatsapp\/share\">\n            <i class=\"icon-whatsapp\"><\/i>\n        <\/a>\n    <\/span>\n    \n        <span class=\"kleo-mail\">\n        <a href=\"mailto:?subject=D\u00e9fi pour les moniteurs de conduite: comment me pr\u00e9senter en ligne, que dois-je prendre en compte ?&body=https:\/\/www.fahrschultheorie.ch\/fr\/defi-pour-les-moniteurs-de-conduite-comment-me-presenter-en-ligne-que-dois-je-prendre-en-compte\/\" class=\"post_share_email\">\n            <i class=\"icon-mail\"><\/i>\n        <\/a>\n    <\/span>\n    \n<\/div>\n\n<\/div>[\/vc_column][\/vc_row]<\/p>\n<\/div>","protected":false},"excerpt":{"rendered":"<p>[vc_row content_placement=\u00a0\u00bbmiddle\u00a0\u00bb][vc_column width=\u00a0\u00bb1\/2&Prime;][vc_single_image image=\u00a0\u00bb5234&Prime; img_size=\u00a0\u00bb700&#215;700&Prime;][\/vc_column][vc_column width=\u00a0\u00bb1\/2&Prime;][vc_custom_heading text=\u00a0\u00bbD\u00e9fi pour les moniteurs : comment me pr\u00e9senter en ligne, que dois-je prendre en compte ?\u00a0\u00bb font_container=\u00a0\u00bbtag:h1|font_size:50|text_align:left|color:%23000000&Prime; use_theme_fonts=\u00a0\u00bbyes\u00a0\u00bb visibility=\u00a0\u00bbhidden-xs,visible-sm,visible-md,visible-lg,visible-xlg\u00a0\u00bb css=\u00a0\u00bb.vc_custom_1624536334109{padding-top: 10px !important;padding-bottom: 10px !important;}\u00a0\u00bb][vc_custom_heading text=\u00a0\u00bbD\u00e9fi pour les moniteurs : comment me pr\u00e9senter en ligne, que dois-je prendre en compte ?\u00a0\u00bb font_container=\u00a0\u00bbtag:h1|font_size:40|text_align:left|color:%23000000&Prime; use_theme_fonts=\u00a0\u00bbyes\u00a0\u00bb visibility=\u00a0\u00bbhidden-sm,hidden-md,hidden-lg,hidden-xlg,visible-xs\u00a0\u00bb css=\u00a0\u00bb.vc_custom_1624538273025{padding-top: 20px !important;padding-bottom: -20px !important;}\u00a0\u00bb][\/vc_column][\/vc_row][vc_row visibility=\u00a0\u00bbhidden-xs,visible-sm,visible-md,visible-lg,visible-xlg\u00a0\u00bb][vc_column][vc_column_text text_color=\u00a0\u00bb#1e73be\u00a0\u00bb] Savez-vous combien de fois [&hellip;]<\/p>\n","protected":false},"author":1,"featured_media":0,"parent":0,"menu_order":0,"comment_status":"closed","ping_status":"closed","template":"page-templates\/full-width.php","meta":{"footnotes":""},"class_list":["post-5324","page","type-page","status-publish","hentry"],"yoast_head":"<!-- This site is optimized with the Yoast SEO plugin v21.8 - https:\/\/yoast.com\/wordpress\/plugins\/seo\/ -->\n<title>D\u00e9fi pour les moniteurs de conduite: comment me pr\u00e9senter en ligne, que dois-je prendre en compte ? - www.fahrschultheorie.ch<\/title>\n<meta name=\"description\" content=\"Conseils cibl\u00e9s aux moniteurs de conduite : se pr\u00e9senter correctement en ligne en tant qu&#039;auto-\u00e9cole - ce \u00e0 quoi il faut faire attention, lisez ici.....\" \/>\n<meta name=\"robots\" content=\"index, follow, max-snippet:-1, max-image-preview:large, max-video-preview:-1\" \/>\n<link rel=\"canonical\" href=\"https:\/\/www.fahrschultheorie.ch\/fr\/defi-pour-les-moniteurs-de-conduite-comment-me-presenter-en-ligne-que-dois-je-prendre-en-compte\/\" \/>\n<meta property=\"og:locale\" content=\"fr_FR\" \/>\n<meta property=\"og:type\" content=\"article\" \/>\n<meta property=\"og:title\" content=\"D\u00e9fi pour les moniteurs de conduite: comment me pr\u00e9senter en ligne, que dois-je prendre en compte ? - www.fahrschultheorie.ch\" \/>\n<meta property=\"og:description\" content=\"Conseils cibl\u00e9s aux moniteurs de conduite : se pr\u00e9senter correctement en ligne en tant qu&#039;auto-\u00e9cole - ce \u00e0 quoi il faut faire attention, lisez ici.....\" \/>\n<meta property=\"og:url\" content=\"https:\/\/www.fahrschultheorie.ch\/fr\/defi-pour-les-moniteurs-de-conduite-comment-me-presenter-en-ligne-que-dois-je-prendre-en-compte\/\" \/>\n<meta property=\"og:site_name\" content=\"www.fahrschultheorie.ch\" \/>\n<meta property=\"article:modified_time\" content=\"2026-03-10T09:53:13+00:00\" \/>\n<meta property=\"og:image\" content=\"https:\/\/www.fahrschultheorie.ch\/wp-content\/uploads\/2021\/06\/QD_Student_Bild_Preis_opt-300x225.jpg\" \/>\n<meta name=\"twitter:card\" content=\"summary_large_image\" \/>\n<meta name=\"twitter:label1\" content=\"Dur\u00e9e de lecture estim\u00e9e\" \/>\n\t<meta name=\"twitter:data1\" content=\"7 minutes\" \/>\n<script type=\"application\/ld+json\" class=\"yoast-schema-graph\">{\"@context\":\"https:\/\/schema.org\",\"@graph\":[{\"@type\":\"WebPage\",\"@id\":\"https:\/\/www.fahrschultheorie.ch\/fr\/defi-pour-les-moniteurs-de-conduite-comment-me-presenter-en-ligne-que-dois-je-prendre-en-compte\/\",\"url\":\"https:\/\/www.fahrschultheorie.ch\/fr\/defi-pour-les-moniteurs-de-conduite-comment-me-presenter-en-ligne-que-dois-je-prendre-en-compte\/\",\"name\":\"D\u00e9fi pour les moniteurs de conduite: comment me pr\u00e9senter en ligne, que dois-je prendre en compte ? - www.fahrschultheorie.ch\",\"isPartOf\":{\"@id\":\"https:\/\/www.fahrschultheorie.ch\/fr\/#website\"},\"datePublished\":\"2021-06-29T15:01:44+00:00\",\"dateModified\":\"2026-03-10T09:53:13+00:00\",\"description\":\"Conseils cibl\u00e9s aux moniteurs de conduite : se pr\u00e9senter correctement en ligne en tant qu'auto-\u00e9cole - ce \u00e0 quoi il faut faire attention, lisez ici.....\",\"breadcrumb\":{\"@id\":\"https:\/\/www.fahrschultheorie.ch\/fr\/defi-pour-les-moniteurs-de-conduite-comment-me-presenter-en-ligne-que-dois-je-prendre-en-compte\/#breadcrumb\"},\"inLanguage\":\"fr-FR\",\"potentialAction\":[{\"@type\":\"ReadAction\",\"target\":[\"https:\/\/www.fahrschultheorie.ch\/fr\/defi-pour-les-moniteurs-de-conduite-comment-me-presenter-en-ligne-que-dois-je-prendre-en-compte\/\"]}]},{\"@type\":\"BreadcrumbList\",\"@id\":\"https:\/\/www.fahrschultheorie.ch\/fr\/defi-pour-les-moniteurs-de-conduite-comment-me-presenter-en-ligne-que-dois-je-prendre-en-compte\/#breadcrumb\",\"itemListElement\":[{\"@type\":\"ListItem\",\"position\":1,\"name\":\"Startseite\",\"item\":\"https:\/\/www.fahrschultheorie.ch\/fr\/\"},{\"@type\":\"ListItem\",\"position\":2,\"name\":\"D\u00e9fi pour les moniteurs de conduite: comment me pr\u00e9senter en ligne, que dois-je prendre en compte ?\"}]},{\"@type\":\"WebSite\",\"@id\":\"https:\/\/www.fahrschultheorie.ch\/fr\/#website\",\"url\":\"https:\/\/www.fahrschultheorie.ch\/fr\/\",\"name\":\"www.fahrschultheorie.ch\",\"description\":\"Der gr\u00f6sste Fahrschulshop der Schweiz\",\"potentialAction\":[{\"@type\":\"SearchAction\",\"target\":{\"@type\":\"EntryPoint\",\"urlTemplate\":\"https:\/\/www.fahrschultheorie.ch\/fr\/?s={search_term_string}\"},\"query-input\":\"required name=search_term_string\"}],\"inLanguage\":\"fr-FR\"}]}<\/script>\n<!-- \/ Yoast SEO plugin. -->","yoast_head_json":{"title":"D\u00e9fi pour les moniteurs de conduite: comment me pr\u00e9senter en ligne, que dois-je prendre en compte ? - www.fahrschultheorie.ch","description":"Conseils cibl\u00e9s aux moniteurs de conduite : se pr\u00e9senter correctement en ligne en tant qu'auto-\u00e9cole - ce \u00e0 quoi il faut faire attention, lisez ici.....","robots":{"index":"index","follow":"follow","max-snippet":"max-snippet:-1","max-image-preview":"max-image-preview:large","max-video-preview":"max-video-preview:-1"},"canonical":"https:\/\/www.fahrschultheorie.ch\/fr\/defi-pour-les-moniteurs-de-conduite-comment-me-presenter-en-ligne-que-dois-je-prendre-en-compte\/","og_locale":"fr_FR","og_type":"article","og_title":"D\u00e9fi pour les moniteurs de conduite: comment me pr\u00e9senter en ligne, que dois-je prendre en compte ? - www.fahrschultheorie.ch","og_description":"Conseils cibl\u00e9s aux moniteurs de conduite : se pr\u00e9senter correctement en ligne en tant qu'auto-\u00e9cole - ce \u00e0 quoi il faut faire attention, lisez ici.....","og_url":"https:\/\/www.fahrschultheorie.ch\/fr\/defi-pour-les-moniteurs-de-conduite-comment-me-presenter-en-ligne-que-dois-je-prendre-en-compte\/","og_site_name":"www.fahrschultheorie.ch","article_modified_time":"2026-03-10T09:53:13+00:00","og_image":[{"url":"https:\/\/www.fahrschultheorie.ch\/wp-content\/uploads\/2021\/06\/QD_Student_Bild_Preis_opt-300x225.jpg"}],"twitter_card":"summary_large_image","twitter_misc":{"Dur\u00e9e de lecture estim\u00e9e":"7 minutes"},"schema":{"@context":"https:\/\/schema.org","@graph":[{"@type":"WebPage","@id":"https:\/\/www.fahrschultheorie.ch\/fr\/defi-pour-les-moniteurs-de-conduite-comment-me-presenter-en-ligne-que-dois-je-prendre-en-compte\/","url":"https:\/\/www.fahrschultheorie.ch\/fr\/defi-pour-les-moniteurs-de-conduite-comment-me-presenter-en-ligne-que-dois-je-prendre-en-compte\/","name":"D\u00e9fi pour les moniteurs de conduite: comment me pr\u00e9senter en ligne, que dois-je prendre en compte ? - www.fahrschultheorie.ch","isPartOf":{"@id":"https:\/\/www.fahrschultheorie.ch\/fr\/#website"},"datePublished":"2021-06-29T15:01:44+00:00","dateModified":"2026-03-10T09:53:13+00:00","description":"Conseils cibl\u00e9s aux moniteurs de conduite : se pr\u00e9senter correctement en ligne en tant qu'auto-\u00e9cole - ce \u00e0 quoi il faut faire attention, lisez ici.....","breadcrumb":{"@id":"https:\/\/www.fahrschultheorie.ch\/fr\/defi-pour-les-moniteurs-de-conduite-comment-me-presenter-en-ligne-que-dois-je-prendre-en-compte\/#breadcrumb"},"inLanguage":"fr-FR","potentialAction":[{"@type":"ReadAction","target":["https:\/\/www.fahrschultheorie.ch\/fr\/defi-pour-les-moniteurs-de-conduite-comment-me-presenter-en-ligne-que-dois-je-prendre-en-compte\/"]}]},{"@type":"BreadcrumbList","@id":"https:\/\/www.fahrschultheorie.ch\/fr\/defi-pour-les-moniteurs-de-conduite-comment-me-presenter-en-ligne-que-dois-je-prendre-en-compte\/#breadcrumb","itemListElement":[{"@type":"ListItem","position":1,"name":"Startseite","item":"https:\/\/www.fahrschultheorie.ch\/fr\/"},{"@type":"ListItem","position":2,"name":"D\u00e9fi pour les moniteurs de conduite: comment me pr\u00e9senter en ligne, que dois-je prendre en compte ?"}]},{"@type":"WebSite","@id":"https:\/\/www.fahrschultheorie.ch\/fr\/#website","url":"https:\/\/www.fahrschultheorie.ch\/fr\/","name":"www.fahrschultheorie.ch","description":"Der gr\u00f6sste Fahrschulshop der Schweiz","potentialAction":[{"@type":"SearchAction","target":{"@type":"EntryPoint","urlTemplate":"https:\/\/www.fahrschultheorie.ch\/fr\/?s={search_term_string}"},"query-input":"required name=search_term_string"}],"inLanguage":"fr-FR"}]}},"_links":{"self":[{"href":"https:\/\/www.fahrschultheorie.ch\/fr\/wp-json\/wp\/v2\/pages\/5324"}],"collection":[{"href":"https:\/\/www.fahrschultheorie.ch\/fr\/wp-json\/wp\/v2\/pages"}],"about":[{"href":"https:\/\/www.fahrschultheorie.ch\/fr\/wp-json\/wp\/v2\/types\/page"}],"author":[{"embeddable":true,"href":"https:\/\/www.fahrschultheorie.ch\/fr\/wp-json\/wp\/v2\/users\/1"}],"replies":[{"embeddable":true,"href":"https:\/\/www.fahrschultheorie.ch\/fr\/wp-json\/wp\/v2\/comments?post=5324"}],"version-history":[{"count":9,"href":"https:\/\/www.fahrschultheorie.ch\/fr\/wp-json\/wp\/v2\/pages\/5324\/revisions"}],"predecessor-version":[{"id":18216,"href":"https:\/\/www.fahrschultheorie.ch\/fr\/wp-json\/wp\/v2\/pages\/5324\/revisions\/18216"}],"wp:attachment":[{"href":"https:\/\/www.fahrschultheorie.ch\/fr\/wp-json\/wp\/v2\/media?parent=5324"}],"curies":[{"name":"wp","href":"https:\/\/api.w.org\/{rel}","templated":true}]}}