{"id":10618,"date":"2022-12-13T15:54:16","date_gmt":"2022-12-13T13:54:17","guid":{"rendered":"https:\/\/www.fahrschultheorie.ch\/?post_type=product&#038;p=10618"},"modified":"2024-01-04T12:44:55","modified_gmt":"2024-01-04T10:44:55","slug":"chiffons-microfibres-kit-professionnel","status":"publish","type":"product","link":"https:\/\/www.fahrschultheorie.ch\/fr\/produit\/chiffons-microfibres-kit-professionnel\/","title":{"rendered":"Chiffons microfibres kit professionnel"},"content":{"rendered":"<h5>Chiffons microfibres kit professionnel 5 pi\u00e8ces<\/h5>\n<ul>\n<li>\n<h5>Chiffon en microfibres Cockpit (couleur : noir)<\/h5>\n<ul>\n<li>\n<h5>pour l&rsquo;entretien des surfaces en plastique<\/h5>\n<\/li>\n<\/ul>\n<\/li>\n<li>\n<h5>Chiffon microfibre pour jantes (couleur : bleu clair)<\/h5>\n<ul>\n<li>\n<h5>facilite le nettoyage des jantes<\/h5>\n<\/li>\n<\/ul>\n<\/li>\n<li>\n<h5>Chiffon microfibre pour le verre (couleur : rouge)<\/h5>\n<ul>\n<li>\n<h5>\u00a0assure une propret\u00e9 sans traces<\/h5>\n<\/li>\n<\/ul>\n<\/li>\n<li>\n<h5>Chiffon microfibre insectes (couleur : jaune)<\/h5>\n<ul>\n<li>\n<h5>pour \u00e9liminer les restes d&rsquo;insectes<\/h5>\n<\/li>\n<\/ul>\n<\/li>\n<li>\n<h5>Chiffon microfibre peinture (couleur : blanc)<\/h5>\n<ul>\n<li>\n<h5>facilite le polissage des polishs et des wax durs<\/h5>\n<\/li>\n<\/ul>\n<\/li>\n<\/ul>\n","protected":false},"excerpt":{"rendered":"<p>Affichage LED \u00e0 3 niveaux : vert, jaune, rouge<\/p>\n<p>Dimensions : 4 x 7 x 1.5cm<\/p>\n<p>Porte-cl\u00e9s inclus<\/p>\n<p>Fonctionne avec 2 piles AAA (non incluses)<\/p>\n<p><strong>Remarque importante :<\/strong> le r\u00e9sultat de la mesure est donn\u00e9 \u00e0 titre indicatif et ne permet pas de confirmer l&rsquo;aptitude \u00e0 conduire.<\/p>\n","protected":false},"featured_media":10612,"template":"","meta":[],"product_cat":[167],"product_tag":[],"class_list":{"0":"post-10618","1":"product","2":"type-product","3":"status-publish","4":"has-post-thumbnail","6":"product_cat-accessoires","7":"product_shipping_class-courrier","9":"first","10":"outofstock","11":"taxable","12":"shipping-taxable","13":"purchasable","14":"product-type-simple"},"yoast_head":"<!-- This site is optimized with the Yoast SEO plugin v21.8 - https:\/\/yoast.com\/wordpress\/plugins\/seo\/ -->\n<title>Chiffons microfibres kit professionnel - www.fahrschultheorie.ch<\/title>\n<meta name=\"description\" content=\"Diff\u00e9rents chiffons en microfibres pour le cockpit, les jantes, le verre, les insectes et la peinture pour l&#039;entretien et l&#039;\u00e9limination facile de la salet\u00e9\" \/>\n<meta name=\"robots\" content=\"index, follow, max-snippet:-1, max-image-preview:large, max-video-preview:-1\" \/>\n<link rel=\"canonical\" href=\"https:\/\/www.fahrschultheorie.ch\/fr\/produit\/chiffons-microfibres-kit-professionnel\/\" \/>\n<meta property=\"og:locale\" content=\"fr_FR\" \/>\n<meta property=\"og:type\" content=\"article\" \/>\n<meta property=\"og:title\" content=\"Chiffons microfibres kit professionnel - www.fahrschultheorie.ch\" \/>\n<meta property=\"og:description\" content=\"Diff\u00e9rents chiffons en microfibres pour le cockpit, les jantes, le verre, les insectes et la peinture pour l&#039;entretien et l&#039;\u00e9limination facile de la salet\u00e9\" \/>\n<meta property=\"og:url\" content=\"https:\/\/www.fahrschultheorie.ch\/fr\/produit\/chiffons-microfibres-kit-professionnel\/\" \/>\n<meta property=\"og:site_name\" content=\"www.fahrschultheorie.ch\" \/>\n<meta property=\"article:modified_time\" content=\"2024-01-04T10:44:55+00:00\" \/>\n<meta property=\"og:image\" content=\"https:\/\/www.fahrschultheorie.ch\/wp-content\/uploads\/2022\/12\/Microfasertuecher.jpg\" \/>\n\t<meta property=\"og:image:width\" content=\"1200\" \/>\n\t<meta property=\"og:image:height\" content=\"901\" \/>\n\t<meta property=\"og:image:type\" content=\"image\/jpeg\" \/>\n<meta name=\"twitter:card\" content=\"summary_large_image\" \/>\n<meta name=\"twitter:label1\" content=\"Prix\" \/>\n\t<meta name=\"twitter:data1\" content=\"&#67;&#72;&#70;9.90\" \/>\n\t<meta name=\"twitter:label2\" content=\"Availability\" \/>\n\t<meta name=\"twitter:data2\" content=\"Out of stock\" \/>\n<script type=\"application\/ld+json\" class=\"yoast-schema-graph\">{\"@context\":\"https:\/\/schema.org\",\"@graph\":[{\"@type\":\"WebPage\",\"@id\":\"https:\/\/www.fahrschultheorie.ch\/fr\/produit\/chiffons-microfibres-kit-professionnel\/\",\"url\":\"https:\/\/www.fahrschultheorie.ch\/fr\/produit\/chiffons-microfibres-kit-professionnel\/\",\"name\":\"Chiffons microfibres kit professionnel - www.fahrschultheorie.ch\",\"isPartOf\":{\"@id\":\"https:\/\/www.fahrschultheorie.ch\/fr\/#website\"},\"datePublished\":\"2022-12-13T13:54:17+00:00\",\"dateModified\":\"2024-01-04T10:44:55+00:00\",\"description\":\"Diff\u00e9rents chiffons en microfibres pour le cockpit, les jantes, le verre, les insectes et la peinture pour l'entretien et l'\u00e9limination facile de la salet\u00e9\",\"breadcrumb\":{\"@id\":\"https:\/\/www.fahrschultheorie.ch\/fr\/produit\/chiffons-microfibres-kit-professionnel\/#breadcrumb\"},\"inLanguage\":\"fr-FR\",\"potentialAction\":[{\"@type\":\"ReadAction\",\"target\":[\"https:\/\/www.fahrschultheorie.ch\/fr\/produit\/chiffons-microfibres-kit-professionnel\/\"]}]},{\"@type\":\"BreadcrumbList\",\"@id\":\"https:\/\/www.fahrschultheorie.ch\/fr\/produit\/chiffons-microfibres-kit-professionnel\/#breadcrumb\",\"itemListElement\":[{\"@type\":\"ListItem\",\"position\":1,\"name\":\"Startseite\",\"item\":\"https:\/\/www.fahrschultheorie.ch\/fr\/\"},{\"@type\":\"ListItem\",\"position\":2,\"name\":\"Boutique\",\"item\":\"https:\/\/www.fahrschultheorie.ch\/fr\/boutique\/\"},{\"@type\":\"ListItem\",\"position\":3,\"name\":\"Chiffons microfibres kit professionnel\"}]},{\"@type\":\"WebSite\",\"@id\":\"https:\/\/www.fahrschultheorie.ch\/fr\/#website\",\"url\":\"https:\/\/www.fahrschultheorie.ch\/fr\/\",\"name\":\"www.fahrschultheorie.ch\",\"description\":\"Der gr\u00f6sste Fahrschulshop der Schweiz\",\"potentialAction\":[{\"@type\":\"SearchAction\",\"target\":{\"@type\":\"EntryPoint\",\"urlTemplate\":\"https:\/\/www.fahrschultheorie.ch\/fr\/?s={search_term_string}\"},\"query-input\":\"required name=search_term_string\"}],\"inLanguage\":\"fr-FR\"}]}<\/script>\n<meta property=\"product:price:amount\" content=\"9.90\" \/>\n<meta property=\"product:price:currency\" content=\"CHF\" \/>\n<meta property=\"og:availability\" content=\"out of stock\" \/>\n<meta property=\"product:availability\" content=\"out of stock\" \/>\n<meta property=\"product:retailer_item_id\" content=\"4010126003409\" \/>\n<meta property=\"product:condition\" content=\"new\" \/>\n<!-- \/ Yoast SEO plugin. -->","yoast_head_json":{"title":"Chiffons microfibres kit professionnel - www.fahrschultheorie.ch","description":"Diff\u00e9rents chiffons en microfibres pour le cockpit, les jantes, le verre, les insectes et la peinture pour l'entretien et l'\u00e9limination facile de la salet\u00e9","robots":{"index":"index","follow":"follow","max-snippet":"max-snippet:-1","max-image-preview":"max-image-preview:large","max-video-preview":"max-video-preview:-1"},"canonical":"https:\/\/www.fahrschultheorie.ch\/fr\/produit\/chiffons-microfibres-kit-professionnel\/","og_locale":"fr_FR","og_type":"article","og_title":"Chiffons microfibres kit professionnel - www.fahrschultheorie.ch","og_description":"Diff\u00e9rents chiffons en microfibres pour le cockpit, les jantes, le verre, les insectes et la peinture pour l'entretien et l'\u00e9limination facile de la salet\u00e9","og_url":"https:\/\/www.fahrschultheorie.ch\/fr\/produit\/chiffons-microfibres-kit-professionnel\/","og_site_name":"www.fahrschultheorie.ch","article_modified_time":"2024-01-04T10:44:55+00:00","og_image":[{"width":1200,"height":901,"url":"https:\/\/www.fahrschultheorie.ch\/wp-content\/uploads\/2022\/12\/Microfasertuecher.jpg","type":"image\/jpeg"}],"twitter_card":"summary_large_image","twitter_misc":{"Prix":"&#67;&#72;&#70;9.90","Availability":"Out of stock"},"schema":{"@context":"https:\/\/schema.org","@graph":[{"@type":"WebPage","@id":"https:\/\/www.fahrschultheorie.ch\/fr\/produit\/chiffons-microfibres-kit-professionnel\/","url":"https:\/\/www.fahrschultheorie.ch\/fr\/produit\/chiffons-microfibres-kit-professionnel\/","name":"Chiffons microfibres kit professionnel - www.fahrschultheorie.ch","isPartOf":{"@id":"https:\/\/www.fahrschultheorie.ch\/fr\/#website"},"datePublished":"2022-12-13T13:54:17+00:00","dateModified":"2024-01-04T10:44:55+00:00","description":"Diff\u00e9rents chiffons en microfibres pour le cockpit, les jantes, le verre, les insectes et la peinture pour l'entretien et l'\u00e9limination facile de la salet\u00e9","breadcrumb":{"@id":"https:\/\/www.fahrschultheorie.ch\/fr\/produit\/chiffons-microfibres-kit-professionnel\/#breadcrumb"},"inLanguage":"fr-FR","potentialAction":[{"@type":"ReadAction","target":["https:\/\/www.fahrschultheorie.ch\/fr\/produit\/chiffons-microfibres-kit-professionnel\/"]}]},{"@type":"BreadcrumbList","@id":"https:\/\/www.fahrschultheorie.ch\/fr\/produit\/chiffons-microfibres-kit-professionnel\/#breadcrumb","itemListElement":[{"@type":"ListItem","position":1,"name":"Startseite","item":"https:\/\/www.fahrschultheorie.ch\/fr\/"},{"@type":"ListItem","position":2,"name":"Boutique","item":"https:\/\/www.fahrschultheorie.ch\/fr\/boutique\/"},{"@type":"ListItem","position":3,"name":"Chiffons microfibres kit professionnel"}]},{"@type":"WebSite","@id":"https:\/\/www.fahrschultheorie.ch\/fr\/#website","url":"https:\/\/www.fahrschultheorie.ch\/fr\/","name":"www.fahrschultheorie.ch","description":"Der gr\u00f6sste Fahrschulshop der Schweiz","potentialAction":[{"@type":"SearchAction","target":{"@type":"EntryPoint","urlTemplate":"https:\/\/www.fahrschultheorie.ch\/fr\/?s={search_term_string}"},"query-input":"required name=search_term_string"}],"inLanguage":"fr-FR"}]},"product_price_amount":"9.90","product_price_currency":"CHF","og_availability":"out of stock","product_availability":"out of stock","product_retailer_item_id":"4010126003409","product_condition":"new"},"_links":{"self":[{"href":"https:\/\/www.fahrschultheorie.ch\/fr\/wp-json\/wp\/v2\/product\/10618"}],"collection":[{"href":"https:\/\/www.fahrschultheorie.ch\/fr\/wp-json\/wp\/v2\/product"}],"about":[{"href":"https:\/\/www.fahrschultheorie.ch\/fr\/wp-json\/wp\/v2\/types\/product"}],"wp:featuredmedia":[{"embeddable":true,"href":"https:\/\/www.fahrschultheorie.ch\/fr\/wp-json\/wp\/v2\/media\/10612"}],"wp:attachment":[{"href":"https:\/\/www.fahrschultheorie.ch\/fr\/wp-json\/wp\/v2\/media?parent=10618"}],"wp:term":[{"taxonomy":"product_cat","embeddable":true,"href":"https:\/\/www.fahrschultheorie.ch\/fr\/wp-json\/wp\/v2\/product_cat?post=10618"},{"taxonomy":"product_tag","embeddable":true,"href":"https:\/\/www.fahrschultheorie.ch\/fr\/wp-json\/wp\/v2\/product_tag?post=10618"}],"curies":[{"name":"wp","href":"https:\/\/api.w.org\/{rel}","templated":true}]}}