{"id":13398,"date":"2023-11-07T09:56:52","date_gmt":"2023-11-07T07:56:53","guid":{"rendered":"https:\/\/www.fahrschultheorie.ch\/?post_type=product&#038;p=13398"},"modified":"2025-11-15T18:47:10","modified_gmt":"2025-11-15T16:47:10","slug":"disque-de-stationnement-avec-fonction-gratte-glace","status":"publish","type":"product","link":"https:\/\/www.fahrschultheorie.ch\/fr\/produit\/disque-de-stationnement-avec-fonction-gratte-glace\/","title":{"rendered":"Disque de stationnement avec fonction gratte-glace"},"content":{"rendered":"<h4>Avec ce disque de stationnement, vous avez \u00e9galement un gratte-glace dans votre voiture.<\/h4>\n<p>Gratte-glace en plastique robuste avec ar\u00eate de raclage, forme ergonomique, dimensions : 155 x 120 x 7mm<\/p>\n","protected":false},"excerpt":{"rendered":"<p>Avec ce <strong>disque de stationnement<\/strong>, vous avez \u00e9galement un <strong>grattoir \u00e0 glace<\/strong> dans votre voiture.<\/p>\n<p>Particuli\u00e8rement pratique : la <strong>puce pour votre caddie<\/strong> est int\u00e9gr\u00e9e au dos, \u00e0 port\u00e9e de main. Un <strong>profilom\u00e8tre<\/strong> pr\u00e9cis pour vos pneus est \u00e9galement inclus, ce qui vous permet de v\u00e9rifier si un nouveau jeu de pneus est bient\u00f4t n\u00e9cessaire.<\/p>\n","protected":false},"featured_media":13401,"template":"","meta":[],"product_cat":[167],"product_tag":[],"class_list":{"0":"post-13398","1":"product","2":"type-product","3":"status-publish","4":"has-post-thumbnail","6":"product_cat-accessoires","7":"product_shipping_class-courrier","9":"first","10":"outofstock","11":"taxable","12":"shipping-taxable","13":"purchasable","14":"product-type-simple"},"yoast_head":"<!-- This site is optimized with the Yoast SEO plugin v21.8 - https:\/\/yoast.com\/wordpress\/plugins\/seo\/ -->\n<title>Disque de stationnement avec fonction gratte-glace - www.fahrschultheorie.ch<\/title>\n<meta name=\"description\" content=\"Avec ce disque de stationnement, vous avez \u00e9galement un grattoir \u00e0 glace dans votre voiture, en plastique robuste avec ar\u00eate de raclage, forme ergonomique\" \/>\n<meta name=\"robots\" content=\"index, follow, max-snippet:-1, max-image-preview:large, max-video-preview:-1\" \/>\n<link rel=\"canonical\" href=\"https:\/\/www.fahrschultheorie.ch\/fr\/produit\/disque-de-stationnement-avec-fonction-gratte-glace\/\" \/>\n<meta property=\"og:locale\" content=\"fr_FR\" \/>\n<meta property=\"og:type\" content=\"article\" \/>\n<meta property=\"og:title\" content=\"Disque de stationnement avec fonction gratte-glace - www.fahrschultheorie.ch\" \/>\n<meta property=\"og:description\" content=\"Avec ce disque de stationnement, vous avez \u00e9galement un grattoir \u00e0 glace dans votre voiture, en plastique robuste avec ar\u00eate de raclage, forme ergonomique\" \/>\n<meta property=\"og:url\" content=\"https:\/\/www.fahrschultheorie.ch\/fr\/produit\/disque-de-stationnement-avec-fonction-gratte-glace\/\" \/>\n<meta property=\"og:site_name\" content=\"www.fahrschultheorie.ch\" \/>\n<meta property=\"article:modified_time\" content=\"2025-11-15T16:47:10+00:00\" \/>\n<meta property=\"og:image\" content=\"https:\/\/www.fahrschultheorie.ch\/wp-content\/uploads\/2023\/11\/Eiskratzer-Parkscheibe.png\" \/>\n\t<meta property=\"og:image:width\" content=\"1000\" \/>\n\t<meta property=\"og:image:height\" content=\"1000\" \/>\n\t<meta property=\"og:image:type\" content=\"image\/png\" \/>\n<meta name=\"twitter:card\" content=\"summary_large_image\" \/>\n<meta name=\"twitter:label1\" content=\"Prix\" \/>\n\t<meta name=\"twitter:data1\" content=\"&#67;&#72;&#70;2.90\" \/>\n\t<meta name=\"twitter:label2\" content=\"Availability\" \/>\n\t<meta name=\"twitter:data2\" content=\"Out of stock\" \/>\n<script type=\"application\/ld+json\" class=\"yoast-schema-graph\">{\"@context\":\"https:\/\/schema.org\",\"@graph\":[{\"@type\":\"WebPage\",\"@id\":\"https:\/\/www.fahrschultheorie.ch\/fr\/produit\/disque-de-stationnement-avec-fonction-gratte-glace\/\",\"url\":\"https:\/\/www.fahrschultheorie.ch\/fr\/produit\/disque-de-stationnement-avec-fonction-gratte-glace\/\",\"name\":\"Disque de stationnement avec fonction gratte-glace - www.fahrschultheorie.ch\",\"isPartOf\":{\"@id\":\"https:\/\/www.fahrschultheorie.ch\/fr\/#website\"},\"datePublished\":\"2023-11-07T07:56:53+00:00\",\"dateModified\":\"2025-11-15T16:47:10+00:00\",\"description\":\"Avec ce disque de stationnement, vous avez \u00e9galement un grattoir \u00e0 glace dans votre voiture, en plastique robuste avec ar\u00eate de raclage, forme ergonomique\",\"breadcrumb\":{\"@id\":\"https:\/\/www.fahrschultheorie.ch\/fr\/produit\/disque-de-stationnement-avec-fonction-gratte-glace\/#breadcrumb\"},\"inLanguage\":\"fr-FR\",\"potentialAction\":[{\"@type\":\"ReadAction\",\"target\":[\"https:\/\/www.fahrschultheorie.ch\/fr\/produit\/disque-de-stationnement-avec-fonction-gratte-glace\/\"]}]},{\"@type\":\"BreadcrumbList\",\"@id\":\"https:\/\/www.fahrschultheorie.ch\/fr\/produit\/disque-de-stationnement-avec-fonction-gratte-glace\/#breadcrumb\",\"itemListElement\":[{\"@type\":\"ListItem\",\"position\":1,\"name\":\"Startseite\",\"item\":\"https:\/\/www.fahrschultheorie.ch\/fr\/\"},{\"@type\":\"ListItem\",\"position\":2,\"name\":\"Boutique\",\"item\":\"https:\/\/www.fahrschultheorie.ch\/fr\/boutique\/\"},{\"@type\":\"ListItem\",\"position\":3,\"name\":\"Disque de stationnement avec fonction gratte-glace\"}]},{\"@type\":\"WebSite\",\"@id\":\"https:\/\/www.fahrschultheorie.ch\/fr\/#website\",\"url\":\"https:\/\/www.fahrschultheorie.ch\/fr\/\",\"name\":\"www.fahrschultheorie.ch\",\"description\":\"Der gr\u00f6sste Fahrschulshop der Schweiz\",\"potentialAction\":[{\"@type\":\"SearchAction\",\"target\":{\"@type\":\"EntryPoint\",\"urlTemplate\":\"https:\/\/www.fahrschultheorie.ch\/fr\/?s={search_term_string}\"},\"query-input\":\"required name=search_term_string\"}],\"inLanguage\":\"fr-FR\"}]}<\/script>\n<meta property=\"product:price:amount\" content=\"2.90\" \/>\n<meta property=\"product:price:currency\" content=\"CHF\" \/>\n<meta property=\"og:availability\" content=\"out of stock\" \/>\n<meta property=\"product:availability\" content=\"out of stock\" \/>\n<meta property=\"product:retailer_item_id\" content=\"4010126188670\" \/>\n<meta property=\"product:condition\" content=\"new\" \/>\n<!-- \/ Yoast SEO plugin. -->","yoast_head_json":{"title":"Disque de stationnement avec fonction gratte-glace - www.fahrschultheorie.ch","description":"Avec ce disque de stationnement, vous avez \u00e9galement un grattoir \u00e0 glace dans votre voiture, en plastique robuste avec ar\u00eate de raclage, forme ergonomique","robots":{"index":"index","follow":"follow","max-snippet":"max-snippet:-1","max-image-preview":"max-image-preview:large","max-video-preview":"max-video-preview:-1"},"canonical":"https:\/\/www.fahrschultheorie.ch\/fr\/produit\/disque-de-stationnement-avec-fonction-gratte-glace\/","og_locale":"fr_FR","og_type":"article","og_title":"Disque de stationnement avec fonction gratte-glace - www.fahrschultheorie.ch","og_description":"Avec ce disque de stationnement, vous avez \u00e9galement un grattoir \u00e0 glace dans votre voiture, en plastique robuste avec ar\u00eate de raclage, forme ergonomique","og_url":"https:\/\/www.fahrschultheorie.ch\/fr\/produit\/disque-de-stationnement-avec-fonction-gratte-glace\/","og_site_name":"www.fahrschultheorie.ch","article_modified_time":"2025-11-15T16:47:10+00:00","og_image":[{"width":1000,"height":1000,"url":"https:\/\/www.fahrschultheorie.ch\/wp-content\/uploads\/2023\/11\/Eiskratzer-Parkscheibe.png","type":"image\/png"}],"twitter_card":"summary_large_image","twitter_misc":{"Prix":"&#67;&#72;&#70;2.90","Availability":"Out of stock"},"schema":{"@context":"https:\/\/schema.org","@graph":[{"@type":"WebPage","@id":"https:\/\/www.fahrschultheorie.ch\/fr\/produit\/disque-de-stationnement-avec-fonction-gratte-glace\/","url":"https:\/\/www.fahrschultheorie.ch\/fr\/produit\/disque-de-stationnement-avec-fonction-gratte-glace\/","name":"Disque de stationnement avec fonction gratte-glace - www.fahrschultheorie.ch","isPartOf":{"@id":"https:\/\/www.fahrschultheorie.ch\/fr\/#website"},"datePublished":"2023-11-07T07:56:53+00:00","dateModified":"2025-11-15T16:47:10+00:00","description":"Avec ce disque de stationnement, vous avez \u00e9galement un grattoir \u00e0 glace dans votre voiture, en plastique robuste avec ar\u00eate de raclage, forme ergonomique","breadcrumb":{"@id":"https:\/\/www.fahrschultheorie.ch\/fr\/produit\/disque-de-stationnement-avec-fonction-gratte-glace\/#breadcrumb"},"inLanguage":"fr-FR","potentialAction":[{"@type":"ReadAction","target":["https:\/\/www.fahrschultheorie.ch\/fr\/produit\/disque-de-stationnement-avec-fonction-gratte-glace\/"]}]},{"@type":"BreadcrumbList","@id":"https:\/\/www.fahrschultheorie.ch\/fr\/produit\/disque-de-stationnement-avec-fonction-gratte-glace\/#breadcrumb","itemListElement":[{"@type":"ListItem","position":1,"name":"Startseite","item":"https:\/\/www.fahrschultheorie.ch\/fr\/"},{"@type":"ListItem","position":2,"name":"Boutique","item":"https:\/\/www.fahrschultheorie.ch\/fr\/boutique\/"},{"@type":"ListItem","position":3,"name":"Disque de stationnement avec fonction gratte-glace"}]},{"@type":"WebSite","@id":"https:\/\/www.fahrschultheorie.ch\/fr\/#website","url":"https:\/\/www.fahrschultheorie.ch\/fr\/","name":"www.fahrschultheorie.ch","description":"Der gr\u00f6sste Fahrschulshop der Schweiz","potentialAction":[{"@type":"SearchAction","target":{"@type":"EntryPoint","urlTemplate":"https:\/\/www.fahrschultheorie.ch\/fr\/?s={search_term_string}"},"query-input":"required name=search_term_string"}],"inLanguage":"fr-FR"}]},"product_price_amount":"2.90","product_price_currency":"CHF","og_availability":"out of stock","product_availability":"out of stock","product_retailer_item_id":"4010126188670","product_condition":"new"},"_links":{"self":[{"href":"https:\/\/www.fahrschultheorie.ch\/fr\/wp-json\/wp\/v2\/product\/13398"}],"collection":[{"href":"https:\/\/www.fahrschultheorie.ch\/fr\/wp-json\/wp\/v2\/product"}],"about":[{"href":"https:\/\/www.fahrschultheorie.ch\/fr\/wp-json\/wp\/v2\/types\/product"}],"wp:featuredmedia":[{"embeddable":true,"href":"https:\/\/www.fahrschultheorie.ch\/fr\/wp-json\/wp\/v2\/media\/13401"}],"wp:attachment":[{"href":"https:\/\/www.fahrschultheorie.ch\/fr\/wp-json\/wp\/v2\/media?parent=13398"}],"wp:term":[{"taxonomy":"product_cat","embeddable":true,"href":"https:\/\/www.fahrschultheorie.ch\/fr\/wp-json\/wp\/v2\/product_cat?post=13398"},{"taxonomy":"product_tag","embeddable":true,"href":"https:\/\/www.fahrschultheorie.ch\/fr\/wp-json\/wp\/v2\/product_tag?post=13398"}],"curies":[{"name":"wp","href":"https:\/\/api.w.org\/{rel}","templated":true}]}}