{"id":14566,"date":"2024-03-18T18:00:27","date_gmt":"2024-03-18T16:00:28","guid":{"rendered":"https:\/\/www.fahrschultheorie.ch\/?post_type=product&#038;p=14566"},"modified":"2024-03-18T18:15:10","modified_gmt":"2024-03-18T16:15:10","slug":"creer-immediatement-un-acces-en-ligne-365-jours-pour-cyclomoteur-tracteur-sur-theorie24-ch","status":"publish","type":"product","link":"https:\/\/www.fahrschultheorie.ch\/fr\/produit\/creer-immediatement-un-acces-en-ligne-365-jours-pour-cyclomoteur-tracteur-sur-theorie24-ch\/","title":{"rendered":"Cr\u00e9er imm\u00e9diatement un acc\u00e8s en ligne 365 jours pour cyclomoteur\/tracteur sur theorie24.ch"},"content":{"rendered":"<p class=\"pagetitle\"><strong>Logiciel d&rsquo;apprentissage en ligne pour l&rsquo;examen th\u00e9orique cat. F\/G, M<\/strong><\/p>\n<p>Le programme interactif d&rsquo;apprentissage th\u00e9orique sur toutes les plates-formes contient les questions officielles des services des automobiles.<\/p>\n<p><strong>Apprendre le matin sur le t\u00e9l\u00e9phone, la journ\u00e9e sur l\u2019ordinateur et le soir sur la tablette <\/strong><\/p>\n<p><strong><u>Contenu :<\/u><\/strong><\/p>\n<ul>\n<li>Access en ligne pendant 365 jours \u2013 apprendre flexiblement sur diff\u00e9rents appareils<strong>\u00a0(aucune limitation)<\/strong><\/li>\n<li>Pour les cat\u00e9gories : Cyclomoteur, tracteur (F\/G,M)<\/li>\n<li><strong>Mode test officiel\u00a0: Simulation de l\u2019examen th\u00e9orique comme au service des automobiles<\/strong><\/li>\n<li>Pratiquer toutes les questions individuellement ou les questions par theme<\/li>\n<li><strong>Possibilit\u00e9 de choisir l\u2019affichage entre les questions d\u2019examen asa originales et toutes les questions (y compris les questions d\u2019exercice suppl\u00e9mentaires cr\u00e9\u00e9es en collaboration avec un sp\u00e9cialiste)<\/strong><\/li>\n<li>Entra\u00eener individuellement les questions auxquelles on a mal r\u00e9pondu, marquer les questions et apprendre de mani\u00e8re cibl\u00e9e<\/li>\n<li><strong>Game Mode \u2013 apprendre la th\u00e9orie de fa\u00e7on ludique<\/strong><\/li>\n<li>Tout comprendre : R\u00e9ponses et explications pour chaque question<\/li>\n<li><strong>Fonction de lecture \u00e0 haute voix<\/strong>\u00a0du texte pour faciliter l\u2019apprentissage et la lecture<\/li>\n<li>Suivi de l\u2019apprentissage\u00a0: Pour une r\u00e9ussite rapide de l\u2019examen<\/li>\n<li><strong>3 Langues :<\/strong> Allemand, Fran\u00e7ais, Italien (cat. F\/G,M)<\/li>\n<\/ul>\n","protected":false},"excerpt":{"rendered":"<p class=\"pagetitle\"><strong>Logiciel d&rsquo;apprentissage en ligne pour l&rsquo;examen th\u00e9orique cat. B, A, A1 ou F\/G, M<\/strong><\/p>\n<p>Le programme interactif d&rsquo;apprentissage th\u00e9orique sur toutes les plates-formes contient les questions officielles des services des automobiles.<\/p>\n<p><strong>Apprendre le matin sur le t\u00e9l\u00e9phone, la journ\u00e9e sur l\u2019ordinateur et le soir sur la tablette<\/strong><\/p>\n","protected":false},"featured_media":14572,"template":"","meta":[],"product_cat":[74,78,77],"product_tag":[],"class_list":{"0":"post-14566","1":"product","2":"type-product","3":"status-publish","4":"has-post-thumbnail","6":"product_cat-apprendre-la-theorie","7":"product_cat-cyclomoteur-categorie-m","8":"product_cat-vehicule-agricole-categorie-f-g","9":"pa_medium-en-ligne-sur-tous-les-appareils","11":"first","12":"instock","13":"taxable","14":"shipping-taxable","15":"product-type-external"},"yoast_head":"<!-- This site is optimized with the Yoast SEO plugin v21.8 - https:\/\/yoast.com\/wordpress\/plugins\/seo\/ -->\n<title>Cr\u00e9er imm\u00e9diatement un acc\u00e8s en ligne 365 jours pour cyclomoteur\/tracteur sur theorie24.ch - www.fahrschultheorie.ch<\/title>\n<meta name=\"description\" content=\"Apprendre la th\u00e9orie pour l&#039;examen th\u00e9orique officiel avec les questions originales des services des automobiles: flexibilit\u00e9 d&#039;apprentissage sur tous les appareils\" \/>\n<meta name=\"robots\" content=\"index, follow, max-snippet:-1, max-image-preview:large, max-video-preview:-1\" \/>\n<link rel=\"canonical\" href=\"https:\/\/www.fahrschultheorie.ch\/fr\/produit\/creer-immediatement-un-acces-en-ligne-365-jours-pour-cyclomoteur-tracteur-sur-theorie24-ch\/\" \/>\n<meta property=\"og:locale\" content=\"fr_FR\" \/>\n<meta property=\"og:type\" content=\"article\" \/>\n<meta property=\"og:title\" content=\"Cr\u00e9er imm\u00e9diatement un acc\u00e8s en ligne 365 jours pour cyclomoteur\/tracteur sur theorie24.ch - www.fahrschultheorie.ch\" \/>\n<meta property=\"og:description\" content=\"Apprendre la th\u00e9orie pour l&#039;examen th\u00e9orique officiel avec les questions originales des services des automobiles: flexibilit\u00e9 d&#039;apprentissage sur tous les appareils\" \/>\n<meta property=\"og:url\" content=\"https:\/\/www.fahrschultheorie.ch\/fr\/produit\/creer-immediatement-un-acces-en-ligne-365-jours-pour-cyclomoteur-tracteur-sur-theorie24-ch\/\" \/>\n<meta property=\"og:site_name\" content=\"www.fahrschultheorie.ch\" \/>\n<meta property=\"article:modified_time\" content=\"2024-03-18T16:15:10+00:00\" \/>\n<meta property=\"og:image\" content=\"https:\/\/www.fahrschultheorie.ch\/wp-content\/uploads\/2024\/03\/image_2024_03_14T13_06_29_799Z.png\" \/>\n\t<meta property=\"og:image:width\" content=\"1000\" \/>\n\t<meta property=\"og:image:height\" content=\"1000\" \/>\n\t<meta property=\"og:image:type\" content=\"image\/png\" \/>\n<meta name=\"twitter:card\" content=\"summary_large_image\" \/>\n<meta name=\"twitter:label1\" content=\"Prix\" \/>\n\t<meta name=\"twitter:data1\" content=\"&#67;&#72;&#70;14.00\" \/>\n\t<meta name=\"twitter:label2\" content=\"Availability\" \/>\n\t<meta name=\"twitter:data2\" content=\"In stock\" \/>\n<script type=\"application\/ld+json\" class=\"yoast-schema-graph\">{\"@context\":\"https:\/\/schema.org\",\"@graph\":[{\"@type\":\"WebPage\",\"@id\":\"https:\/\/www.fahrschultheorie.ch\/fr\/produit\/creer-immediatement-un-acces-en-ligne-365-jours-pour-cyclomoteur-tracteur-sur-theorie24-ch\/\",\"url\":\"https:\/\/www.fahrschultheorie.ch\/fr\/produit\/creer-immediatement-un-acces-en-ligne-365-jours-pour-cyclomoteur-tracteur-sur-theorie24-ch\/\",\"name\":\"Cr\u00e9er imm\u00e9diatement un acc\u00e8s en ligne 365 jours pour cyclomoteur\/tracteur sur theorie24.ch - www.fahrschultheorie.ch\",\"isPartOf\":{\"@id\":\"https:\/\/www.fahrschultheorie.ch\/fr\/#website\"},\"datePublished\":\"2024-03-18T16:00:28+00:00\",\"dateModified\":\"2024-03-18T16:15:10+00:00\",\"description\":\"Apprendre la th\u00e9orie pour l'examen th\u00e9orique officiel avec les questions originales des services des automobiles: flexibilit\u00e9 d'apprentissage sur tous les appareils\",\"breadcrumb\":{\"@id\":\"https:\/\/www.fahrschultheorie.ch\/fr\/produit\/creer-immediatement-un-acces-en-ligne-365-jours-pour-cyclomoteur-tracteur-sur-theorie24-ch\/#breadcrumb\"},\"inLanguage\":\"fr-FR\",\"potentialAction\":[{\"@type\":\"ReadAction\",\"target\":[\"https:\/\/www.fahrschultheorie.ch\/fr\/produit\/creer-immediatement-un-acces-en-ligne-365-jours-pour-cyclomoteur-tracteur-sur-theorie24-ch\/\"]}]},{\"@type\":\"BreadcrumbList\",\"@id\":\"https:\/\/www.fahrschultheorie.ch\/fr\/produit\/creer-immediatement-un-acces-en-ligne-365-jours-pour-cyclomoteur-tracteur-sur-theorie24-ch\/#breadcrumb\",\"itemListElement\":[{\"@type\":\"ListItem\",\"position\":1,\"name\":\"Startseite\",\"item\":\"https:\/\/www.fahrschultheorie.ch\/fr\/\"},{\"@type\":\"ListItem\",\"position\":2,\"name\":\"Boutique\",\"item\":\"https:\/\/www.fahrschultheorie.ch\/fr\/boutique\/\"},{\"@type\":\"ListItem\",\"position\":3,\"name\":\"Cr\u00e9er imm\u00e9diatement un acc\u00e8s en ligne 365 jours pour cyclomoteur\/tracteur sur theorie24.ch\"}]},{\"@type\":\"WebSite\",\"@id\":\"https:\/\/www.fahrschultheorie.ch\/fr\/#website\",\"url\":\"https:\/\/www.fahrschultheorie.ch\/fr\/\",\"name\":\"www.fahrschultheorie.ch\",\"description\":\"Der gr\u00f6sste Fahrschulshop der Schweiz\",\"potentialAction\":[{\"@type\":\"SearchAction\",\"target\":{\"@type\":\"EntryPoint\",\"urlTemplate\":\"https:\/\/www.fahrschultheorie.ch\/fr\/?s={search_term_string}\"},\"query-input\":\"required name=search_term_string\"}],\"inLanguage\":\"fr-FR\"}]}<\/script>\n<meta property=\"product:brand\" content=\"En ligne (sur tous les appareils)\" \/>\n<meta property=\"product:price:amount\" content=\"14.00\" \/>\n<meta property=\"product:price:currency\" content=\"CHF\" \/>\n<meta property=\"og:availability\" content=\"instock\" \/>\n<meta property=\"product:availability\" content=\"instock\" \/>\n<meta property=\"product:condition\" content=\"new\" \/>\n<!-- \/ Yoast SEO plugin. -->","yoast_head_json":{"title":"Cr\u00e9er imm\u00e9diatement un acc\u00e8s en ligne 365 jours pour cyclomoteur\/tracteur sur theorie24.ch - www.fahrschultheorie.ch","description":"Apprendre la th\u00e9orie pour l'examen th\u00e9orique officiel avec les questions originales des services des automobiles: flexibilit\u00e9 d'apprentissage sur tous les appareils","robots":{"index":"index","follow":"follow","max-snippet":"max-snippet:-1","max-image-preview":"max-image-preview:large","max-video-preview":"max-video-preview:-1"},"canonical":"https:\/\/www.fahrschultheorie.ch\/fr\/produit\/creer-immediatement-un-acces-en-ligne-365-jours-pour-cyclomoteur-tracteur-sur-theorie24-ch\/","og_locale":"fr_FR","og_type":"article","og_title":"Cr\u00e9er imm\u00e9diatement un acc\u00e8s en ligne 365 jours pour cyclomoteur\/tracteur sur theorie24.ch - www.fahrschultheorie.ch","og_description":"Apprendre la th\u00e9orie pour l'examen th\u00e9orique officiel avec les questions originales des services des automobiles: flexibilit\u00e9 d'apprentissage sur tous les appareils","og_url":"https:\/\/www.fahrschultheorie.ch\/fr\/produit\/creer-immediatement-un-acces-en-ligne-365-jours-pour-cyclomoteur-tracteur-sur-theorie24-ch\/","og_site_name":"www.fahrschultheorie.ch","article_modified_time":"2024-03-18T16:15:10+00:00","og_image":[{"width":1000,"height":1000,"url":"https:\/\/www.fahrschultheorie.ch\/wp-content\/uploads\/2024\/03\/image_2024_03_14T13_06_29_799Z.png","type":"image\/png"}],"twitter_card":"summary_large_image","twitter_misc":{"Prix":"&#67;&#72;&#70;14.00","Availability":"In stock"},"schema":{"@context":"https:\/\/schema.org","@graph":[{"@type":"WebPage","@id":"https:\/\/www.fahrschultheorie.ch\/fr\/produit\/creer-immediatement-un-acces-en-ligne-365-jours-pour-cyclomoteur-tracteur-sur-theorie24-ch\/","url":"https:\/\/www.fahrschultheorie.ch\/fr\/produit\/creer-immediatement-un-acces-en-ligne-365-jours-pour-cyclomoteur-tracteur-sur-theorie24-ch\/","name":"Cr\u00e9er imm\u00e9diatement un acc\u00e8s en ligne 365 jours pour cyclomoteur\/tracteur sur theorie24.ch - www.fahrschultheorie.ch","isPartOf":{"@id":"https:\/\/www.fahrschultheorie.ch\/fr\/#website"},"datePublished":"2024-03-18T16:00:28+00:00","dateModified":"2024-03-18T16:15:10+00:00","description":"Apprendre la th\u00e9orie pour l'examen th\u00e9orique officiel avec les questions originales des services des automobiles: flexibilit\u00e9 d'apprentissage sur tous les appareils","breadcrumb":{"@id":"https:\/\/www.fahrschultheorie.ch\/fr\/produit\/creer-immediatement-un-acces-en-ligne-365-jours-pour-cyclomoteur-tracteur-sur-theorie24-ch\/#breadcrumb"},"inLanguage":"fr-FR","potentialAction":[{"@type":"ReadAction","target":["https:\/\/www.fahrschultheorie.ch\/fr\/produit\/creer-immediatement-un-acces-en-ligne-365-jours-pour-cyclomoteur-tracteur-sur-theorie24-ch\/"]}]},{"@type":"BreadcrumbList","@id":"https:\/\/www.fahrschultheorie.ch\/fr\/produit\/creer-immediatement-un-acces-en-ligne-365-jours-pour-cyclomoteur-tracteur-sur-theorie24-ch\/#breadcrumb","itemListElement":[{"@type":"ListItem","position":1,"name":"Startseite","item":"https:\/\/www.fahrschultheorie.ch\/fr\/"},{"@type":"ListItem","position":2,"name":"Boutique","item":"https:\/\/www.fahrschultheorie.ch\/fr\/boutique\/"},{"@type":"ListItem","position":3,"name":"Cr\u00e9er imm\u00e9diatement un acc\u00e8s en ligne 365 jours pour cyclomoteur\/tracteur sur theorie24.ch"}]},{"@type":"WebSite","@id":"https:\/\/www.fahrschultheorie.ch\/fr\/#website","url":"https:\/\/www.fahrschultheorie.ch\/fr\/","name":"www.fahrschultheorie.ch","description":"Der gr\u00f6sste Fahrschulshop der Schweiz","potentialAction":[{"@type":"SearchAction","target":{"@type":"EntryPoint","urlTemplate":"https:\/\/www.fahrschultheorie.ch\/fr\/?s={search_term_string}"},"query-input":"required name=search_term_string"}],"inLanguage":"fr-FR"}]},"product_brand":"En ligne (sur tous les appareils)","product_price_amount":"14.00","product_price_currency":"CHF","og_availability":"instock","product_availability":"instock","product_condition":"new"},"_links":{"self":[{"href":"https:\/\/www.fahrschultheorie.ch\/fr\/wp-json\/wp\/v2\/product\/14566"}],"collection":[{"href":"https:\/\/www.fahrschultheorie.ch\/fr\/wp-json\/wp\/v2\/product"}],"about":[{"href":"https:\/\/www.fahrschultheorie.ch\/fr\/wp-json\/wp\/v2\/types\/product"}],"wp:featuredmedia":[{"embeddable":true,"href":"https:\/\/www.fahrschultheorie.ch\/fr\/wp-json\/wp\/v2\/media\/14572"}],"wp:attachment":[{"href":"https:\/\/www.fahrschultheorie.ch\/fr\/wp-json\/wp\/v2\/media?parent=14566"}],"wp:term":[{"taxonomy":"product_cat","embeddable":true,"href":"https:\/\/www.fahrschultheorie.ch\/fr\/wp-json\/wp\/v2\/product_cat?post=14566"},{"taxonomy":"product_tag","embeddable":true,"href":"https:\/\/www.fahrschultheorie.ch\/fr\/wp-json\/wp\/v2\/product_tag?post=14566"}],"curies":[{"name":"wp","href":"https:\/\/api.w.org\/{rel}","templated":true}]}}