{"id":17302,"date":"2025-07-15T17:07:31","date_gmt":"2025-07-15T15:07:31","guid":{"rendered":"https:\/\/www.fahrschultheorie.ch\/product\/lot-de-5-cles-usb-4-go-destockage\/"},"modified":"2025-07-15T17:07:31","modified_gmt":"2025-07-15T15:07:31","slug":"lot-de-5-cles-usb-4-go-destockage","status":"publish","type":"product","link":"https:\/\/www.fahrschultheorie.ch\/fr\/produit\/lot-de-5-cles-usb-4-go-destockage\/","title":{"rendered":"Lot de 5 cl\u00e9s USB 4 Go (d\u00e9stockage)"},"content":{"rendered":"<p>Nos cl\u00e9s USB 4 Go \u00e9prouv\u00e9es sont id\u00e9ales pour stocker des documents, des photos ou de la musique de mani\u00e8re s\u00fbre et compacte \u2013 fiables, pratiques et imm\u00e9diatement pr\u00eates \u00e0 l&#8217;emploi.<\/p>\n<p><strong>Pourquoi en profiter maintenant ?<\/strong><br \/>\nNous liquidons notre stock et vous proposons ces cl\u00e9s USB \u00e0 un prix imbattable. Parfaites pour un usage quotidien ou comme m\u00e9moire de sauvegarde bon march\u00e9.<\/p>\n<p><strong>Points forts :<\/strong><\/p>\n<ul>\n<li>Capacit\u00e9 : 4 Go<\/li>\n<li>Compactes et l\u00e9g\u00e8res<\/li>\n<li>Plug &amp; Play \u2013 compatibles avec Windows, Mac et Linux<\/li>\n<li>Robustes et durables<\/li>\n<li>Id\u00e9ales pour un usage priv\u00e9 et professionnel<\/li>\n<\/ul>\n<p><strong>Offre :<\/strong><br \/>\nDisponibles en lot pratique de 5.<\/p>\n","protected":false},"excerpt":{"rendered":"<p>Nos cl\u00e9s USB 4 Go \u00e9prouv\u00e9es sont id\u00e9ales pour stocker des documents, des photos ou de la musique de mani\u00e8re s\u00fbre et compacte \u2013 fiables, pratiques et imm\u00e9diatement pr\u00eates \u00e0 l&#8217;emploi. Pourquoi en profiter maintenant ? Nous liquidons notre stock et vous proposons ces cl\u00e9s USB \u00e0 un prix imbattable. Parfaites pour un usage quotidien ou comme m\u00e9moire de sauvegarde [&hellip;]<\/p>\n","protected":false},"featured_media":17188,"template":"","meta":[],"product_cat":[74,75,76,78,77,93,167],"product_tag":[],"class_list":{"0":"post-17302","1":"product","2":"type-product","3":"status-publish","4":"has-post-thumbnail","6":"product_cat-apprendre-la-theorie","7":"product_cat-voiture-categorie-b","8":"product_cat-moto-categorie-aa1","9":"product_cat-cyclomoteur-categorie-m","10":"product_cat-vehicule-agricole-categorie-f-g","11":"product_cat-rafraichir-les-connaissances","12":"product_cat-accessoires","14":"first","15":"instock","16":"taxable","17":"shipping-taxable","18":"purchasable","19":"product-type-simple"},"yoast_head":"<!-- This site is optimized with the Yoast SEO plugin v21.8 - https:\/\/yoast.com\/wordpress\/plugins\/seo\/ -->\n<title>Lot de 5 cl\u00e9s USB 4 Go (d\u00e9stockage) - www.fahrschultheorie.ch<\/title>\n<meta name=\"description\" content=\"Lot de 5 cl\u00e9s USB 4 Go (d\u00e9stockage)\" \/>\n<meta name=\"robots\" content=\"index, follow, max-snippet:-1, max-image-preview:large, max-video-preview:-1\" \/>\n<link rel=\"canonical\" href=\"https:\/\/www.fahrschultheorie.ch\/fr\/produit\/lot-de-5-cles-usb-4-go-destockage\/\" \/>\n<meta property=\"og:locale\" content=\"fr_FR\" \/>\n<meta property=\"og:type\" content=\"article\" \/>\n<meta property=\"og:title\" content=\"Lot de 5 cl\u00e9s USB 4 Go (d\u00e9stockage) - www.fahrschultheorie.ch\" \/>\n<meta property=\"og:description\" content=\"Lot de 5 cl\u00e9s USB 4 Go (d\u00e9stockage)\" \/>\n<meta property=\"og:url\" content=\"https:\/\/www.fahrschultheorie.ch\/fr\/produit\/lot-de-5-cles-usb-4-go-destockage\/\" \/>\n<meta property=\"og:site_name\" content=\"www.fahrschultheorie.ch\" \/>\n<meta property=\"og:image\" content=\"https:\/\/www.fahrschultheorie.ch\/wp-content\/uploads\/2025\/07\/IMG_0195-bearbeitet-bearbeitet-bearbeitet-scaled.jpg\" \/>\n\t<meta property=\"og:image:width\" content=\"2560\" \/>\n\t<meta property=\"og:image:height\" content=\"1631\" \/>\n\t<meta property=\"og:image:type\" content=\"image\/jpeg\" \/>\n<meta name=\"twitter:card\" content=\"summary_large_image\" \/>\n<meta name=\"twitter:label1\" content=\"Prix\" \/>\n\t<meta name=\"twitter:data1\" content=\"&#67;&#72;&#70;12.50\" \/>\n\t<meta name=\"twitter:label2\" content=\"Availability\" \/>\n\t<meta name=\"twitter:data2\" content=\"In stock\" \/>\n<script type=\"application\/ld+json\" class=\"yoast-schema-graph\">{\"@context\":\"https:\/\/schema.org\",\"@graph\":[{\"@type\":\"WebPage\",\"@id\":\"https:\/\/www.fahrschultheorie.ch\/fr\/produit\/lot-de-5-cles-usb-4-go-destockage\/\",\"url\":\"https:\/\/www.fahrschultheorie.ch\/fr\/produit\/lot-de-5-cles-usb-4-go-destockage\/\",\"name\":\"Lot de 5 cl\u00e9s USB 4 Go (d\u00e9stockage) - www.fahrschultheorie.ch\",\"isPartOf\":{\"@id\":\"https:\/\/www.fahrschultheorie.ch\/fr\/#website\"},\"datePublished\":\"2025-07-15T15:07:31+00:00\",\"dateModified\":\"2025-07-15T15:07:31+00:00\",\"description\":\"Lot de 5 cl\u00e9s USB 4 Go (d\u00e9stockage)\",\"breadcrumb\":{\"@id\":\"https:\/\/www.fahrschultheorie.ch\/fr\/produit\/lot-de-5-cles-usb-4-go-destockage\/#breadcrumb\"},\"inLanguage\":\"fr-FR\",\"potentialAction\":[{\"@type\":\"ReadAction\",\"target\":[\"https:\/\/www.fahrschultheorie.ch\/fr\/produit\/lot-de-5-cles-usb-4-go-destockage\/\"]}]},{\"@type\":\"BreadcrumbList\",\"@id\":\"https:\/\/www.fahrschultheorie.ch\/fr\/produit\/lot-de-5-cles-usb-4-go-destockage\/#breadcrumb\",\"itemListElement\":[{\"@type\":\"ListItem\",\"position\":1,\"name\":\"Startseite\",\"item\":\"https:\/\/www.fahrschultheorie.ch\/fr\/\"},{\"@type\":\"ListItem\",\"position\":2,\"name\":\"Boutique\",\"item\":\"https:\/\/www.fahrschultheorie.ch\/fr\/boutique\/\"},{\"@type\":\"ListItem\",\"position\":3,\"name\":\"Lot de 5 cl\u00e9s USB 4 Go (d\u00e9stockage)\"}]},{\"@type\":\"WebSite\",\"@id\":\"https:\/\/www.fahrschultheorie.ch\/fr\/#website\",\"url\":\"https:\/\/www.fahrschultheorie.ch\/fr\/\",\"name\":\"www.fahrschultheorie.ch\",\"description\":\"Der gr\u00f6sste Fahrschulshop der Schweiz\",\"potentialAction\":[{\"@type\":\"SearchAction\",\"target\":{\"@type\":\"EntryPoint\",\"urlTemplate\":\"https:\/\/www.fahrschultheorie.ch\/fr\/?s={search_term_string}\"},\"query-input\":\"required name=search_term_string\"}],\"inLanguage\":\"fr-FR\"}]}<\/script>\n<meta property=\"product:price:amount\" content=\"12.50\" \/>\n<meta property=\"product:price:currency\" content=\"CHF\" \/>\n<meta property=\"og:availability\" content=\"instock\" \/>\n<meta property=\"product:availability\" content=\"instock\" \/>\n<meta property=\"product:condition\" content=\"new\" \/>\n<!-- \/ Yoast SEO plugin. -->","yoast_head_json":{"title":"Lot de 5 cl\u00e9s USB 4 Go (d\u00e9stockage) - www.fahrschultheorie.ch","description":"Lot de 5 cl\u00e9s USB 4 Go (d\u00e9stockage)","robots":{"index":"index","follow":"follow","max-snippet":"max-snippet:-1","max-image-preview":"max-image-preview:large","max-video-preview":"max-video-preview:-1"},"canonical":"https:\/\/www.fahrschultheorie.ch\/fr\/produit\/lot-de-5-cles-usb-4-go-destockage\/","og_locale":"fr_FR","og_type":"article","og_title":"Lot de 5 cl\u00e9s USB 4 Go (d\u00e9stockage) - www.fahrschultheorie.ch","og_description":"Lot de 5 cl\u00e9s USB 4 Go (d\u00e9stockage)","og_url":"https:\/\/www.fahrschultheorie.ch\/fr\/produit\/lot-de-5-cles-usb-4-go-destockage\/","og_site_name":"www.fahrschultheorie.ch","og_image":[{"width":2560,"height":1631,"url":"https:\/\/www.fahrschultheorie.ch\/wp-content\/uploads\/2025\/07\/IMG_0195-bearbeitet-bearbeitet-bearbeitet-scaled.jpg","type":"image\/jpeg"}],"twitter_card":"summary_large_image","twitter_misc":{"Prix":"&#67;&#72;&#70;12.50","Availability":"In stock"},"schema":{"@context":"https:\/\/schema.org","@graph":[{"@type":"WebPage","@id":"https:\/\/www.fahrschultheorie.ch\/fr\/produit\/lot-de-5-cles-usb-4-go-destockage\/","url":"https:\/\/www.fahrschultheorie.ch\/fr\/produit\/lot-de-5-cles-usb-4-go-destockage\/","name":"Lot de 5 cl\u00e9s USB 4 Go (d\u00e9stockage) - www.fahrschultheorie.ch","isPartOf":{"@id":"https:\/\/www.fahrschultheorie.ch\/fr\/#website"},"datePublished":"2025-07-15T15:07:31+00:00","dateModified":"2025-07-15T15:07:31+00:00","description":"Lot de 5 cl\u00e9s USB 4 Go (d\u00e9stockage)","breadcrumb":{"@id":"https:\/\/www.fahrschultheorie.ch\/fr\/produit\/lot-de-5-cles-usb-4-go-destockage\/#breadcrumb"},"inLanguage":"fr-FR","potentialAction":[{"@type":"ReadAction","target":["https:\/\/www.fahrschultheorie.ch\/fr\/produit\/lot-de-5-cles-usb-4-go-destockage\/"]}]},{"@type":"BreadcrumbList","@id":"https:\/\/www.fahrschultheorie.ch\/fr\/produit\/lot-de-5-cles-usb-4-go-destockage\/#breadcrumb","itemListElement":[{"@type":"ListItem","position":1,"name":"Startseite","item":"https:\/\/www.fahrschultheorie.ch\/fr\/"},{"@type":"ListItem","position":2,"name":"Boutique","item":"https:\/\/www.fahrschultheorie.ch\/fr\/boutique\/"},{"@type":"ListItem","position":3,"name":"Lot de 5 cl\u00e9s USB 4 Go (d\u00e9stockage)"}]},{"@type":"WebSite","@id":"https:\/\/www.fahrschultheorie.ch\/fr\/#website","url":"https:\/\/www.fahrschultheorie.ch\/fr\/","name":"www.fahrschultheorie.ch","description":"Der gr\u00f6sste Fahrschulshop der Schweiz","potentialAction":[{"@type":"SearchAction","target":{"@type":"EntryPoint","urlTemplate":"https:\/\/www.fahrschultheorie.ch\/fr\/?s={search_term_string}"},"query-input":"required name=search_term_string"}],"inLanguage":"fr-FR"}]},"product_price_amount":"12.50","product_price_currency":"CHF","og_availability":"instock","product_availability":"instock","product_condition":"new"},"_links":{"self":[{"href":"https:\/\/www.fahrschultheorie.ch\/fr\/wp-json\/wp\/v2\/product\/17302"}],"collection":[{"href":"https:\/\/www.fahrschultheorie.ch\/fr\/wp-json\/wp\/v2\/product"}],"about":[{"href":"https:\/\/www.fahrschultheorie.ch\/fr\/wp-json\/wp\/v2\/types\/product"}],"wp:featuredmedia":[{"embeddable":true,"href":"https:\/\/www.fahrschultheorie.ch\/fr\/wp-json\/wp\/v2\/media\/17188"}],"wp:attachment":[{"href":"https:\/\/www.fahrschultheorie.ch\/fr\/wp-json\/wp\/v2\/media?parent=17302"}],"wp:term":[{"taxonomy":"product_cat","embeddable":true,"href":"https:\/\/www.fahrschultheorie.ch\/fr\/wp-json\/wp\/v2\/product_cat?post=17302"},{"taxonomy":"product_tag","embeddable":true,"href":"https:\/\/www.fahrschultheorie.ch\/fr\/wp-json\/wp\/v2\/product_tag?post=17302"}],"curies":[{"name":"wp","href":"https:\/\/api.w.org\/{rel}","templated":true}]}}