{"id":17967,"date":"2026-02-18T10:54:13","date_gmt":"2026-02-18T08:54:13","guid":{"rendered":"https:\/\/www.fahrschultheorie.ch\/?post_type=product&#038;p=17967"},"modified":"2026-03-24T16:11:09","modified_gmt":"2026-03-24T14:11:09","slug":"carte-de-code-vip-access-theorie24-cat-oacp","status":"publish","type":"product","link":"https:\/\/www.fahrschultheorie.ch\/fr\/produit\/carte-de-code-vip-access-theorie24-cat-oacp\/","title":{"rendered":"Carte de code VIP Access theorie24 cat. OACP (C\/D)"},"content":{"rendered":"<h1>Carte de code d&rsquo;acc\u00e8s en ligne theorie24<\/h1>\n<p>Carte de code d&rsquo;acc\u00e8s en ligne interactif et multi-dispositifs pour l\u2019examen th\u00e9orique relatif \u00e0 l\u2019ordonnance r\u00e9glant l\u2019admission des chauffeurs (OACP)<\/p>\n<h4><u>Offre top:<\/u><\/h4>\n<ul>\n<li><strong>Questions proches de l\u2019examen: <\/strong>bas\u00e9es sur les questions officielles de l\u2019examen<\/li>\n<li><strong>Flexibilit\u00e9 maximale:<\/strong>\u00a0utiliser sur tous les appareils &#8211; application smartphone, ordinateur portable, ordinateur de bureau, tablette, etc.<\/li>\n<li><strong>Toujours compatible:<\/strong>\u00a0compatible avec tous les appareils, marques et types<\/li>\n<li><b>Aucune installation requise:<\/b> disponible en ligne partout<\/li>\n<\/ul>\n<h4><strong><u>Contenu du logiciel d&rsquo;apprentissage en ligne:<\/u><\/strong><\/h4>\n<ul>\n<li>Access en ligne pendant 365 jours \u2013 apprendre flexiblement sur diff\u00e9rents appareils<strong> (aucune limitation)<\/strong><\/li>\n<li><strong>4 Langues: Allemand, Fran\u00e7ais, Italien, Anglais<\/strong><\/li>\n<li><strong>Fonction de lecture \u00e0 haute voix<\/strong> du texte pour faciliter l\u2019apprentissage et la lecture<\/li>\n<li>Pour la cat\u00e9gorie OACP (l\u2019ordonnance r\u00e9glant l\u2019admission des chauffeurs)<\/li>\n<li><strong>Mode test officiel\u00a0: Simulation de l\u2019examen th\u00e9orique comme au service des automobiles<\/strong><\/li>\n<li><strong>Entra\u00eener individuellement les questions auxquelles on a mal r\u00e9pondu, marquer les questions et apprendre de mani\u00e8re cibl\u00e9e<\/strong><\/li>\n<li>Game Mode &#8211; apprendre la th\u00e9orie de fa\u00e7on ludique<\/li>\n<li>Tout comprendre : R\u00e9ponses pour chaque question<\/li>\n<li>Suivi de l\u2019apprentissage\u00a0: Pour une r\u00e9ussite rapide de l\u2019examen<\/li>\n<\/ul>\n<h4><strong><u>Configuration requise du logiciel d&rsquo;apprentissage en ligne<\/u><\/strong><strong><u>:<\/u><\/strong><\/h4>\n<ul>\n<li>Navigateur Internet ou application avec une connexion Internet active pour le login<\/li>\n<li>Connexion sur: <a href=\"https:\/\/pro.theorie24.ch\/fr\/\">pro.theorie24.ch<\/a><\/li>\n<\/ul>\n<p>Logiciel d&rsquo;apprentissage en ligne &#8211; Programme th\u00e9orique &#8211; Apprendre la th\u00e9orie &#8211; Examen th\u00e9orique -Examen th\u00e9orique OACP &#8211; Apprendre \u00e0 conduire &#8211; Permis de conduire<\/p>\n","protected":false},"excerpt":{"rendered":"<p><strong>Logiciel d&rsquo;apprentissage en ligne pour l&rsquo;examen th\u00e9orique<\/strong><\/p>\n<ul>\n<li>Access en ligne pendant 365 jours<\/li>\n<li>Pour la cat\u00e9gorie OACP (l\u2019ordonnance r\u00e9glant l\u2019admission des chauffeurs)<\/li>\n<\/ul>\n","protected":false},"featured_media":14710,"template":"","meta":[],"product_cat":[74,271],"product_tag":[],"class_list":{"0":"post-17967","1":"product","2":"type-product","3":"status-publish","4":"has-post-thumbnail","6":"product_cat-apprendre-la-theorie","7":"product_cat-ordonnance-reglant-l-admission-des-chauffeurs-cat-oacp","8":"product_shipping_class-courrier","10":"first","11":"instock","12":"taxable","13":"shipping-taxable","14":"purchasable","15":"product-type-simple"},"yoast_head":"<!-- This site is optimized with the Yoast SEO plugin v21.8 - https:\/\/yoast.com\/wordpress\/plugins\/seo\/ -->\n<title>Logiciel d\u2019apprentissage en ligne pour l&#039;examen th\u00e9orique \u00e0 l\u2019ordonnance r\u00e9glant l\u2019admission des chauffeurs<\/title>\n<meta name=\"description\" content=\"theorie24.ch logiciel d&#039;apprentissage en ligne pour l&#039;examen th\u00e9orique pour l\u2019ordonnance r\u00e9glant l\u2019admission des chauffeurs (OACP)\" \/>\n<meta name=\"robots\" content=\"index, follow, max-snippet:-1, max-image-preview:large, max-video-preview:-1\" \/>\n<link rel=\"canonical\" href=\"https:\/\/www.fahrschultheorie.ch\/fr\/produit\/carte-de-code-vip-access-theorie24-cat-oacp\/\" \/>\n<meta property=\"og:locale\" content=\"fr_FR\" \/>\n<meta property=\"og:type\" content=\"article\" \/>\n<meta property=\"og:title\" content=\"Logiciel d\u2019apprentissage en ligne pour l&#039;examen th\u00e9orique \u00e0 l\u2019ordonnance r\u00e9glant l\u2019admission des chauffeurs\" \/>\n<meta property=\"og:description\" content=\"theorie24.ch logiciel d&#039;apprentissage en ligne pour l&#039;examen th\u00e9orique pour l\u2019ordonnance r\u00e9glant l\u2019admission des chauffeurs (OACP)\" \/>\n<meta property=\"og:url\" content=\"https:\/\/www.fahrschultheorie.ch\/fr\/produit\/carte-de-code-vip-access-theorie24-cat-oacp\/\" \/>\n<meta property=\"og:site_name\" content=\"www.fahrschultheorie.ch\" \/>\n<meta property=\"article:modified_time\" content=\"2026-03-24T14:11:09+00:00\" \/>\n<meta property=\"og:image\" content=\"https:\/\/www.fahrschultheorie.ch\/wp-content\/uploads\/2022\/05\/VIP_Card_new_2024_1000x1000_Shop.jpg\" \/>\n\t<meta property=\"og:image:width\" content=\"1000\" \/>\n\t<meta property=\"og:image:height\" content=\"1000\" \/>\n\t<meta property=\"og:image:type\" content=\"image\/jpeg\" \/>\n<meta name=\"twitter:card\" content=\"summary_large_image\" \/>\n<meta name=\"twitter:label1\" content=\"Prix\" \/>\n\t<meta name=\"twitter:data1\" content=\"&#67;&#72;&#70;49.00\" \/>\n\t<meta name=\"twitter:label2\" content=\"Availability\" \/>\n\t<meta name=\"twitter:data2\" content=\"In stock\" \/>\n<script type=\"application\/ld+json\" class=\"yoast-schema-graph\">{\"@context\":\"https:\/\/schema.org\",\"@graph\":[{\"@type\":\"WebPage\",\"@id\":\"https:\/\/www.fahrschultheorie.ch\/fr\/produit\/carte-de-code-vip-access-theorie24-cat-oacp\/\",\"url\":\"https:\/\/www.fahrschultheorie.ch\/fr\/produit\/carte-de-code-vip-access-theorie24-cat-oacp\/\",\"name\":\"Logiciel d\u2019apprentissage en ligne pour l'examen th\u00e9orique \u00e0 l\u2019ordonnance r\u00e9glant l\u2019admission des chauffeurs\",\"isPartOf\":{\"@id\":\"https:\/\/www.fahrschultheorie.ch\/fr\/#website\"},\"datePublished\":\"2026-02-18T08:54:13+00:00\",\"dateModified\":\"2026-03-24T14:11:09+00:00\",\"description\":\"theorie24.ch logiciel d'apprentissage en ligne pour l'examen th\u00e9orique pour l\u2019ordonnance r\u00e9glant l\u2019admission des chauffeurs (OACP)\",\"breadcrumb\":{\"@id\":\"https:\/\/www.fahrschultheorie.ch\/fr\/produit\/carte-de-code-vip-access-theorie24-cat-oacp\/#breadcrumb\"},\"inLanguage\":\"fr-FR\",\"potentialAction\":[{\"@type\":\"ReadAction\",\"target\":[\"https:\/\/www.fahrschultheorie.ch\/fr\/produit\/carte-de-code-vip-access-theorie24-cat-oacp\/\"]}]},{\"@type\":\"BreadcrumbList\",\"@id\":\"https:\/\/www.fahrschultheorie.ch\/fr\/produit\/carte-de-code-vip-access-theorie24-cat-oacp\/#breadcrumb\",\"itemListElement\":[{\"@type\":\"ListItem\",\"position\":1,\"name\":\"Startseite\",\"item\":\"https:\/\/www.fahrschultheorie.ch\/fr\/\"},{\"@type\":\"ListItem\",\"position\":2,\"name\":\"Boutique\",\"item\":\"https:\/\/www.fahrschultheorie.ch\/fr\/boutique\/\"},{\"@type\":\"ListItem\",\"position\":3,\"name\":\"Carte de code VIP Access theorie24 cat. OACP (C\/D)\"}]},{\"@type\":\"WebSite\",\"@id\":\"https:\/\/www.fahrschultheorie.ch\/fr\/#website\",\"url\":\"https:\/\/www.fahrschultheorie.ch\/fr\/\",\"name\":\"www.fahrschultheorie.ch\",\"description\":\"Der gr\u00f6sste Fahrschulshop der Schweiz\",\"potentialAction\":[{\"@type\":\"SearchAction\",\"target\":{\"@type\":\"EntryPoint\",\"urlTemplate\":\"https:\/\/www.fahrschultheorie.ch\/fr\/?s={search_term_string}\"},\"query-input\":\"required name=search_term_string\"}],\"inLanguage\":\"fr-FR\"}]}<\/script>\n<meta property=\"product:price:amount\" content=\"49.00\" \/>\n<meta property=\"product:price:currency\" content=\"CHF\" \/>\n<meta property=\"og:availability\" content=\"instock\" \/>\n<meta property=\"product:availability\" content=\"instock\" \/>\n<meta property=\"product:condition\" content=\"new\" \/>\n<!-- \/ Yoast SEO plugin. -->","yoast_head_json":{"title":"Logiciel d\u2019apprentissage en ligne pour l'examen th\u00e9orique \u00e0 l\u2019ordonnance r\u00e9glant l\u2019admission des chauffeurs","description":"theorie24.ch logiciel d'apprentissage en ligne pour l'examen th\u00e9orique pour l\u2019ordonnance r\u00e9glant l\u2019admission des chauffeurs (OACP)","robots":{"index":"index","follow":"follow","max-snippet":"max-snippet:-1","max-image-preview":"max-image-preview:large","max-video-preview":"max-video-preview:-1"},"canonical":"https:\/\/www.fahrschultheorie.ch\/fr\/produit\/carte-de-code-vip-access-theorie24-cat-oacp\/","og_locale":"fr_FR","og_type":"article","og_title":"Logiciel d\u2019apprentissage en ligne pour l'examen th\u00e9orique \u00e0 l\u2019ordonnance r\u00e9glant l\u2019admission des chauffeurs","og_description":"theorie24.ch logiciel d'apprentissage en ligne pour l'examen th\u00e9orique pour l\u2019ordonnance r\u00e9glant l\u2019admission des chauffeurs (OACP)","og_url":"https:\/\/www.fahrschultheorie.ch\/fr\/produit\/carte-de-code-vip-access-theorie24-cat-oacp\/","og_site_name":"www.fahrschultheorie.ch","article_modified_time":"2026-03-24T14:11:09+00:00","og_image":[{"width":1000,"height":1000,"url":"https:\/\/www.fahrschultheorie.ch\/wp-content\/uploads\/2022\/05\/VIP_Card_new_2024_1000x1000_Shop.jpg","type":"image\/jpeg"}],"twitter_card":"summary_large_image","twitter_misc":{"Prix":"&#67;&#72;&#70;49.00","Availability":"In stock"},"schema":{"@context":"https:\/\/schema.org","@graph":[{"@type":"WebPage","@id":"https:\/\/www.fahrschultheorie.ch\/fr\/produit\/carte-de-code-vip-access-theorie24-cat-oacp\/","url":"https:\/\/www.fahrschultheorie.ch\/fr\/produit\/carte-de-code-vip-access-theorie24-cat-oacp\/","name":"Logiciel d\u2019apprentissage en ligne pour l'examen th\u00e9orique \u00e0 l\u2019ordonnance r\u00e9glant l\u2019admission des chauffeurs","isPartOf":{"@id":"https:\/\/www.fahrschultheorie.ch\/fr\/#website"},"datePublished":"2026-02-18T08:54:13+00:00","dateModified":"2026-03-24T14:11:09+00:00","description":"theorie24.ch logiciel d'apprentissage en ligne pour l'examen th\u00e9orique pour l\u2019ordonnance r\u00e9glant l\u2019admission des chauffeurs (OACP)","breadcrumb":{"@id":"https:\/\/www.fahrschultheorie.ch\/fr\/produit\/carte-de-code-vip-access-theorie24-cat-oacp\/#breadcrumb"},"inLanguage":"fr-FR","potentialAction":[{"@type":"ReadAction","target":["https:\/\/www.fahrschultheorie.ch\/fr\/produit\/carte-de-code-vip-access-theorie24-cat-oacp\/"]}]},{"@type":"BreadcrumbList","@id":"https:\/\/www.fahrschultheorie.ch\/fr\/produit\/carte-de-code-vip-access-theorie24-cat-oacp\/#breadcrumb","itemListElement":[{"@type":"ListItem","position":1,"name":"Startseite","item":"https:\/\/www.fahrschultheorie.ch\/fr\/"},{"@type":"ListItem","position":2,"name":"Boutique","item":"https:\/\/www.fahrschultheorie.ch\/fr\/boutique\/"},{"@type":"ListItem","position":3,"name":"Carte de code VIP Access theorie24 cat. OACP (C\/D)"}]},{"@type":"WebSite","@id":"https:\/\/www.fahrschultheorie.ch\/fr\/#website","url":"https:\/\/www.fahrschultheorie.ch\/fr\/","name":"www.fahrschultheorie.ch","description":"Der gr\u00f6sste Fahrschulshop der Schweiz","potentialAction":[{"@type":"SearchAction","target":{"@type":"EntryPoint","urlTemplate":"https:\/\/www.fahrschultheorie.ch\/fr\/?s={search_term_string}"},"query-input":"required name=search_term_string"}],"inLanguage":"fr-FR"}]},"product_price_amount":"49.00","product_price_currency":"CHF","og_availability":"instock","product_availability":"instock","product_condition":"new"},"_links":{"self":[{"href":"https:\/\/www.fahrschultheorie.ch\/fr\/wp-json\/wp\/v2\/product\/17967"}],"collection":[{"href":"https:\/\/www.fahrschultheorie.ch\/fr\/wp-json\/wp\/v2\/product"}],"about":[{"href":"https:\/\/www.fahrschultheorie.ch\/fr\/wp-json\/wp\/v2\/types\/product"}],"wp:featuredmedia":[{"embeddable":true,"href":"https:\/\/www.fahrschultheorie.ch\/fr\/wp-json\/wp\/v2\/media\/14710"}],"wp:attachment":[{"href":"https:\/\/www.fahrschultheorie.ch\/fr\/wp-json\/wp\/v2\/media?parent=17967"}],"wp:term":[{"taxonomy":"product_cat","embeddable":true,"href":"https:\/\/www.fahrschultheorie.ch\/fr\/wp-json\/wp\/v2\/product_cat?post=17967"},{"taxonomy":"product_tag","embeddable":true,"href":"https:\/\/www.fahrschultheorie.ch\/fr\/wp-json\/wp\/v2\/product_tag?post=17967"}],"curies":[{"name":"wp","href":"https:\/\/api.w.org\/{rel}","templated":true}]}}