{"id":17989,"date":"2026-02-23T16:25:06","date_gmt":"2026-02-23T14:25:08","guid":{"rendered":"https:\/\/www.fahrschultheorie.ch\/?post_type=product&#038;p=17989"},"modified":"2026-03-09T16:06:54","modified_gmt":"2026-03-09T14:06:54","slug":"logiciel-dapprentissage-web-app-incl-livre-de-theorie-pour-lexamen-theorique-cat-b-a-a1-version-2026-27","status":"publish","type":"product","link":"https:\/\/www.fahrschultheorie.ch\/fr\/produit\/logiciel-dapprentissage-web-app-incl-livre-de-theorie-pour-lexamen-theorique-cat-b-a-a1-version-2026-27\/","title":{"rendered":"Logiciel d&rsquo;apprentissage Web\/App incl. livre de th\u00e9orie pour l&rsquo;examen th\u00e9orique cat. B, A, A1 Version 2026\/27"},"content":{"rendered":"<h1><strong>Logiciel d\u2019apprentissage en ligne avec livre <\/strong>pour l&rsquo;examen th\u00e9orique de voiture<\/h1>\n<p>Logiciel d&rsquo;apprentissage th\u00e9orique interactif multi-dispositifs avec livre pour l&rsquo;examen th\u00e9orique de voiture contient les questions officielles des services des automobiles<\/p>\n<h4><strong><u>Offre top:<\/u><\/strong><\/h4>\n<ul>\n<li><strong>Succ\u00e8s assur\u00e9:<\/strong> d\u00e9j\u00e0 plus de 500&rsquo;000 clients satisfaits<\/li>\n<li><strong>Flexibilit\u00e9 maximale:<\/strong> utiliser sur tous les appareils &#8211; application smartphone, ordinateur portable, ordinateur de bureau, tablette, etc.<\/li>\n<li><strong>Toujours compatible:<\/strong> compatible avec tous les appareils, marques et types<\/li>\n<li><strong>Toujours actuelles<\/strong><strong>:<\/strong> mise \u00e0 jour automatique avec les derni\u00e8res questions d&rsquo;examen officielles<\/li>\n<li><strong>Super rapport qualit\u00e9\/prix: <\/strong> beaucoup de contenus et de prestations suppl\u00e9mentaires<\/li>\n<\/ul>\n<h4><strong><u>Contenu<\/u><\/strong><strong><u>:<\/u><\/strong><\/h4>\n<ul>\n<li>Access en ligne pendant 365 jours \u2013 apprendre flexiblement sur diff\u00e9rents appareils<strong> (aucune limitation)<\/strong><\/li>\n<li>Pour les cat\u00e9gories: Voiture, Moto, Scooter (B, A, A1)<\/li>\n<li><strong>Mode test officiel: Simulation de l\u2019examen th\u00e9orique comme au service des automobiles<\/strong><\/li>\n<li>Pratiquer toutes les questions individuellement ou les questions par theme<\/li>\n<li><strong>Possibilit\u00e9 de choisir l&rsquo;affichage entre les questions d&rsquo;examen asa originales et toutes les questions (y compris les questions d&rsquo;exercice suppl\u00e9mentaires cr\u00e9\u00e9es en collaboration avec un sp\u00e9cialiste)<\/strong><\/li>\n<li>Entra\u00eener individuellement les questions auxquelles on a mal r\u00e9pondu, marquer les questions et apprendre de mani\u00e8re cibl\u00e9e<\/li>\n<li><strong>Game Mode<\/strong> \u2013<strong> apprendre la th\u00e9orie de fa\u00e7on ludique<\/strong><\/li>\n<li>Tout comprendre: R\u00e9ponses et explications pour chaque question<\/li>\n<li>Suivi de l\u2019apprentissage\u00a0: Pour une r\u00e9ussite rapide de l\u2019examen<\/li>\n<li><strong>9 Langues:<\/strong> Allemand, Fran\u00e7ais, Italien, Anglais, Serbo-croate, Portugais, Turque, Albanais, Espagnol<\/li>\n<\/ul>\n<h4><strong><u>En plus:<\/u><\/strong><\/h4>\n<ul>\n<li><strong>Manuel de th\u00e9orie avec les bases l\u00e9gales et th\u00e9oriques<\/strong><\/li>\n<li><strong>Plaque L d\u00e9tachable<\/strong> pour conduite accompagn\u00e9e apr\u00e8s avoir pass\u00e9 l\u2019examen th\u00e9orique<\/li>\n<li>Guide en ligne pour les accompagnateurs avec un <strong>acc\u00e8s pour 365 jours d&rsquo;une valeur de 39.-<\/strong><\/li>\n<li><strong>Fonction de lecture \u00e0 haute voix<\/strong> du texte pour faciliter l\u2019apprentissage et la lecture<\/li>\n<li><strong>Mode sombre<\/strong> &#8211; pratique pour passer du clair \u00e0 la fonc\u00e9<\/li>\n<li>Informations sur la cat\u00e9gorie E-Bike avec liste de contr\u00f4le et vid\u00e9o de pr\u00e9vention du bpa<\/li>\n<li>Animations 3D \u2013 cat. B, A, A1 pour vous mettre en situation r\u00e9elle de conduite<\/li>\n<li>Lien vers la vid\u00e9o explicative sur theorie24: <a href=\"https:\/\/www.theorie24.ch\/fr\/about\">https:\/\/www.theorie24.ch\/fr\/about<\/a><\/li>\n<li>Assistance gratuite: WhatsApp: 079 316 28 90 \u2013 T\u00e9l\u00e9phone: 032 588 50 10 \u2013 Email: <a href=\"mailto:info@ctmalder.ch\">info@ctmalder.ch<\/a><\/li>\n<\/ul>\n<h4><strong><u>Configuration requise:<\/u><\/strong><\/h4>\n<ul>\n<li>Navigateur Internet ou application avec une connexion Internet active pour le login<\/li>\n<\/ul>\n<p>Logiciel d&rsquo;apprentissage en ligne &#8211; Programme th\u00e9orique &#8211; Apprendre la th\u00e9orie &#8211; Examen th\u00e9orique -Examen th\u00e9orique pour cyclomoteurs &#8211; Examen th\u00e9orique pour tracteurs &#8211; Apprendre \u00e0 conduire &#8211; Permis de conduire<\/p>\n","protected":false},"excerpt":{"rendered":"<p><strong>Logiciel d&rsquo;apprentissage en ligne avec livre pour l&rsquo;examen th\u00e9orique<\/strong><\/p>\n<ul>\n<li>Logiciel d&rsquo;apprentissage th\u00e9orique interactif multi-dispositifs pour l&rsquo;examen th\u00e9orique contient les questions officielles des services des automobiles<\/li>\n<li>Pour les cat\u00e9gories: Voiture, Moto, Scooter (B, A, A1)<\/li>\n<\/ul>\n<p>&nbsp;<\/p>\n","protected":false},"featured_media":18144,"template":"","meta":[],"product_cat":[74,76,75],"product_tag":[],"class_list":{"0":"post-17989","1":"product","2":"type-product","3":"status-publish","4":"has-post-thumbnail","6":"product_cat-apprendre-la-theorie","7":"product_cat-moto-categorie-aa1","8":"product_cat-voiture-categorie-b","9":"product_shipping_class-courrier","10":"pa_medium-en-ligne-livre-de-theorie","11":"pa_sprache-theoriebuch-allemand-francais","12":"pa_sprache-theoriebuch-italien-anglais","14":"first","15":"instock","16":"taxable","17":"shipping-taxable","18":"purchasable","19":"product-type-variable","20":"has-default-attributes"},"yoast_head":"<!-- This site is optimized with the Yoast SEO plugin v21.8 - https:\/\/yoast.com\/wordpress\/plugins\/seo\/ -->\n<title>Logiciel d&#039;apprentissage en ligne avec livre pour l&#039;examen th\u00e9orique de voiture<\/title>\n<meta name=\"description\" content=\"theorie24.ch logiciel d&#039;apprentissage en ligne avec livre pour l&#039;examen th\u00e9orique de voiture avec les questions originales de l&#039;asa\" \/>\n<meta name=\"robots\" content=\"index, follow, max-snippet:-1, max-image-preview:large, max-video-preview:-1\" \/>\n<link rel=\"canonical\" href=\"https:\/\/www.fahrschultheorie.ch\/fr\/produit\/logiciel-dapprentissage-web-app-incl-livre-de-theorie-pour-lexamen-theorique-cat-b-a-a1-version-2026-27\/\" \/>\n<meta property=\"og:locale\" content=\"fr_FR\" \/>\n<meta property=\"og:type\" content=\"article\" \/>\n<meta property=\"og:title\" content=\"Logiciel d&#039;apprentissage en ligne avec livre pour l&#039;examen th\u00e9orique de voiture\" \/>\n<meta property=\"og:description\" content=\"theorie24.ch logiciel d&#039;apprentissage en ligne avec livre pour l&#039;examen th\u00e9orique de voiture avec les questions originales de l&#039;asa\" \/>\n<meta property=\"og:url\" content=\"https:\/\/www.fahrschultheorie.ch\/fr\/produit\/logiciel-dapprentissage-web-app-incl-livre-de-theorie-pour-lexamen-theorique-cat-b-a-a1-version-2026-27\/\" \/>\n<meta property=\"og:site_name\" content=\"www.fahrschultheorie.ch\" \/>\n<meta property=\"article:modified_time\" content=\"2026-03-09T14:06:54+00:00\" \/>\n<meta property=\"og:image\" content=\"https:\/\/www.fahrschultheorie.ch\/wp-content\/uploads\/2026\/02\/AUTO_WEB_APP_2026_27_DE_FR-1.jpg\" \/>\n\t<meta property=\"og:image:width\" content=\"1240\" \/>\n\t<meta property=\"og:image:height\" content=\"1444\" \/>\n\t<meta property=\"og:image:type\" content=\"image\/jpeg\" \/>\n<meta name=\"twitter:card\" content=\"summary_large_image\" \/>\n<meta name=\"twitter:label1\" content=\"Availability\" \/>\n\t<meta name=\"twitter:data1\" content=\"In stock\" \/>\n<script type=\"application\/ld+json\" class=\"yoast-schema-graph\">{\"@context\":\"https:\/\/schema.org\",\"@graph\":[{\"@type\":\"WebPage\",\"@id\":\"https:\/\/www.fahrschultheorie.ch\/fr\/produit\/logiciel-dapprentissage-web-app-incl-livre-de-theorie-pour-lexamen-theorique-cat-b-a-a1-version-2026-27\/\",\"url\":\"https:\/\/www.fahrschultheorie.ch\/fr\/produit\/logiciel-dapprentissage-web-app-incl-livre-de-theorie-pour-lexamen-theorique-cat-b-a-a1-version-2026-27\/\",\"name\":\"Logiciel d'apprentissage en ligne avec livre pour l'examen th\u00e9orique de voiture\",\"isPartOf\":{\"@id\":\"https:\/\/www.fahrschultheorie.ch\/fr\/#website\"},\"datePublished\":\"2026-02-23T14:25:08+00:00\",\"dateModified\":\"2026-03-09T14:06:54+00:00\",\"description\":\"theorie24.ch logiciel d'apprentissage en ligne avec livre pour l'examen th\u00e9orique de voiture avec les questions originales de l'asa\",\"breadcrumb\":{\"@id\":\"https:\/\/www.fahrschultheorie.ch\/fr\/produit\/logiciel-dapprentissage-web-app-incl-livre-de-theorie-pour-lexamen-theorique-cat-b-a-a1-version-2026-27\/#breadcrumb\"},\"inLanguage\":\"fr-FR\",\"potentialAction\":[{\"@type\":\"ReadAction\",\"target\":[\"https:\/\/www.fahrschultheorie.ch\/fr\/produit\/logiciel-dapprentissage-web-app-incl-livre-de-theorie-pour-lexamen-theorique-cat-b-a-a1-version-2026-27\/\"]}]},{\"@type\":\"BreadcrumbList\",\"@id\":\"https:\/\/www.fahrschultheorie.ch\/fr\/produit\/logiciel-dapprentissage-web-app-incl-livre-de-theorie-pour-lexamen-theorique-cat-b-a-a1-version-2026-27\/#breadcrumb\",\"itemListElement\":[{\"@type\":\"ListItem\",\"position\":1,\"name\":\"Startseite\",\"item\":\"https:\/\/www.fahrschultheorie.ch\/fr\/\"},{\"@type\":\"ListItem\",\"position\":2,\"name\":\"Boutique\",\"item\":\"https:\/\/www.fahrschultheorie.ch\/fr\/boutique\/\"},{\"@type\":\"ListItem\",\"position\":3,\"name\":\"Logiciel d&#8217;apprentissage Web\/App incl. livre de th\u00e9orie pour l&#8217;examen th\u00e9orique cat. B, A, A1 Version 2026\/27\"}]},{\"@type\":\"WebSite\",\"@id\":\"https:\/\/www.fahrschultheorie.ch\/fr\/#website\",\"url\":\"https:\/\/www.fahrschultheorie.ch\/fr\/\",\"name\":\"www.fahrschultheorie.ch\",\"description\":\"Der gr\u00f6sste Fahrschulshop der Schweiz\",\"potentialAction\":[{\"@type\":\"SearchAction\",\"target\":{\"@type\":\"EntryPoint\",\"urlTemplate\":\"https:\/\/www.fahrschultheorie.ch\/fr\/?s={search_term_string}\"},\"query-input\":\"required name=search_term_string\"}],\"inLanguage\":\"fr-FR\"}]}<\/script>\n<meta property=\"product:brand\" content=\"En ligne &amp; livre de th\u00e9orie\" \/>\n<meta property=\"og:availability\" content=\"instock\" \/>\n<meta property=\"product:availability\" content=\"instock\" \/>\n<meta property=\"product:condition\" content=\"new\" \/>\n<!-- \/ Yoast SEO plugin. -->","yoast_head_json":{"title":"Logiciel d'apprentissage en ligne avec livre pour l'examen th\u00e9orique de voiture","description":"theorie24.ch logiciel d'apprentissage en ligne avec livre pour l'examen th\u00e9orique de voiture avec les questions originales de l'asa","robots":{"index":"index","follow":"follow","max-snippet":"max-snippet:-1","max-image-preview":"max-image-preview:large","max-video-preview":"max-video-preview:-1"},"canonical":"https:\/\/www.fahrschultheorie.ch\/fr\/produit\/logiciel-dapprentissage-web-app-incl-livre-de-theorie-pour-lexamen-theorique-cat-b-a-a1-version-2026-27\/","og_locale":"fr_FR","og_type":"article","og_title":"Logiciel d'apprentissage en ligne avec livre pour l'examen th\u00e9orique de voiture","og_description":"theorie24.ch logiciel d'apprentissage en ligne avec livre pour l'examen th\u00e9orique de voiture avec les questions originales de l'asa","og_url":"https:\/\/www.fahrschultheorie.ch\/fr\/produit\/logiciel-dapprentissage-web-app-incl-livre-de-theorie-pour-lexamen-theorique-cat-b-a-a1-version-2026-27\/","og_site_name":"www.fahrschultheorie.ch","article_modified_time":"2026-03-09T14:06:54+00:00","og_image":[{"width":1240,"height":1444,"url":"https:\/\/www.fahrschultheorie.ch\/wp-content\/uploads\/2026\/02\/AUTO_WEB_APP_2026_27_DE_FR-1.jpg","type":"image\/jpeg"}],"twitter_card":"summary_large_image","twitter_misc":{"Availability":"In stock"},"schema":{"@context":"https:\/\/schema.org","@graph":[{"@type":"WebPage","@id":"https:\/\/www.fahrschultheorie.ch\/fr\/produit\/logiciel-dapprentissage-web-app-incl-livre-de-theorie-pour-lexamen-theorique-cat-b-a-a1-version-2026-27\/","url":"https:\/\/www.fahrschultheorie.ch\/fr\/produit\/logiciel-dapprentissage-web-app-incl-livre-de-theorie-pour-lexamen-theorique-cat-b-a-a1-version-2026-27\/","name":"Logiciel d'apprentissage en ligne avec livre pour l'examen th\u00e9orique de voiture","isPartOf":{"@id":"https:\/\/www.fahrschultheorie.ch\/fr\/#website"},"datePublished":"2026-02-23T14:25:08+00:00","dateModified":"2026-03-09T14:06:54+00:00","description":"theorie24.ch logiciel d'apprentissage en ligne avec livre pour l'examen th\u00e9orique de voiture avec les questions originales de l'asa","breadcrumb":{"@id":"https:\/\/www.fahrschultheorie.ch\/fr\/produit\/logiciel-dapprentissage-web-app-incl-livre-de-theorie-pour-lexamen-theorique-cat-b-a-a1-version-2026-27\/#breadcrumb"},"inLanguage":"fr-FR","potentialAction":[{"@type":"ReadAction","target":["https:\/\/www.fahrschultheorie.ch\/fr\/produit\/logiciel-dapprentissage-web-app-incl-livre-de-theorie-pour-lexamen-theorique-cat-b-a-a1-version-2026-27\/"]}]},{"@type":"BreadcrumbList","@id":"https:\/\/www.fahrschultheorie.ch\/fr\/produit\/logiciel-dapprentissage-web-app-incl-livre-de-theorie-pour-lexamen-theorique-cat-b-a-a1-version-2026-27\/#breadcrumb","itemListElement":[{"@type":"ListItem","position":1,"name":"Startseite","item":"https:\/\/www.fahrschultheorie.ch\/fr\/"},{"@type":"ListItem","position":2,"name":"Boutique","item":"https:\/\/www.fahrschultheorie.ch\/fr\/boutique\/"},{"@type":"ListItem","position":3,"name":"Logiciel d&#8217;apprentissage Web\/App incl. livre de th\u00e9orie pour l&#8217;examen th\u00e9orique cat. B, A, A1 Version 2026\/27"}]},{"@type":"WebSite","@id":"https:\/\/www.fahrschultheorie.ch\/fr\/#website","url":"https:\/\/www.fahrschultheorie.ch\/fr\/","name":"www.fahrschultheorie.ch","description":"Der gr\u00f6sste Fahrschulshop der Schweiz","potentialAction":[{"@type":"SearchAction","target":{"@type":"EntryPoint","urlTemplate":"https:\/\/www.fahrschultheorie.ch\/fr\/?s={search_term_string}"},"query-input":"required name=search_term_string"}],"inLanguage":"fr-FR"}]},"product_brand":"En ligne &amp; livre de th\u00e9orie","og_availability":"instock","product_availability":"instock","product_condition":"new"},"_links":{"self":[{"href":"https:\/\/www.fahrschultheorie.ch\/fr\/wp-json\/wp\/v2\/product\/17989"}],"collection":[{"href":"https:\/\/www.fahrschultheorie.ch\/fr\/wp-json\/wp\/v2\/product"}],"about":[{"href":"https:\/\/www.fahrschultheorie.ch\/fr\/wp-json\/wp\/v2\/types\/product"}],"wp:featuredmedia":[{"embeddable":true,"href":"https:\/\/www.fahrschultheorie.ch\/fr\/wp-json\/wp\/v2\/media\/18144"}],"wp:attachment":[{"href":"https:\/\/www.fahrschultheorie.ch\/fr\/wp-json\/wp\/v2\/media?parent=17989"}],"wp:term":[{"taxonomy":"product_cat","embeddable":true,"href":"https:\/\/www.fahrschultheorie.ch\/fr\/wp-json\/wp\/v2\/product_cat?post=17989"},{"taxonomy":"product_tag","embeddable":true,"href":"https:\/\/www.fahrschultheorie.ch\/fr\/wp-json\/wp\/v2\/product_tag?post=17989"}],"curies":[{"name":"wp","href":"https:\/\/api.w.org\/{rel}","templated":true}]}}