{"id":18469,"date":"2026-04-08T13:49:52","date_gmt":"2026-04-08T11:49:54","guid":{"rendered":"https:\/\/www.fahrschultheorie.ch\/?post_type=product&#038;p=18469"},"modified":"2026-04-21T10:12:47","modified_gmt":"2026-04-21T08:12:47","slug":"livre-de-theorie-avec-les-bases-legales-edition-revisee","status":"publish","type":"product","link":"https:\/\/www.fahrschultheorie.ch\/fr\/produit\/livre-de-theorie-avec-les-bases-legales-edition-revisee\/","title":{"rendered":"Livre de th\u00e9orie de base \u2013 \u00c9dition enti\u00e8rement r\u00e9vis\u00e9e 2026"},"content":{"rendered":"<h1>Livre de th\u00e9orie de base \u2013 \u00c9dition enti\u00e8rement r\u00e9vis\u00e9e 2026<\/h1>\n<p data-start=\"256\" data-end=\"782\">La nouvelle \u00e9dition enti\u00e8rement r\u00e9vis\u00e9e du populaire livre de th\u00e9orie de base offre une pr\u00e9paration encore plus compl\u00e8te \u00e0 l\u2019examen th\u00e9orique pour les cat\u00e9gories B, A, A1, M ainsi que F\/G. Outre les signaux routiers et les r\u00e8gles de circulation actuels, l\u2019ouvrage comprend une partie d\u00e9taill\u00e9e consacr\u00e9e \u00e0 la cat\u00e9gorie M, y compris au v\u00e9lo \u00e9lectrique, ainsi que des contenus sp\u00e9cifiques aux cat\u00e9gories F\/G. Nouveaut\u00e9 \u00e9galement : un aper\u00e7u compact des syst\u00e8mes d\u2019assistance \u00e0 la conduite \u2013 expliqu\u00e9 de mani\u00e8re claire et \u00e0 jour.<\/p>\n<p data-start=\"784\" data-end=\"1220\"><strong data-start=\"784\" data-end=\"817\">Nouveaut\u00e9s de cette \u00e9dition:<\/strong><\/p>\n<ul>\n<li data-start=\"784\" data-end=\"1220\">24 pages de contenu suppl\u00e9mentaires dans un design moderne<\/li>\n<li data-start=\"784\" data-end=\"1220\">Partie d\u00e9taill\u00e9e sur la cat\u00e9gorie M, y compris les nouvelles prescriptions pour le v\u00e9lo \u00e9lectrique<\/li>\n<li data-start=\"784\" data-end=\"1220\">Section enti\u00e8rement nouvelle pour les cat\u00e9gories F\/G<\/li>\n<li data-start=\"784\" data-end=\"1220\">Th\u00e8mes pratiques : syst\u00e8me de fermeture \u00e9clair, couloir de secours, comportement en cas d\u2019accident, etc.<\/li>\n<li data-start=\"784\" data-end=\"1220\">Syst\u00e8mes d\u2019assistance \u00e0 la conduite expliqu\u00e9s de mani\u00e8re concise<\/li>\n<\/ul>\n<p><strong data-start=\"1222\" data-end=\"1235\">Contenu:<\/strong><\/p>\n<ul>\n<li>Le livre de th\u00e9orie fournit les connaissances n\u00e9cessaires pour r\u00e9pondre aux questions officielles de l\u2019asa<\/li>\n<li>Illustrations en couleur des situations de circulation et des formules de calcul<\/li>\n<li>Format compact et pratique \u2013 id\u00e9al en d\u00e9placement<\/li>\n<li>Informations sur la formation continue<\/li>\n<li>2 langues: allemand\/fran\u00e7ais (2 en 1)<\/li>\n<\/ul>\n<p data-start=\"1573\" data-end=\"1764\">Le livre de th\u00e9orie de base couvre l\u2019ensemble des mati\u00e8res requises pour l\u2019examen th\u00e9orique et constitue une base claire, actuelle et compr\u00e9hensible pour r\u00e9ussir le permis de conduire suisse.<\/p>\n","protected":false},"excerpt":{"rendered":"<p><strong>Livre de th\u00e9orie de base \u2013 \u00c9dition enti\u00e8rement r\u00e9vis\u00e9e 2026<\/strong><\/p>\n<p>La nouvelle \u00e9dition enti\u00e8rement r\u00e9vis\u00e9e du populaire livre de th\u00e9orie de base offre une pr\u00e9paration encore plus compl\u00e8te \u00e0 l\u2019examen th\u00e9orique pour les cat\u00e9gories B, A, A1, M ainsi que F\/G.<\/p>\n<p>&nbsp;<\/p>\n","protected":false},"featured_media":18599,"template":"","meta":[],"product_cat":[97,74,96,78,76,93,95,77,75],"product_tag":[],"class_list":{"0":"post-18469","1":"product","2":"type-product","3":"status-publish","4":"has-post-thumbnail","6":"product_cat-accompagnateur","7":"product_cat-apprendre-la-theorie","8":"product_cat-conducteur-de-voiture-de-societe","9":"product_cat-cyclomoteur-categorie-m","10":"product_cat-moto-categorie-aa1","11":"product_cat-rafraichir-les-connaissances","12":"product_cat-troisieme-age","13":"product_cat-vehicule-agricole-categorie-f-g","14":"product_cat-voiture-categorie-b","15":"product_shipping_class-courrier","16":"pa_medium-livre","17":"pa_sprache-theoriebuch-allemand-francais","18":"pa_sprache-theoriebuch-italien-anglais","20":"first","21":"instock","22":"taxable","23":"shipping-taxable","24":"purchasable","25":"product-type-variable","26":"has-default-attributes"},"yoast_head":"<!-- This site is optimized with the Yoast SEO plugin v21.8 - https:\/\/yoast.com\/wordpress\/plugins\/seo\/ -->\n<title>Livre de th\u00e9orie de base avec les bases l\u00e9gales - \u00e9dition r\u00e9vis\u00e9e<\/title>\n<meta name=\"description\" content=\"theorire24.ch Livre de th\u00e9orie de base avec les bases l\u00e9gales, les panneaux de signalisation, les situations de circulation et les formules.\" \/>\n<meta name=\"robots\" content=\"index, follow, max-snippet:-1, max-image-preview:large, max-video-preview:-1\" \/>\n<link rel=\"canonical\" href=\"https:\/\/www.fahrschultheorie.ch\/fr\/produit\/livre-de-theorie-avec-les-bases-legales-edition-revisee\/\" \/>\n<meta property=\"og:locale\" content=\"fr_FR\" \/>\n<meta property=\"og:type\" content=\"article\" \/>\n<meta property=\"og:title\" content=\"Livre de th\u00e9orie de base avec les bases l\u00e9gales - \u00e9dition r\u00e9vis\u00e9e\" \/>\n<meta property=\"og:description\" content=\"theorire24.ch Livre de th\u00e9orie de base avec les bases l\u00e9gales, les panneaux de signalisation, les situations de circulation et les formules.\" \/>\n<meta property=\"og:url\" content=\"https:\/\/www.fahrschultheorie.ch\/fr\/produit\/livre-de-theorie-avec-les-bases-legales-edition-revisee\/\" \/>\n<meta property=\"og:site_name\" content=\"www.fahrschultheorie.ch\" \/>\n<meta property=\"article:modified_time\" content=\"2026-04-21T08:12:47+00:00\" \/>\n<meta property=\"og:image\" content=\"https:\/\/www.fahrschultheorie.ch\/wp-content\/uploads\/2026\/04\/Packshot_TB_2026_FR_800x800_NEU-1.jpg\" \/>\n\t<meta property=\"og:image:width\" content=\"800\" \/>\n\t<meta property=\"og:image:height\" content=\"800\" \/>\n\t<meta property=\"og:image:type\" content=\"image\/jpeg\" \/>\n<meta name=\"twitter:card\" content=\"summary_large_image\" \/>\n<meta name=\"twitter:label1\" content=\"Availability\" \/>\n\t<meta name=\"twitter:data1\" content=\"In stock\" \/>\n<script type=\"application\/ld+json\" class=\"yoast-schema-graph\">{\"@context\":\"https:\/\/schema.org\",\"@graph\":[{\"@type\":\"WebPage\",\"@id\":\"https:\/\/www.fahrschultheorie.ch\/fr\/produit\/livre-de-theorie-avec-les-bases-legales-edition-revisee\/\",\"url\":\"https:\/\/www.fahrschultheorie.ch\/fr\/produit\/livre-de-theorie-avec-les-bases-legales-edition-revisee\/\",\"name\":\"Livre de th\u00e9orie de base avec les bases l\u00e9gales - \u00e9dition r\u00e9vis\u00e9e\",\"isPartOf\":{\"@id\":\"https:\/\/www.fahrschultheorie.ch\/fr\/#website\"},\"datePublished\":\"2026-04-08T11:49:54+00:00\",\"dateModified\":\"2026-04-21T08:12:47+00:00\",\"description\":\"theorire24.ch Livre de th\u00e9orie de base avec les bases l\u00e9gales, les panneaux de signalisation, les situations de circulation et les formules.\",\"breadcrumb\":{\"@id\":\"https:\/\/www.fahrschultheorie.ch\/fr\/produit\/livre-de-theorie-avec-les-bases-legales-edition-revisee\/#breadcrumb\"},\"inLanguage\":\"fr-FR\",\"potentialAction\":[{\"@type\":\"ReadAction\",\"target\":[\"https:\/\/www.fahrschultheorie.ch\/fr\/produit\/livre-de-theorie-avec-les-bases-legales-edition-revisee\/\"]}]},{\"@type\":\"BreadcrumbList\",\"@id\":\"https:\/\/www.fahrschultheorie.ch\/fr\/produit\/livre-de-theorie-avec-les-bases-legales-edition-revisee\/#breadcrumb\",\"itemListElement\":[{\"@type\":\"ListItem\",\"position\":1,\"name\":\"Startseite\",\"item\":\"https:\/\/www.fahrschultheorie.ch\/fr\/\"},{\"@type\":\"ListItem\",\"position\":2,\"name\":\"Boutique\",\"item\":\"https:\/\/www.fahrschultheorie.ch\/fr\/boutique\/\"},{\"@type\":\"ListItem\",\"position\":3,\"name\":\"Livre de th\u00e9orie de base \u2013 \u00c9dition enti\u00e8rement r\u00e9vis\u00e9e 2026\"}]},{\"@type\":\"WebSite\",\"@id\":\"https:\/\/www.fahrschultheorie.ch\/fr\/#website\",\"url\":\"https:\/\/www.fahrschultheorie.ch\/fr\/\",\"name\":\"www.fahrschultheorie.ch\",\"description\":\"Der gr\u00f6sste Fahrschulshop der Schweiz\",\"potentialAction\":[{\"@type\":\"SearchAction\",\"target\":{\"@type\":\"EntryPoint\",\"urlTemplate\":\"https:\/\/www.fahrschultheorie.ch\/fr\/?s={search_term_string}\"},\"query-input\":\"required name=search_term_string\"}],\"inLanguage\":\"fr-FR\"}]}<\/script>\n<meta property=\"product:brand\" content=\"Livre\" \/>\n<meta property=\"og:availability\" content=\"instock\" \/>\n<meta property=\"product:availability\" content=\"instock\" \/>\n<meta property=\"product:condition\" content=\"new\" \/>\n<!-- \/ Yoast SEO plugin. -->","yoast_head_json":{"title":"Livre de th\u00e9orie de base avec les bases l\u00e9gales - \u00e9dition r\u00e9vis\u00e9e","description":"theorire24.ch Livre de th\u00e9orie de base avec les bases l\u00e9gales, les panneaux de signalisation, les situations de circulation et les formules.","robots":{"index":"index","follow":"follow","max-snippet":"max-snippet:-1","max-image-preview":"max-image-preview:large","max-video-preview":"max-video-preview:-1"},"canonical":"https:\/\/www.fahrschultheorie.ch\/fr\/produit\/livre-de-theorie-avec-les-bases-legales-edition-revisee\/","og_locale":"fr_FR","og_type":"article","og_title":"Livre de th\u00e9orie de base avec les bases l\u00e9gales - \u00e9dition r\u00e9vis\u00e9e","og_description":"theorire24.ch Livre de th\u00e9orie de base avec les bases l\u00e9gales, les panneaux de signalisation, les situations de circulation et les formules.","og_url":"https:\/\/www.fahrschultheorie.ch\/fr\/produit\/livre-de-theorie-avec-les-bases-legales-edition-revisee\/","og_site_name":"www.fahrschultheorie.ch","article_modified_time":"2026-04-21T08:12:47+00:00","og_image":[{"width":800,"height":800,"url":"https:\/\/www.fahrschultheorie.ch\/wp-content\/uploads\/2026\/04\/Packshot_TB_2026_FR_800x800_NEU-1.jpg","type":"image\/jpeg"}],"twitter_card":"summary_large_image","twitter_misc":{"Availability":"In stock"},"schema":{"@context":"https:\/\/schema.org","@graph":[{"@type":"WebPage","@id":"https:\/\/www.fahrschultheorie.ch\/fr\/produit\/livre-de-theorie-avec-les-bases-legales-edition-revisee\/","url":"https:\/\/www.fahrschultheorie.ch\/fr\/produit\/livre-de-theorie-avec-les-bases-legales-edition-revisee\/","name":"Livre de th\u00e9orie de base avec les bases l\u00e9gales - \u00e9dition r\u00e9vis\u00e9e","isPartOf":{"@id":"https:\/\/www.fahrschultheorie.ch\/fr\/#website"},"datePublished":"2026-04-08T11:49:54+00:00","dateModified":"2026-04-21T08:12:47+00:00","description":"theorire24.ch Livre de th\u00e9orie de base avec les bases l\u00e9gales, les panneaux de signalisation, les situations de circulation et les formules.","breadcrumb":{"@id":"https:\/\/www.fahrschultheorie.ch\/fr\/produit\/livre-de-theorie-avec-les-bases-legales-edition-revisee\/#breadcrumb"},"inLanguage":"fr-FR","potentialAction":[{"@type":"ReadAction","target":["https:\/\/www.fahrschultheorie.ch\/fr\/produit\/livre-de-theorie-avec-les-bases-legales-edition-revisee\/"]}]},{"@type":"BreadcrumbList","@id":"https:\/\/www.fahrschultheorie.ch\/fr\/produit\/livre-de-theorie-avec-les-bases-legales-edition-revisee\/#breadcrumb","itemListElement":[{"@type":"ListItem","position":1,"name":"Startseite","item":"https:\/\/www.fahrschultheorie.ch\/fr\/"},{"@type":"ListItem","position":2,"name":"Boutique","item":"https:\/\/www.fahrschultheorie.ch\/fr\/boutique\/"},{"@type":"ListItem","position":3,"name":"Livre de th\u00e9orie de base \u2013 \u00c9dition enti\u00e8rement r\u00e9vis\u00e9e 2026"}]},{"@type":"WebSite","@id":"https:\/\/www.fahrschultheorie.ch\/fr\/#website","url":"https:\/\/www.fahrschultheorie.ch\/fr\/","name":"www.fahrschultheorie.ch","description":"Der gr\u00f6sste Fahrschulshop der Schweiz","potentialAction":[{"@type":"SearchAction","target":{"@type":"EntryPoint","urlTemplate":"https:\/\/www.fahrschultheorie.ch\/fr\/?s={search_term_string}"},"query-input":"required name=search_term_string"}],"inLanguage":"fr-FR"}]},"product_brand":"Livre","og_availability":"instock","product_availability":"instock","product_condition":"new"},"_links":{"self":[{"href":"https:\/\/www.fahrschultheorie.ch\/fr\/wp-json\/wp\/v2\/product\/18469"}],"collection":[{"href":"https:\/\/www.fahrschultheorie.ch\/fr\/wp-json\/wp\/v2\/product"}],"about":[{"href":"https:\/\/www.fahrschultheorie.ch\/fr\/wp-json\/wp\/v2\/types\/product"}],"wp:featuredmedia":[{"embeddable":true,"href":"https:\/\/www.fahrschultheorie.ch\/fr\/wp-json\/wp\/v2\/media\/18599"}],"wp:attachment":[{"href":"https:\/\/www.fahrschultheorie.ch\/fr\/wp-json\/wp\/v2\/media?parent=18469"}],"wp:term":[{"taxonomy":"product_cat","embeddable":true,"href":"https:\/\/www.fahrschultheorie.ch\/fr\/wp-json\/wp\/v2\/product_cat?post=18469"},{"taxonomy":"product_tag","embeddable":true,"href":"https:\/\/www.fahrschultheorie.ch\/fr\/wp-json\/wp\/v2\/product_tag?post=18469"}],"curies":[{"name":"wp","href":"https:\/\/api.w.org\/{rel}","templated":true}]}}