{"id":2857,"date":"2020-08-26T14:07:23","date_gmt":"2020-08-26T12:07:23","guid":{"rendered":"https:\/\/www.fahrschultheorie.ch\/product\/le-livre-de-poche-pour-la-preparation-a-lexamen-theorique\/"},"modified":"2026-04-29T18:51:35","modified_gmt":"2026-04-29T16:51:35","slug":"livre-de-theorie-de-base-avec-les-bases-legales","status":"publish","type":"product","link":"https:\/\/www.fahrschultheorie.ch\/fr\/produit\/livre-de-theorie-de-base-avec-les-bases-legales\/","title":{"rendered":"Livre de th\u00e9orie avec les bases l\u00e9gales"},"content":{"rendered":"<h1><strong>Livre de th\u00e9orie de base avec les bases l\u00e9gales <\/strong><\/h1>\n<p>Le livre de th\u00e9orie de base avec les bases l\u00e9gales est la pr\u00e9paration id\u00e9ale pour l\u2019examen th\u00e9orique suisse voiture, motos et scooter &#8211; Cat\u00e9gories B, A, A1<\/p>\n<p><img loading=\"lazy\" decoding=\"async\" class=\"alignnone wp-image-4136\" src=\"https:\/\/www.fahrschultheorie.ch\/wp-content\/uploads\/2021\/04\/100_FR_opt-300x300.png\" alt=\"theorie24 offre une garantie de satisfaction \u00e0 100 % en mati\u00e8re d'apprentissage de la th\u00e9orie.\" width=\"100\" height=\"100\" srcset=\"https:\/\/www.fahrschultheorie.ch\/wp-content\/uploads\/2021\/04\/100_FR_opt-300x300.png 300w, https:\/\/www.fahrschultheorie.ch\/wp-content\/uploads\/2021\/04\/100_FR_opt-100x100.png 100w, https:\/\/www.fahrschultheorie.ch\/wp-content\/uploads\/2021\/04\/100_FR_opt-400x400.png 400w, https:\/\/www.fahrschultheorie.ch\/wp-content\/uploads\/2021\/04\/100_FR_opt-150x150.png 150w, https:\/\/www.fahrschultheorie.ch\/wp-content\/uploads\/2021\/04\/100_FR_opt-32x32.png 32w, https:\/\/www.fahrschultheorie.ch\/wp-content\/uploads\/2021\/04\/100_FR_opt.png 451w\" sizes=\"(max-width: 100px) 100vw, 100px\" \/> <img loading=\"lazy\" decoding=\"async\" class=\"alignnone wp-image-3428\" src=\"https:\/\/www.fahrschultheorie.ch\/wp-content\/uploads\/2021\/02\/Swiss_ALL_opt-300x300.png\" alt=\"theorie24 ist ein Schweizer Produkt seit 1999\" width=\"100\" height=\"100\" srcset=\"https:\/\/www.fahrschultheorie.ch\/wp-content\/uploads\/2021\/02\/Swiss_ALL_opt-300x300.png 300w, https:\/\/www.fahrschultheorie.ch\/wp-content\/uploads\/2021\/02\/Swiss_ALL_opt-100x100.png 100w, https:\/\/www.fahrschultheorie.ch\/wp-content\/uploads\/2021\/02\/Swiss_ALL_opt-150x150.png 150w, https:\/\/www.fahrschultheorie.ch\/wp-content\/uploads\/2021\/02\/Swiss_ALL_opt-32x32.png 32w, https:\/\/www.fahrschultheorie.ch\/wp-content\/uploads\/2021\/02\/Swiss_ALL_opt.png 451w\" sizes=\"(max-width: 100px) 100vw, 100px\" \/> <img loading=\"lazy\" decoding=\"async\" class=\"alignnone wp-image-4139\" src=\"https:\/\/www.fahrschultheorie.ch\/wp-content\/uploads\/2021\/04\/Best_FR_opt-300x300.png\" alt=\"Depuis des ann\u00e9es, theorie24 est recommand\u00e9 et utilis\u00e9 par les moniteurs de conduite dans toute la Suisse.\" width=\"100\" height=\"100\" srcset=\"https:\/\/www.fahrschultheorie.ch\/wp-content\/uploads\/2021\/04\/Best_FR_opt-300x300.png 300w, https:\/\/www.fahrschultheorie.ch\/wp-content\/uploads\/2021\/04\/Best_FR_opt-100x100.png 100w, https:\/\/www.fahrschultheorie.ch\/wp-content\/uploads\/2021\/04\/Best_FR_opt-400x400.png 400w, https:\/\/www.fahrschultheorie.ch\/wp-content\/uploads\/2021\/04\/Best_FR_opt-150x150.png 150w, https:\/\/www.fahrschultheorie.ch\/wp-content\/uploads\/2021\/04\/Best_FR_opt-32x32.png 32w, https:\/\/www.fahrschultheorie.ch\/wp-content\/uploads\/2021\/04\/Best_FR_opt.png 451w\" sizes=\"(max-width: 100px) 100vw, 100px\" \/><\/p>\n<h4><strong><u>Contenu livre de th\u00e9orie :<\/u><\/strong><\/h4>\n<ul>\n<li>Le Livre d\u2019apprentissage th\u00e9orique fournit les connaissances n\u00e9cessaires pour r\u00e9pondre aux questions officielles de l\u2019asa<\/li>\n<li>Des explications faciles \u00e0 comprendre<\/li>\n<li>Des illustrations color\u00e9es de diff\u00e9rentes situations de conduite et des formules des calcul<\/li>\n<li>Chaque panneau de signalisation est pr\u00e9sent\u00e9 et expliqu\u00e9 individuellement<\/li>\n<li>Format de poche pratique<\/li>\n<li>Id\u00e9al pour apprendre lors de vos d\u00e9placements<\/li>\n<li>De nombreuses auto-\u00e9coles travaillent avec succ\u00e8s avec le livre d\u2019apprentissage th\u00e9orique<\/li>\n<\/ul>\n<p>Le livre de th\u00e9orie contient le mat\u00e9riel d&rsquo;apprentissage n\u00e9cessaire \u00e0 la r\u00e9ussite de l&rsquo;examen de conduite suisse.<\/p>\n","protected":false},"excerpt":{"rendered":"<p><strong>Th\u00e9orie de base \u2013 Pr\u00e9paration de l\u2019examen th\u00e9orique avec les bases l\u00e9gales <\/strong><\/p>\n<p>Le manuel th\u00e9orique est la pr\u00e9paration id\u00e9ale pour l\u2019examen th\u00e9orique suisse voiture, motos et scooter.<\/p>\n<p>&nbsp;<\/p>\n","protected":false},"featured_media":3516,"template":"","meta":[],"product_cat":[16,17,21,24,23,19,25,27,26],"product_tag":[],"class_list":{"0":"post-2857","1":"product","2":"type-product","3":"status-publish","4":"has-post-thumbnail","6":"product_cat-theorie-lernen","7":"product_cat-auto-kat-b","8":"product_cat-motorrad-a-a1","9":"product_cat-mofa-kat-m","10":"product_cat-landwirtschaft-kat-f-g","11":"product_cat-wissen-auffrischen","12":"product_cat-senioren","13":"product_cat-begleitfahrer","14":"product_cat-dienstwagen-fahrer","15":"product_shipping_class-courrier","16":"pa_medium-livre","17":"pa_sprache-theoriebuch-allemand-francais","18":"pa_sprache-theoriebuch-italien-anglais","20":"first","21":"instock","22":"taxable","23":"shipping-taxable","24":"purchasable","25":"product-type-variable","26":"has-default-attributes"},"yoast_head":"<!-- This site is optimized with the Yoast SEO plugin v21.8 - https:\/\/yoast.com\/wordpress\/plugins\/seo\/ -->\n<title>Livre de th\u00e9orie de base avec les bases l\u00e9gales<\/title>\n<meta name=\"description\" content=\"theorire24.ch Livre de th\u00e9orie de base avec les bases l\u00e9gales, les panneaux de signalisation, les situations de circulation et les formules.\" \/>\n<meta name=\"robots\" content=\"index, follow, max-snippet:-1, max-image-preview:large, max-video-preview:-1\" \/>\n<link rel=\"canonical\" href=\"https:\/\/www.fahrschultheorie.ch\/fr\/produit\/livre-de-theorie-de-base-avec-les-bases-legales\/\" \/>\n<meta property=\"og:locale\" content=\"fr_FR\" \/>\n<meta property=\"og:type\" content=\"article\" \/>\n<meta property=\"og:title\" content=\"Livre de th\u00e9orie de base avec les bases l\u00e9gales\" \/>\n<meta property=\"og:description\" content=\"theorire24.ch Livre de th\u00e9orie de base avec les bases l\u00e9gales, les panneaux de signalisation, les situations de circulation et les formules.\" \/>\n<meta property=\"og:url\" content=\"https:\/\/www.fahrschultheorie.ch\/fr\/produit\/livre-de-theorie-de-base-avec-les-bases-legales\/\" \/>\n<meta property=\"og:site_name\" content=\"www.fahrschultheorie.ch\" \/>\n<meta property=\"article:modified_time\" content=\"2026-04-29T16:51:35+00:00\" \/>\n<meta property=\"og:image\" content=\"https:\/\/www.fahrschultheorie.ch\/wp-content\/uploads\/2021\/03\/L_BOOK_FR_EAN9783906851785.png\" \/>\n\t<meta property=\"og:image:width\" content=\"1000\" \/>\n\t<meta property=\"og:image:height\" content=\"1000\" \/>\n\t<meta property=\"og:image:type\" content=\"image\/png\" \/>\n<meta name=\"twitter:card\" content=\"summary_large_image\" \/>\n<meta name=\"twitter:label1\" content=\"Availability\" \/>\n\t<meta name=\"twitter:data1\" content=\"In stock\" \/>\n<script type=\"application\/ld+json\" class=\"yoast-schema-graph\">{\"@context\":\"https:\/\/schema.org\",\"@graph\":[{\"@type\":\"WebPage\",\"@id\":\"https:\/\/www.fahrschultheorie.ch\/fr\/produit\/livre-de-theorie-de-base-avec-les-bases-legales\/\",\"url\":\"https:\/\/www.fahrschultheorie.ch\/fr\/produit\/livre-de-theorie-de-base-avec-les-bases-legales\/\",\"name\":\"Livre de th\u00e9orie de base avec les bases l\u00e9gales\",\"isPartOf\":{\"@id\":\"https:\/\/www.fahrschultheorie.ch\/fr\/#website\"},\"datePublished\":\"2020-08-26T12:07:23+00:00\",\"dateModified\":\"2026-04-29T16:51:35+00:00\",\"description\":\"theorire24.ch Livre de th\u00e9orie de base avec les bases l\u00e9gales, les panneaux de signalisation, les situations de circulation et les formules.\",\"breadcrumb\":{\"@id\":\"https:\/\/www.fahrschultheorie.ch\/fr\/produit\/livre-de-theorie-de-base-avec-les-bases-legales\/#breadcrumb\"},\"inLanguage\":\"fr-FR\",\"potentialAction\":[{\"@type\":\"ReadAction\",\"target\":[\"https:\/\/www.fahrschultheorie.ch\/fr\/produit\/livre-de-theorie-de-base-avec-les-bases-legales\/\"]}]},{\"@type\":\"BreadcrumbList\",\"@id\":\"https:\/\/www.fahrschultheorie.ch\/fr\/produit\/livre-de-theorie-de-base-avec-les-bases-legales\/#breadcrumb\",\"itemListElement\":[{\"@type\":\"ListItem\",\"position\":1,\"name\":\"Startseite\",\"item\":\"https:\/\/www.fahrschultheorie.ch\/fr\/\"},{\"@type\":\"ListItem\",\"position\":2,\"name\":\"Boutique\",\"item\":\"https:\/\/www.fahrschultheorie.ch\/fr\/boutique\/\"},{\"@type\":\"ListItem\",\"position\":3,\"name\":\"Livre de th\u00e9orie avec les bases l\u00e9gales\"}]},{\"@type\":\"WebSite\",\"@id\":\"https:\/\/www.fahrschultheorie.ch\/fr\/#website\",\"url\":\"https:\/\/www.fahrschultheorie.ch\/fr\/\",\"name\":\"www.fahrschultheorie.ch\",\"description\":\"Der gr\u00f6sste Fahrschulshop der Schweiz\",\"potentialAction\":[{\"@type\":\"SearchAction\",\"target\":{\"@type\":\"EntryPoint\",\"urlTemplate\":\"https:\/\/www.fahrschultheorie.ch\/fr\/?s={search_term_string}\"},\"query-input\":\"required name=search_term_string\"}],\"inLanguage\":\"fr-FR\"}]}<\/script>\n<meta property=\"product:brand\" content=\"Livre\" \/>\n<meta property=\"og:availability\" content=\"instock\" \/>\n<meta property=\"product:availability\" content=\"instock\" \/>\n<meta property=\"product:condition\" content=\"new\" \/>\n<!-- \/ Yoast SEO plugin. -->","yoast_head_json":{"title":"Livre de th\u00e9orie de base avec les bases l\u00e9gales","description":"theorire24.ch Livre de th\u00e9orie de base avec les bases l\u00e9gales, les panneaux de signalisation, les situations de circulation et les formules.","robots":{"index":"index","follow":"follow","max-snippet":"max-snippet:-1","max-image-preview":"max-image-preview:large","max-video-preview":"max-video-preview:-1"},"canonical":"https:\/\/www.fahrschultheorie.ch\/fr\/produit\/livre-de-theorie-de-base-avec-les-bases-legales\/","og_locale":"fr_FR","og_type":"article","og_title":"Livre de th\u00e9orie de base avec les bases l\u00e9gales","og_description":"theorire24.ch Livre de th\u00e9orie de base avec les bases l\u00e9gales, les panneaux de signalisation, les situations de circulation et les formules.","og_url":"https:\/\/www.fahrschultheorie.ch\/fr\/produit\/livre-de-theorie-de-base-avec-les-bases-legales\/","og_site_name":"www.fahrschultheorie.ch","article_modified_time":"2026-04-29T16:51:35+00:00","og_image":[{"width":1000,"height":1000,"url":"https:\/\/www.fahrschultheorie.ch\/wp-content\/uploads\/2021\/03\/L_BOOK_FR_EAN9783906851785.png","type":"image\/png"}],"twitter_card":"summary_large_image","twitter_misc":{"Availability":"In stock"},"schema":{"@context":"https:\/\/schema.org","@graph":[{"@type":"WebPage","@id":"https:\/\/www.fahrschultheorie.ch\/fr\/produit\/livre-de-theorie-de-base-avec-les-bases-legales\/","url":"https:\/\/www.fahrschultheorie.ch\/fr\/produit\/livre-de-theorie-de-base-avec-les-bases-legales\/","name":"Livre de th\u00e9orie de base avec les bases l\u00e9gales","isPartOf":{"@id":"https:\/\/www.fahrschultheorie.ch\/fr\/#website"},"datePublished":"2020-08-26T12:07:23+00:00","dateModified":"2026-04-29T16:51:35+00:00","description":"theorire24.ch Livre de th\u00e9orie de base avec les bases l\u00e9gales, les panneaux de signalisation, les situations de circulation et les formules.","breadcrumb":{"@id":"https:\/\/www.fahrschultheorie.ch\/fr\/produit\/livre-de-theorie-de-base-avec-les-bases-legales\/#breadcrumb"},"inLanguage":"fr-FR","potentialAction":[{"@type":"ReadAction","target":["https:\/\/www.fahrschultheorie.ch\/fr\/produit\/livre-de-theorie-de-base-avec-les-bases-legales\/"]}]},{"@type":"BreadcrumbList","@id":"https:\/\/www.fahrschultheorie.ch\/fr\/produit\/livre-de-theorie-de-base-avec-les-bases-legales\/#breadcrumb","itemListElement":[{"@type":"ListItem","position":1,"name":"Startseite","item":"https:\/\/www.fahrschultheorie.ch\/fr\/"},{"@type":"ListItem","position":2,"name":"Boutique","item":"https:\/\/www.fahrschultheorie.ch\/fr\/boutique\/"},{"@type":"ListItem","position":3,"name":"Livre de th\u00e9orie avec les bases l\u00e9gales"}]},{"@type":"WebSite","@id":"https:\/\/www.fahrschultheorie.ch\/fr\/#website","url":"https:\/\/www.fahrschultheorie.ch\/fr\/","name":"www.fahrschultheorie.ch","description":"Der gr\u00f6sste Fahrschulshop der Schweiz","potentialAction":[{"@type":"SearchAction","target":{"@type":"EntryPoint","urlTemplate":"https:\/\/www.fahrschultheorie.ch\/fr\/?s={search_term_string}"},"query-input":"required name=search_term_string"}],"inLanguage":"fr-FR"}]},"product_brand":"Livre","og_availability":"instock","product_availability":"instock","product_condition":"new"},"_links":{"self":[{"href":"https:\/\/www.fahrschultheorie.ch\/fr\/wp-json\/wp\/v2\/product\/2857"}],"collection":[{"href":"https:\/\/www.fahrschultheorie.ch\/fr\/wp-json\/wp\/v2\/product"}],"about":[{"href":"https:\/\/www.fahrschultheorie.ch\/fr\/wp-json\/wp\/v2\/types\/product"}],"wp:featuredmedia":[{"embeddable":true,"href":"https:\/\/www.fahrschultheorie.ch\/fr\/wp-json\/wp\/v2\/media\/3516"}],"wp:attachment":[{"href":"https:\/\/www.fahrschultheorie.ch\/fr\/wp-json\/wp\/v2\/media?parent=2857"}],"wp:term":[{"taxonomy":"product_cat","embeddable":true,"href":"https:\/\/www.fahrschultheorie.ch\/fr\/wp-json\/wp\/v2\/product_cat?post=2857"},{"taxonomy":"product_tag","embeddable":true,"href":"https:\/\/www.fahrschultheorie.ch\/fr\/wp-json\/wp\/v2\/product_tag?post=2857"}],"curies":[{"name":"wp","href":"https:\/\/api.w.org\/{rel}","templated":true}]}}