{"id":2881,"date":"2020-08-25T08:57:00","date_gmt":"2020-08-25T06:57:00","guid":{"rendered":"https:\/\/www.fahrschultheorie.ch\/product\/acces-direct-routinier24-programme-dapprentissage-en-ligne-version-senior\/"},"modified":"2020-10-30T15:53:06","modified_gmt":"2020-10-30T13:53:06","slug":"acces-direct-routinier24-programme-dapprentissage-en-ligne-version-senior","status":"publish","type":"product","link":"https:\/\/www.fahrschultheorie.ch\/fr\/produit\/acces-direct-routinier24-programme-dapprentissage-en-ligne-version-senior\/","title":{"rendered":"Acc\u00e8s en ligne imm\u00e9diat rafra\u00eechir vos connaissances sur routinier24 senior"},"content":{"rendered":"<p class=\"pagetitle\"><strong>Le programme d&rsquo;apprentissage en ligne pour les usagers de la route exp\u00e9riment\u00e9s<\/strong><\/p>\n<p><b>Pour tous les usagers de la route dont l\u2019examen de conduite a d\u00e9j\u00e0 \u00e9t\u00e9 pass\u00e9 depuis un certain temps. Particuli\u00e8rement pour des accompagnateurs qui effectuent des courses d\u2019exercice priv\u00e9es avec des apprentis conducteurs.<\/b><\/p>\n<p>Utilisez routinier24 comme vous le souhaitez via PC, Mac, tablette ou smartphone.<\/p>\n<p>D\u00e9velopp\u00e9 gr\u00e2ce \u00e0 de nombreuses ann\u00e9es d\u2019exp\u00e9rience en tant que titulaire d\u2019une licence officielle de l\u2019Association des Services des Automobiles.<\/p>\n<p><b>Fonctions\u00a0:<\/b><\/p>\n<p><b>Consulter la th\u00e9orie<\/b><\/p>\n<p>Comprend un livre de th\u00e9orie comme ouvrage de r\u00e9f\u00e9rence \u00e9lectronique de la base juridique. \u00c9tudiez la th\u00e9orie de la circulation routi\u00e8re et rafra\u00eechissez vos connaissances ou recherchez des ambigu\u00eft\u00e9s sp\u00e9cifiques.<\/p>\n<p><b>Suivre l&rsquo;\u00e9volution de la l\u00e9gislation<\/b><\/p>\n<p>Pr\u00e9sentation claire des modifications du droit de la circulation routi\u00e8re \u2013 continuellement mise \u00e0 jour et toujours d\u2019actualit\u00e9.<\/p>\n<p><b>Pratiquer des situations<\/b><\/p>\n<p>Rafra\u00eechissez vos connaissances th\u00e9oriques avec des exercices choisis sur des situations de circulation difficiles et soyez ainsi plus s\u00fbr sur la route.<\/p>\n<p><b>Tester les connaissances th\u00e9oriques<\/b><\/p>\n<p>V\u00e9rifiez facilement vos connaissances nouvellement acquises et obtenez des explications et des justifications pour les bonnes r\u00e9ponses, afin de garantir vos connaissances \u00e0 long terme.<\/p>\n<p><b>Tout ce qui est important pour les usagers de la route exp\u00e9riment\u00e9s<\/b><\/p>\n<p>Une collection de sujets et de contenus pour vous aider \u00e0 rester sur la route en toute s\u00e9curit\u00e9 m\u00eame en vieillissant : ne surestimez pas votre vue, ne sous-estimez pas l&rsquo;influence des m\u00e9dicaments, trouvez la bonne voiture ou des informations utiles sur l&rsquo;ind\u00e9pendance mobile.<\/p>\n<p><b>Rafra\u00eechissez vos connaissances et augmentez votre s\u00e9curit\u00e9 routi\u00e8re \u00e0 long terme.<\/b><\/p>\n","protected":false},"excerpt":{"rendered":"<p class=\"pagetitle\"><strong>Le programme d&rsquo;apprentissage en ligne pour les usagers de la route exp\u00e9riment\u00e9s<\/strong><\/p>\n<p><b>Pour tous les usagers de la route dont l\u2019examen de conduite a d\u00e9j\u00e0 \u00e9t\u00e9 pass\u00e9 depuis un certain temps. Particuli\u00e8rement pour des accompagnateurs qui effectuent des courses d\u2019exercice priv\u00e9es avec des apprentis conducteurs.<\/b><\/p>\n<p>Utilisez routinier24 comme vous le souhaitez via PC, Mac, tablette ou smartphone.<\/p>\n<p>D\u00e9velopp\u00e9 gr\u00e2ce \u00e0 de nombreuses ann\u00e9es d\u2019exp\u00e9rience en tant que titulaire d\u2019une licence officielle de l\u2019Association des Services des Automobiles.<\/p>\n<p><b>Fonctions\u00a0:<\/b><\/p>\n<p><b>Consulter la th\u00e9orie<\/b><\/p>\n<p>Comprend un livre de th\u00e9orie comme ouvrage de r\u00e9f\u00e9rence \u00e9lectronique de la base juridique. \u00c9tudiez la th\u00e9orie de la circulation routi\u00e8re et rafra\u00eechissez vos connaissances ou recherchez des ambigu\u00eft\u00e9s sp\u00e9cifiques.<\/p>\n<p><b>Suivre l&rsquo;\u00e9volution de la l\u00e9gislation<\/b><\/p>\n<p>Pr\u00e9sentation claire des modifications du droit de la circulation routi\u00e8re \u2013 continuellement mise \u00e0 jour et toujours d\u2019actualit\u00e9.<\/p>\n<p><b>Pratiquer des situations<\/b><\/p>\n<p>Rafra\u00eechissez vos connaissances th\u00e9oriques avec des exercices choisis sur des situations de circulation difficiles et soyez ainsi plus s\u00fbr sur la route.<\/p>\n<p><b>Tester les connaissances th\u00e9oriques<\/b><\/p>\n<p>V\u00e9rifiez facilement vos connaissances nouvellement acquises et obtenez des explications et des justifications pour les bonnes r\u00e9ponses, afin de garantir vos connaissances \u00e0 long terme.<\/p>\n<p><b>Tout ce qui est important pour les usagers de la route exp\u00e9riment\u00e9s<\/b><\/p>\n<p>Une collection de sujets et de contenus pour vous aider \u00e0 rester sur la route en toute s\u00e9curit\u00e9 m\u00eame en vieillissant : ne surestimez pas votre vue, ne sous-estimez pas l&rsquo;influence des m\u00e9dicaments, trouvez la bonne voiture ou des informations utiles sur l&rsquo;ind\u00e9pendance mobile.<\/p>\n<p><b>Rafra\u00eechissez vos connaissances et augmentez votre s\u00e9curit\u00e9 routi\u00e8re \u00e0 long terme.<\/b><\/p>\n","protected":false},"featured_media":1774,"template":"","meta":[],"product_cat":[93,95],"product_tag":[],"class_list":{"0":"post-2881","1":"product","2":"type-product","3":"status-publish","4":"has-post-thumbnail","6":"product_cat-rafraichir-les-connaissances","7":"product_cat-troisieme-age","8":"pa_medium-en-ligne-sur-tous-les-appareils","10":"first","11":"instock","12":"taxable","13":"shipping-taxable","14":"product-type-external"},"yoast_head":"<!-- This site is optimized with the Yoast SEO plugin v21.8 - https:\/\/yoast.com\/wordpress\/plugins\/seo\/ -->\n<title>Acc\u00e8s en ligne imm\u00e9diat rafra\u00eechir vos connaissances sur routinier24 senior - www.fahrschultheorie.ch<\/title>\n<meta name=\"robots\" content=\"index, follow, max-snippet:-1, max-image-preview:large, max-video-preview:-1\" \/>\n<link rel=\"canonical\" href=\"https:\/\/www.fahrschultheorie.ch\/fr\/produit\/acces-direct-routinier24-programme-dapprentissage-en-ligne-version-senior\/\" \/>\n<meta property=\"og:locale\" content=\"fr_FR\" \/>\n<meta property=\"og:type\" content=\"article\" \/>\n<meta property=\"og:title\" content=\"Acc\u00e8s en ligne imm\u00e9diat rafra\u00eechir vos connaissances sur routinier24 senior - www.fahrschultheorie.ch\" \/>\n<meta property=\"og:description\" content=\"Le programme d&#039;apprentissage en ligne pour les usagers de la route exp\u00e9riment\u00e9s Pour tous les usagers de la route dont l\u2019examen de conduite a d\u00e9j\u00e0 \u00e9t\u00e9 pass\u00e9 depuis un certain temps. Particuli\u00e8rement pour des accompagnateurs qui effectuent des courses d\u2019exercice priv\u00e9es avec des apprentis conducteurs.  Utilisez routinier24 comme vous le souhaitez via PC, Mac, tablette ou smartphone.  D\u00e9velopp\u00e9 gr\u00e2ce \u00e0 de nombreuses ann\u00e9es d\u2019exp\u00e9rience en tant que titulaire d\u2019une licence officielle de l\u2019Association des Services des Automobiles.  Fonctions\u00a0:  Consulter la th\u00e9orie  Comprend un livre de th\u00e9orie comme ouvrage de r\u00e9f\u00e9rence \u00e9lectronique de la base juridique. \u00c9tudiez la th\u00e9orie de la circulation routi\u00e8re et rafra\u00eechissez vos connaissances ou recherchez des ambigu\u00eft\u00e9s sp\u00e9cifiques.  Suivre l&#039;\u00e9volution de la l\u00e9gislation  Pr\u00e9sentation claire des modifications du droit de la circulation routi\u00e8re \u2013 continuellement mise \u00e0 jour et toujours d\u2019actualit\u00e9.  Pratiquer des situations  Rafra\u00eechissez vos connaissances th\u00e9oriques avec des exercices choisis sur des situations de circulation difficiles et soyez ainsi plus s\u00fbr sur la route.  Tester les connaissances th\u00e9oriques  V\u00e9rifiez facilement vos connaissances nouvellement acquises et obtenez des explications et des justifications pour les bonnes r\u00e9ponses, afin de garantir vos connaissances \u00e0 long terme.  Tout ce qui est important pour les usagers de la route exp\u00e9riment\u00e9s  Une collection de sujets et de contenus pour vous aider \u00e0 rester sur la route en toute s\u00e9curit\u00e9 m\u00eame en vieillissant : ne surestimez pas votre vue, ne sous-estimez pas l&#039;influence des m\u00e9dicaments, trouvez la bonne voiture ou des informations utiles sur l&#039;ind\u00e9pendance mobile.  Rafra\u00eechissez vos connaissances et augmentez votre s\u00e9curit\u00e9 routi\u00e8re \u00e0 long terme.\" \/>\n<meta property=\"og:url\" content=\"https:\/\/www.fahrschultheorie.ch\/fr\/produit\/acces-direct-routinier24-programme-dapprentissage-en-ligne-version-senior\/\" \/>\n<meta property=\"og:site_name\" content=\"www.fahrschultheorie.ch\" \/>\n<meta property=\"article:modified_time\" content=\"2020-10-30T13:53:06+00:00\" \/>\n<meta property=\"og:image\" content=\"https:\/\/www.fahrschultheorie.ch\/wp-content\/uploads\/2020\/08\/r24_senior_online_visual_opt.jpg\" \/>\n\t<meta property=\"og:image:width\" content=\"1000\" \/>\n\t<meta property=\"og:image:height\" content=\"1000\" \/>\n\t<meta property=\"og:image:type\" content=\"image\/jpeg\" \/>\n<meta name=\"twitter:card\" content=\"summary_large_image\" \/>\n<meta name=\"twitter:label1\" content=\"Prix\" \/>\n\t<meta name=\"twitter:data1\" content=\"&#67;&#72;&#70;39.00\" \/>\n\t<meta name=\"twitter:label2\" content=\"Availability\" \/>\n\t<meta name=\"twitter:data2\" content=\"In stock\" \/>\n<script type=\"application\/ld+json\" class=\"yoast-schema-graph\">{\"@context\":\"https:\/\/schema.org\",\"@graph\":[{\"@type\":\"WebPage\",\"@id\":\"https:\/\/www.fahrschultheorie.ch\/fr\/produit\/acces-direct-routinier24-programme-dapprentissage-en-ligne-version-senior\/\",\"url\":\"https:\/\/www.fahrschultheorie.ch\/fr\/produit\/acces-direct-routinier24-programme-dapprentissage-en-ligne-version-senior\/\",\"name\":\"Acc\u00e8s en ligne imm\u00e9diat rafra\u00eechir vos connaissances sur routinier24 senior - www.fahrschultheorie.ch\",\"isPartOf\":{\"@id\":\"https:\/\/www.fahrschultheorie.ch\/fr\/#website\"},\"datePublished\":\"2020-08-25T06:57:00+00:00\",\"dateModified\":\"2020-10-30T13:53:06+00:00\",\"breadcrumb\":{\"@id\":\"https:\/\/www.fahrschultheorie.ch\/fr\/produit\/acces-direct-routinier24-programme-dapprentissage-en-ligne-version-senior\/#breadcrumb\"},\"inLanguage\":\"fr-FR\",\"potentialAction\":[{\"@type\":\"ReadAction\",\"target\":[\"https:\/\/www.fahrschultheorie.ch\/fr\/produit\/acces-direct-routinier24-programme-dapprentissage-en-ligne-version-senior\/\"]}]},{\"@type\":\"BreadcrumbList\",\"@id\":\"https:\/\/www.fahrschultheorie.ch\/fr\/produit\/acces-direct-routinier24-programme-dapprentissage-en-ligne-version-senior\/#breadcrumb\",\"itemListElement\":[{\"@type\":\"ListItem\",\"position\":1,\"name\":\"Startseite\",\"item\":\"https:\/\/www.fahrschultheorie.ch\/fr\/\"},{\"@type\":\"ListItem\",\"position\":2,\"name\":\"Boutique\",\"item\":\"https:\/\/www.fahrschultheorie.ch\/fr\/boutique\/\"},{\"@type\":\"ListItem\",\"position\":3,\"name\":\"Acc\u00e8s en ligne imm\u00e9diat rafra\u00eechir vos connaissances sur routinier24 senior\"}]},{\"@type\":\"WebSite\",\"@id\":\"https:\/\/www.fahrschultheorie.ch\/fr\/#website\",\"url\":\"https:\/\/www.fahrschultheorie.ch\/fr\/\",\"name\":\"www.fahrschultheorie.ch\",\"description\":\"Der gr\u00f6sste Fahrschulshop der Schweiz\",\"potentialAction\":[{\"@type\":\"SearchAction\",\"target\":{\"@type\":\"EntryPoint\",\"urlTemplate\":\"https:\/\/www.fahrschultheorie.ch\/fr\/?s={search_term_string}\"},\"query-input\":\"required name=search_term_string\"}],\"inLanguage\":\"fr-FR\"}]}<\/script>\n<meta property=\"product:brand\" content=\"En ligne (sur tous les appareils)\" \/>\n<meta property=\"product:price:amount\" content=\"39.00\" \/>\n<meta property=\"product:price:currency\" content=\"CHF\" \/>\n<meta property=\"og:availability\" content=\"instock\" \/>\n<meta property=\"product:availability\" content=\"instock\" \/>\n<meta property=\"product:condition\" content=\"new\" \/>\n<!-- \/ Yoast SEO plugin. -->","yoast_head_json":{"title":"Acc\u00e8s en ligne imm\u00e9diat rafra\u00eechir vos connaissances sur routinier24 senior - www.fahrschultheorie.ch","robots":{"index":"index","follow":"follow","max-snippet":"max-snippet:-1","max-image-preview":"max-image-preview:large","max-video-preview":"max-video-preview:-1"},"canonical":"https:\/\/www.fahrschultheorie.ch\/fr\/produit\/acces-direct-routinier24-programme-dapprentissage-en-ligne-version-senior\/","og_locale":"fr_FR","og_type":"article","og_title":"Acc\u00e8s en ligne imm\u00e9diat rafra\u00eechir vos connaissances sur routinier24 senior - www.fahrschultheorie.ch","og_description":"Le programme d'apprentissage en ligne pour les usagers de la route exp\u00e9riment\u00e9s Pour tous les usagers de la route dont l\u2019examen de conduite a d\u00e9j\u00e0 \u00e9t\u00e9 pass\u00e9 depuis un certain temps. Particuli\u00e8rement pour des accompagnateurs qui effectuent des courses d\u2019exercice priv\u00e9es avec des apprentis conducteurs.  Utilisez routinier24 comme vous le souhaitez via PC, Mac, tablette ou smartphone.  D\u00e9velopp\u00e9 gr\u00e2ce \u00e0 de nombreuses ann\u00e9es d\u2019exp\u00e9rience en tant que titulaire d\u2019une licence officielle de l\u2019Association des Services des Automobiles.  Fonctions\u00a0:  Consulter la th\u00e9orie  Comprend un livre de th\u00e9orie comme ouvrage de r\u00e9f\u00e9rence \u00e9lectronique de la base juridique. \u00c9tudiez la th\u00e9orie de la circulation routi\u00e8re et rafra\u00eechissez vos connaissances ou recherchez des ambigu\u00eft\u00e9s sp\u00e9cifiques.  Suivre l'\u00e9volution de la l\u00e9gislation  Pr\u00e9sentation claire des modifications du droit de la circulation routi\u00e8re \u2013 continuellement mise \u00e0 jour et toujours d\u2019actualit\u00e9.  Pratiquer des situations  Rafra\u00eechissez vos connaissances th\u00e9oriques avec des exercices choisis sur des situations de circulation difficiles et soyez ainsi plus s\u00fbr sur la route.  Tester les connaissances th\u00e9oriques  V\u00e9rifiez facilement vos connaissances nouvellement acquises et obtenez des explications et des justifications pour les bonnes r\u00e9ponses, afin de garantir vos connaissances \u00e0 long terme.  Tout ce qui est important pour les usagers de la route exp\u00e9riment\u00e9s  Une collection de sujets et de contenus pour vous aider \u00e0 rester sur la route en toute s\u00e9curit\u00e9 m\u00eame en vieillissant : ne surestimez pas votre vue, ne sous-estimez pas l'influence des m\u00e9dicaments, trouvez la bonne voiture ou des informations utiles sur l'ind\u00e9pendance mobile.  Rafra\u00eechissez vos connaissances et augmentez votre s\u00e9curit\u00e9 routi\u00e8re \u00e0 long terme.","og_url":"https:\/\/www.fahrschultheorie.ch\/fr\/produit\/acces-direct-routinier24-programme-dapprentissage-en-ligne-version-senior\/","og_site_name":"www.fahrschultheorie.ch","article_modified_time":"2020-10-30T13:53:06+00:00","og_image":[{"width":1000,"height":1000,"url":"https:\/\/www.fahrschultheorie.ch\/wp-content\/uploads\/2020\/08\/r24_senior_online_visual_opt.jpg","type":"image\/jpeg"}],"twitter_card":"summary_large_image","twitter_misc":{"Prix":"&#67;&#72;&#70;39.00","Availability":"In stock"},"schema":{"@context":"https:\/\/schema.org","@graph":[{"@type":"WebPage","@id":"https:\/\/www.fahrschultheorie.ch\/fr\/produit\/acces-direct-routinier24-programme-dapprentissage-en-ligne-version-senior\/","url":"https:\/\/www.fahrschultheorie.ch\/fr\/produit\/acces-direct-routinier24-programme-dapprentissage-en-ligne-version-senior\/","name":"Acc\u00e8s en ligne imm\u00e9diat rafra\u00eechir vos connaissances sur routinier24 senior - www.fahrschultheorie.ch","isPartOf":{"@id":"https:\/\/www.fahrschultheorie.ch\/fr\/#website"},"datePublished":"2020-08-25T06:57:00+00:00","dateModified":"2020-10-30T13:53:06+00:00","breadcrumb":{"@id":"https:\/\/www.fahrschultheorie.ch\/fr\/produit\/acces-direct-routinier24-programme-dapprentissage-en-ligne-version-senior\/#breadcrumb"},"inLanguage":"fr-FR","potentialAction":[{"@type":"ReadAction","target":["https:\/\/www.fahrschultheorie.ch\/fr\/produit\/acces-direct-routinier24-programme-dapprentissage-en-ligne-version-senior\/"]}]},{"@type":"BreadcrumbList","@id":"https:\/\/www.fahrschultheorie.ch\/fr\/produit\/acces-direct-routinier24-programme-dapprentissage-en-ligne-version-senior\/#breadcrumb","itemListElement":[{"@type":"ListItem","position":1,"name":"Startseite","item":"https:\/\/www.fahrschultheorie.ch\/fr\/"},{"@type":"ListItem","position":2,"name":"Boutique","item":"https:\/\/www.fahrschultheorie.ch\/fr\/boutique\/"},{"@type":"ListItem","position":3,"name":"Acc\u00e8s en ligne imm\u00e9diat rafra\u00eechir vos connaissances sur routinier24 senior"}]},{"@type":"WebSite","@id":"https:\/\/www.fahrschultheorie.ch\/fr\/#website","url":"https:\/\/www.fahrschultheorie.ch\/fr\/","name":"www.fahrschultheorie.ch","description":"Der gr\u00f6sste Fahrschulshop der Schweiz","potentialAction":[{"@type":"SearchAction","target":{"@type":"EntryPoint","urlTemplate":"https:\/\/www.fahrschultheorie.ch\/fr\/?s={search_term_string}"},"query-input":"required name=search_term_string"}],"inLanguage":"fr-FR"}]},"product_brand":"En ligne (sur tous les appareils)","product_price_amount":"39.00","product_price_currency":"CHF","og_availability":"instock","product_availability":"instock","product_condition":"new"},"_links":{"self":[{"href":"https:\/\/www.fahrschultheorie.ch\/fr\/wp-json\/wp\/v2\/product\/2881"}],"collection":[{"href":"https:\/\/www.fahrschultheorie.ch\/fr\/wp-json\/wp\/v2\/product"}],"about":[{"href":"https:\/\/www.fahrschultheorie.ch\/fr\/wp-json\/wp\/v2\/types\/product"}],"wp:featuredmedia":[{"embeddable":true,"href":"https:\/\/www.fahrschultheorie.ch\/fr\/wp-json\/wp\/v2\/media\/1774"}],"wp:attachment":[{"href":"https:\/\/www.fahrschultheorie.ch\/fr\/wp-json\/wp\/v2\/media?parent=2881"}],"wp:term":[{"taxonomy":"product_cat","embeddable":true,"href":"https:\/\/www.fahrschultheorie.ch\/fr\/wp-json\/wp\/v2\/product_cat?post=2881"},{"taxonomy":"product_tag","embeddable":true,"href":"https:\/\/www.fahrschultheorie.ch\/fr\/wp-json\/wp\/v2\/product_tag?post=2881"}],"curies":[{"name":"wp","href":"https:\/\/api.w.org\/{rel}","templated":true}]}}