{"id":3472,"date":"2021-01-14T16:43:21","date_gmt":"2021-01-14T14:43:21","guid":{"rendered":"https:\/\/www.fahrschultheorie.ch\/product\/cartes-dapprentissage-pour-lexamen-theorique-l-cards\/"},"modified":"2025-05-19T16:05:58","modified_gmt":"2025-05-19T14:05:58","slug":"cartes-dapprentissage-pour-lexamen-theorique-l-cards","status":"publish","type":"product","link":"https:\/\/www.fahrschultheorie.ch\/fr\/produit\/cartes-dapprentissage-pour-lexamen-theorique-l-cards\/","title":{"rendered":"Cartes d&rsquo;apprentissage pour l&rsquo;examen th\u00e9orique  \u00abL-Cards\u00bb"},"content":{"rendered":"<h1><strong>Cartes d\u2019apprentissage th\u00e9orique \u2013 Les questions les plus importantes &amp; difficiles de l\u2019examen th\u00e9orique\u00a0<\/strong><\/h1>\n<p>Les cartes d\u2019apprentissage th\u00e9orique sont le support id\u00e9al pour la pr\u00e9paration de l\u2019examen th\u00e9orique suisse pour les cat\u00e9gories B, A, A1, F\/G et M<\/p>\n<p><img loading=\"lazy\" decoding=\"async\" class=\"alignnone wp-image-4136\" src=\"https:\/\/www.fahrschultheorie.ch\/wp-content\/uploads\/2021\/04\/100_FR_opt-300x300.png\" alt=\"theorie24 offre une garantie de satisfaction \u00e0 100 % en mati\u00e8re d'apprentissage de la th\u00e9orie.\" width=\"100\" height=\"100\" srcset=\"https:\/\/www.fahrschultheorie.ch\/wp-content\/uploads\/2021\/04\/100_FR_opt-300x300.png 300w, https:\/\/www.fahrschultheorie.ch\/wp-content\/uploads\/2021\/04\/100_FR_opt-100x100.png 100w, https:\/\/www.fahrschultheorie.ch\/wp-content\/uploads\/2021\/04\/100_FR_opt-400x400.png 400w, https:\/\/www.fahrschultheorie.ch\/wp-content\/uploads\/2021\/04\/100_FR_opt-150x150.png 150w, https:\/\/www.fahrschultheorie.ch\/wp-content\/uploads\/2021\/04\/100_FR_opt-32x32.png 32w, https:\/\/www.fahrschultheorie.ch\/wp-content\/uploads\/2021\/04\/100_FR_opt.png 451w\" sizes=\"(max-width: 100px) 100vw, 100px\" \/> <img loading=\"lazy\" decoding=\"async\" class=\"alignnone wp-image-3428\" src=\"https:\/\/www.fahrschultheorie.ch\/wp-content\/uploads\/2021\/02\/Swiss_ALL_opt-300x300.png\" alt=\"theorie24 ist ein Schweizer Produkt seit 1999\" width=\"100\" height=\"100\" srcset=\"https:\/\/www.fahrschultheorie.ch\/wp-content\/uploads\/2021\/02\/Swiss_ALL_opt-300x300.png 300w, https:\/\/www.fahrschultheorie.ch\/wp-content\/uploads\/2021\/02\/Swiss_ALL_opt-100x100.png 100w, https:\/\/www.fahrschultheorie.ch\/wp-content\/uploads\/2021\/02\/Swiss_ALL_opt-150x150.png 150w, https:\/\/www.fahrschultheorie.ch\/wp-content\/uploads\/2021\/02\/Swiss_ALL_opt-32x32.png 32w, https:\/\/www.fahrschultheorie.ch\/wp-content\/uploads\/2021\/02\/Swiss_ALL_opt.png 451w\" sizes=\"(max-width: 100px) 100vw, 100px\" \/> <img loading=\"lazy\" decoding=\"async\" class=\"alignnone wp-image-4139\" src=\"https:\/\/www.fahrschultheorie.ch\/wp-content\/uploads\/2021\/04\/Best_FR_opt-300x300.png\" alt=\"Depuis des ann\u00e9es, theorie24 est recommand\u00e9 et utilis\u00e9 par les moniteurs de conduite dans toute la Suisse.\" width=\"100\" height=\"100\" srcset=\"https:\/\/www.fahrschultheorie.ch\/wp-content\/uploads\/2021\/04\/Best_FR_opt-300x300.png 300w, https:\/\/www.fahrschultheorie.ch\/wp-content\/uploads\/2021\/04\/Best_FR_opt-100x100.png 100w, https:\/\/www.fahrschultheorie.ch\/wp-content\/uploads\/2021\/04\/Best_FR_opt-400x400.png 400w, https:\/\/www.fahrschultheorie.ch\/wp-content\/uploads\/2021\/04\/Best_FR_opt-150x150.png 150w, https:\/\/www.fahrschultheorie.ch\/wp-content\/uploads\/2021\/04\/Best_FR_opt-32x32.png 32w, https:\/\/www.fahrschultheorie.ch\/wp-content\/uploads\/2021\/04\/Best_FR_opt.png 451w\" sizes=\"(max-width: 100px) 100vw, 100px\" \/><\/p>\n<h4><strong><u>Contenu:<\/u><\/strong><\/h4>\n<ul>\n<li>Les questions officielles de l\u2019examen th\u00e9orique pour les cat\u00e9gories B, A, A1, F\/G et M<\/li>\n<li>Les cartes d\u2019apprentissage avec les questions au recto<\/li>\n<li>Num\u00e9ros de page pour les explications dans le livre de th\u00e9orie<\/li>\n<li>Plus de 350 cartes d\u2019apprentissage avec les questions et r\u00e9ponses<\/li>\n<li>Recommand\u00e9 par les moniteurs<\/li>\n<li>Les r\u00e9ponses au verso<\/li>\n<li>Le livre de th\u00e9orie compl\u00e9mentaire aux cartes d\u2019apprentissage est disponible s\u00e9par\u00e9ment<\/li>\n<\/ul>\n<p>Apprendre la th\u00e9orie &#8211; Examen th\u00e9orique voiture &#8211; Examen th\u00e9orique moto &#8211; Apprendre \u00e0 conduire &#8211; Permis de conduire<\/p>\n","protected":false},"excerpt":{"rendered":"<p><strong>L-Cards \u2013 Les questions les plus importantes &amp; difficiles de l\u2019examen th\u00e9orique\u00a0<\/strong><\/p>\n<p>Les cartes d\u2019apprentissage th\u00e9orique sont le support id\u00e9al pour la pr\u00e9paration de l\u2019examen th\u00e9orique suisse pour les cat\u00e9gories B, A, A1, F\/G et M<\/p>\n","protected":false},"featured_media":3246,"template":"","meta":[],"product_cat":[76,75],"product_tag":[],"class_list":{"0":"post-3472","1":"product","2":"type-product","3":"status-publish","4":"has-post-thumbnail","6":"product_cat-moto-categorie-aa1","7":"product_cat-voiture-categorie-b","8":"product_shipping_class-courrier","9":"pa_medium-lernkarten-fr","11":"first","12":"instock","13":"taxable","14":"shipping-taxable","15":"purchasable","16":"product-type-variable","17":"has-default-attributes"},"yoast_head":"<!-- This site is optimized with the Yoast SEO plugin v21.8 - https:\/\/yoast.com\/wordpress\/plugins\/seo\/ -->\n<title>Cartes d&#039;apprentissage pour l&#039;examen th\u00e9orique<\/title>\n<meta name=\"description\" content=\"theorie24.ch Cartes d&#039;apprentissage pour l&#039;examen th\u00e9orique, avec les questions originales les plus difficiles et les plus importantes...\" \/>\n<meta name=\"robots\" content=\"index, follow, max-snippet:-1, max-image-preview:large, max-video-preview:-1\" \/>\n<link rel=\"canonical\" href=\"https:\/\/www.fahrschultheorie.ch\/fr\/produit\/cartes-dapprentissage-pour-lexamen-theorique-l-cards\/\" \/>\n<meta property=\"og:locale\" content=\"fr_FR\" \/>\n<meta property=\"og:type\" content=\"article\" \/>\n<meta property=\"og:title\" content=\"Cartes d&#039;apprentissage pour l&#039;examen th\u00e9orique\" \/>\n<meta property=\"og:description\" content=\"theorie24.ch Cartes d&#039;apprentissage pour l&#039;examen th\u00e9orique, avec les questions originales les plus difficiles et les plus importantes...\" \/>\n<meta property=\"og:url\" content=\"https:\/\/www.fahrschultheorie.ch\/fr\/produit\/cartes-dapprentissage-pour-lexamen-theorique-l-cards\/\" \/>\n<meta property=\"og:site_name\" content=\"www.fahrschultheorie.ch\" \/>\n<meta property=\"article:modified_time\" content=\"2025-05-19T14:05:58+00:00\" \/>\n<meta property=\"og:image\" content=\"https:\/\/www.fahrschultheorie.ch\/wp-content\/uploads\/2021\/01\/LCard_Box_last_1000px_DE.png\" \/>\n\t<meta property=\"og:image:width\" content=\"1000\" \/>\n\t<meta property=\"og:image:height\" content=\"1000\" \/>\n\t<meta property=\"og:image:type\" content=\"image\/png\" \/>\n<meta name=\"twitter:card\" content=\"summary_large_image\" \/>\n<meta name=\"twitter:label1\" content=\"Availability\" \/>\n\t<meta name=\"twitter:data1\" content=\"In stock\" \/>\n<script type=\"application\/ld+json\" class=\"yoast-schema-graph\">{\"@context\":\"https:\/\/schema.org\",\"@graph\":[{\"@type\":\"WebPage\",\"@id\":\"https:\/\/www.fahrschultheorie.ch\/fr\/produit\/cartes-dapprentissage-pour-lexamen-theorique-l-cards\/\",\"url\":\"https:\/\/www.fahrschultheorie.ch\/fr\/produit\/cartes-dapprentissage-pour-lexamen-theorique-l-cards\/\",\"name\":\"Cartes d'apprentissage pour l'examen th\u00e9orique\",\"isPartOf\":{\"@id\":\"https:\/\/www.fahrschultheorie.ch\/fr\/#website\"},\"datePublished\":\"2021-01-14T14:43:21+00:00\",\"dateModified\":\"2025-05-19T14:05:58+00:00\",\"description\":\"theorie24.ch Cartes d'apprentissage pour l'examen th\u00e9orique, avec les questions originales les plus difficiles et les plus importantes...\",\"breadcrumb\":{\"@id\":\"https:\/\/www.fahrschultheorie.ch\/fr\/produit\/cartes-dapprentissage-pour-lexamen-theorique-l-cards\/#breadcrumb\"},\"inLanguage\":\"fr-FR\",\"potentialAction\":[{\"@type\":\"ReadAction\",\"target\":[\"https:\/\/www.fahrschultheorie.ch\/fr\/produit\/cartes-dapprentissage-pour-lexamen-theorique-l-cards\/\"]}]},{\"@type\":\"BreadcrumbList\",\"@id\":\"https:\/\/www.fahrschultheorie.ch\/fr\/produit\/cartes-dapprentissage-pour-lexamen-theorique-l-cards\/#breadcrumb\",\"itemListElement\":[{\"@type\":\"ListItem\",\"position\":1,\"name\":\"Startseite\",\"item\":\"https:\/\/www.fahrschultheorie.ch\/fr\/\"},{\"@type\":\"ListItem\",\"position\":2,\"name\":\"Boutique\",\"item\":\"https:\/\/www.fahrschultheorie.ch\/fr\/boutique\/\"},{\"@type\":\"ListItem\",\"position\":3,\"name\":\"Cartes d&#8217;apprentissage pour l&#8217;examen th\u00e9orique \u00abL-Cards\u00bb\"}]},{\"@type\":\"WebSite\",\"@id\":\"https:\/\/www.fahrschultheorie.ch\/fr\/#website\",\"url\":\"https:\/\/www.fahrschultheorie.ch\/fr\/\",\"name\":\"www.fahrschultheorie.ch\",\"description\":\"Der gr\u00f6sste Fahrschulshop der Schweiz\",\"potentialAction\":[{\"@type\":\"SearchAction\",\"target\":{\"@type\":\"EntryPoint\",\"urlTemplate\":\"https:\/\/www.fahrschultheorie.ch\/fr\/?s={search_term_string}\"},\"query-input\":\"required name=search_term_string\"}],\"inLanguage\":\"fr-FR\"}]}<\/script>\n<meta property=\"product:brand\" content=\"Flashcards\" \/>\n<meta property=\"og:availability\" content=\"instock\" \/>\n<meta property=\"product:availability\" content=\"instock\" \/>\n<meta property=\"product:condition\" content=\"new\" \/>\n<!-- \/ Yoast SEO plugin. -->","yoast_head_json":{"title":"Cartes d'apprentissage pour l'examen th\u00e9orique","description":"theorie24.ch Cartes d'apprentissage pour l'examen th\u00e9orique, avec les questions originales les plus difficiles et les plus importantes...","robots":{"index":"index","follow":"follow","max-snippet":"max-snippet:-1","max-image-preview":"max-image-preview:large","max-video-preview":"max-video-preview:-1"},"canonical":"https:\/\/www.fahrschultheorie.ch\/fr\/produit\/cartes-dapprentissage-pour-lexamen-theorique-l-cards\/","og_locale":"fr_FR","og_type":"article","og_title":"Cartes d'apprentissage pour l'examen th\u00e9orique","og_description":"theorie24.ch Cartes d'apprentissage pour l'examen th\u00e9orique, avec les questions originales les plus difficiles et les plus importantes...","og_url":"https:\/\/www.fahrschultheorie.ch\/fr\/produit\/cartes-dapprentissage-pour-lexamen-theorique-l-cards\/","og_site_name":"www.fahrschultheorie.ch","article_modified_time":"2025-05-19T14:05:58+00:00","og_image":[{"width":1000,"height":1000,"url":"https:\/\/www.fahrschultheorie.ch\/wp-content\/uploads\/2021\/01\/LCard_Box_last_1000px_DE.png","type":"image\/png"}],"twitter_card":"summary_large_image","twitter_misc":{"Availability":"In stock"},"schema":{"@context":"https:\/\/schema.org","@graph":[{"@type":"WebPage","@id":"https:\/\/www.fahrschultheorie.ch\/fr\/produit\/cartes-dapprentissage-pour-lexamen-theorique-l-cards\/","url":"https:\/\/www.fahrschultheorie.ch\/fr\/produit\/cartes-dapprentissage-pour-lexamen-theorique-l-cards\/","name":"Cartes d'apprentissage pour l'examen th\u00e9orique","isPartOf":{"@id":"https:\/\/www.fahrschultheorie.ch\/fr\/#website"},"datePublished":"2021-01-14T14:43:21+00:00","dateModified":"2025-05-19T14:05:58+00:00","description":"theorie24.ch Cartes d'apprentissage pour l'examen th\u00e9orique, avec les questions originales les plus difficiles et les plus importantes...","breadcrumb":{"@id":"https:\/\/www.fahrschultheorie.ch\/fr\/produit\/cartes-dapprentissage-pour-lexamen-theorique-l-cards\/#breadcrumb"},"inLanguage":"fr-FR","potentialAction":[{"@type":"ReadAction","target":["https:\/\/www.fahrschultheorie.ch\/fr\/produit\/cartes-dapprentissage-pour-lexamen-theorique-l-cards\/"]}]},{"@type":"BreadcrumbList","@id":"https:\/\/www.fahrschultheorie.ch\/fr\/produit\/cartes-dapprentissage-pour-lexamen-theorique-l-cards\/#breadcrumb","itemListElement":[{"@type":"ListItem","position":1,"name":"Startseite","item":"https:\/\/www.fahrschultheorie.ch\/fr\/"},{"@type":"ListItem","position":2,"name":"Boutique","item":"https:\/\/www.fahrschultheorie.ch\/fr\/boutique\/"},{"@type":"ListItem","position":3,"name":"Cartes d&#8217;apprentissage pour l&#8217;examen th\u00e9orique \u00abL-Cards\u00bb"}]},{"@type":"WebSite","@id":"https:\/\/www.fahrschultheorie.ch\/fr\/#website","url":"https:\/\/www.fahrschultheorie.ch\/fr\/","name":"www.fahrschultheorie.ch","description":"Der gr\u00f6sste Fahrschulshop der Schweiz","potentialAction":[{"@type":"SearchAction","target":{"@type":"EntryPoint","urlTemplate":"https:\/\/www.fahrschultheorie.ch\/fr\/?s={search_term_string}"},"query-input":"required name=search_term_string"}],"inLanguage":"fr-FR"}]},"product_brand":"Flashcards","og_availability":"instock","product_availability":"instock","product_condition":"new"},"_links":{"self":[{"href":"https:\/\/www.fahrschultheorie.ch\/fr\/wp-json\/wp\/v2\/product\/3472"}],"collection":[{"href":"https:\/\/www.fahrschultheorie.ch\/fr\/wp-json\/wp\/v2\/product"}],"about":[{"href":"https:\/\/www.fahrschultheorie.ch\/fr\/wp-json\/wp\/v2\/types\/product"}],"wp:featuredmedia":[{"embeddable":true,"href":"https:\/\/www.fahrschultheorie.ch\/fr\/wp-json\/wp\/v2\/media\/3246"}],"wp:attachment":[{"href":"https:\/\/www.fahrschultheorie.ch\/fr\/wp-json\/wp\/v2\/media?parent=3472"}],"wp:term":[{"taxonomy":"product_cat","embeddable":true,"href":"https:\/\/www.fahrschultheorie.ch\/fr\/wp-json\/wp\/v2\/product_cat?post=3472"},{"taxonomy":"product_tag","embeddable":true,"href":"https:\/\/www.fahrschultheorie.ch\/fr\/wp-json\/wp\/v2\/product_tag?post=3472"}],"curies":[{"name":"wp","href":"https:\/\/api.w.org\/{rel}","templated":true}]}}