{"id":8679,"date":"2022-03-31T15:23:19","date_gmt":"2022-03-31T13:28:51","guid":{"rendered":"https:\/\/www.fahrschultheorie.ch\/?post_type=product&#038;p=8679"},"modified":"2024-08-13T21:15:22","modified_gmt":"2024-08-13T19:15:22","slug":"california-scents-palmier-a-parfum-pour-voiture","status":"publish","type":"product","link":"https:\/\/www.fahrschultheorie.ch\/fr\/produit\/california-scents-palmier-a-parfum-pour-voiture\/","title":{"rendered":"California Scents Palmier \u00e0 parfum pour voiture en diff\u00e9rents parfums"},"content":{"rendered":"<p><strong>Faites entrer une brise de Californie dans votre voiture ! <\/strong><\/p>\n<p>Les palmiers parfum\u00e9s cultes rappellent toujours le soleil de la c\u00f4te ouest des \u00c9tats-Unis. Le petit palmier se pr\u00e9sente dans un design r\u00e9tro cool et est disponible en diff\u00e9rentes variantes.<\/p>\n<p>\u00ab\u00a0California-Lifestyle\u00a0\u00bb dans votre voiture &#8211; disponible temporairement seulement !<\/p>\n","protected":false},"excerpt":{"rendered":"<p><strong>Faites entrer une brise de Californie dans votre voiture ! <\/strong><\/p>\n<p>Les palmiers parfum\u00e9s cultes rappellent toujours le soleil de la c\u00f4te ouest des \u00c9tats-Unis. Le petit palmier se pr\u00e9sente dans un design r\u00e9tro cool et est disponible en diff\u00e9rentes variantes.<\/p>\n<p>\u00ab\u00a0California-Lifestyle\u00a0\u00bb dans votre voiture &#8211; disponible temporairement seulement !<\/p>\n","protected":false},"featured_media":8836,"template":"","meta":[],"product_cat":[167],"product_tag":[],"class_list":{"0":"post-8679","1":"product","2":"type-product","3":"status-publish","4":"has-post-thumbnail","6":"product_cat-accessoires","8":"first","9":"instock","10":"taxable","11":"shipping-taxable","12":"purchasable","13":"product-type-variable"},"yoast_head":"<!-- This site is optimized with the Yoast SEO plugin v21.8 - https:\/\/yoast.com\/wordpress\/plugins\/seo\/ -->\n<title>California Scents Palmier \u00e0 parfum pour voiture en diff\u00e9rents parfums - www.fahrschultheorie.ch<\/title>\n<meta name=\"description\" content=\"Les palmiers parfum\u00e9s cultes rappellent toujours le soleil de la c\u00f4te ouest des \u00c9tats-Unis.\" \/>\n<meta name=\"robots\" content=\"index, follow, max-snippet:-1, max-image-preview:large, max-video-preview:-1\" \/>\n<link rel=\"canonical\" href=\"https:\/\/www.fahrschultheorie.ch\/fr\/produit\/california-scents-palmier-a-parfum-pour-voiture\/\" \/>\n<meta property=\"og:locale\" content=\"fr_FR\" \/>\n<meta property=\"og:type\" content=\"article\" \/>\n<meta property=\"og:title\" content=\"California Scents Palmier \u00e0 parfum pour voiture en diff\u00e9rents parfums - www.fahrschultheorie.ch\" \/>\n<meta property=\"og:description\" content=\"Les palmiers parfum\u00e9s cultes rappellent toujours le soleil de la c\u00f4te ouest des \u00c9tats-Unis.\" \/>\n<meta property=\"og:url\" content=\"https:\/\/www.fahrschultheorie.ch\/fr\/produit\/california-scents-palmier-a-parfum-pour-voiture\/\" \/>\n<meta property=\"og:site_name\" content=\"www.fahrschultheorie.ch\" \/>\n<meta property=\"article:modified_time\" content=\"2024-08-13T19:15:22+00:00\" \/>\n<meta property=\"og:image\" content=\"https:\/\/www.fahrschultheorie.ch\/wp-content\/uploads\/2022\/03\/California_CHERRY.png\" \/>\n\t<meta property=\"og:image:width\" content=\"1000\" \/>\n\t<meta property=\"og:image:height\" content=\"1000\" \/>\n\t<meta property=\"og:image:type\" content=\"image\/png\" \/>\n<meta name=\"twitter:card\" content=\"summary_large_image\" \/>\n<meta name=\"twitter:label1\" content=\"Availability\" \/>\n\t<meta name=\"twitter:data1\" content=\"In stock\" \/>\n<script type=\"application\/ld+json\" class=\"yoast-schema-graph\">{\"@context\":\"https:\/\/schema.org\",\"@graph\":[{\"@type\":\"WebPage\",\"@id\":\"https:\/\/www.fahrschultheorie.ch\/fr\/produit\/california-scents-palmier-a-parfum-pour-voiture\/\",\"url\":\"https:\/\/www.fahrschultheorie.ch\/fr\/produit\/california-scents-palmier-a-parfum-pour-voiture\/\",\"name\":\"California Scents Palmier \u00e0 parfum pour voiture en diff\u00e9rents parfums - www.fahrschultheorie.ch\",\"isPartOf\":{\"@id\":\"https:\/\/www.fahrschultheorie.ch\/fr\/#website\"},\"datePublished\":\"2022-03-31T13:28:51+00:00\",\"dateModified\":\"2024-08-13T19:15:22+00:00\",\"description\":\"Les palmiers parfum\u00e9s cultes rappellent toujours le soleil de la c\u00f4te ouest des \u00c9tats-Unis.\",\"breadcrumb\":{\"@id\":\"https:\/\/www.fahrschultheorie.ch\/fr\/produit\/california-scents-palmier-a-parfum-pour-voiture\/#breadcrumb\"},\"inLanguage\":\"fr-FR\",\"potentialAction\":[{\"@type\":\"ReadAction\",\"target\":[\"https:\/\/www.fahrschultheorie.ch\/fr\/produit\/california-scents-palmier-a-parfum-pour-voiture\/\"]}]},{\"@type\":\"BreadcrumbList\",\"@id\":\"https:\/\/www.fahrschultheorie.ch\/fr\/produit\/california-scents-palmier-a-parfum-pour-voiture\/#breadcrumb\",\"itemListElement\":[{\"@type\":\"ListItem\",\"position\":1,\"name\":\"Startseite\",\"item\":\"https:\/\/www.fahrschultheorie.ch\/fr\/\"},{\"@type\":\"ListItem\",\"position\":2,\"name\":\"Boutique\",\"item\":\"https:\/\/www.fahrschultheorie.ch\/fr\/boutique\/\"},{\"@type\":\"ListItem\",\"position\":3,\"name\":\"California Scents Palmier \u00e0 parfum pour voiture en diff\u00e9rents parfums\"}]},{\"@type\":\"WebSite\",\"@id\":\"https:\/\/www.fahrschultheorie.ch\/fr\/#website\",\"url\":\"https:\/\/www.fahrschultheorie.ch\/fr\/\",\"name\":\"www.fahrschultheorie.ch\",\"description\":\"Der gr\u00f6sste Fahrschulshop der Schweiz\",\"potentialAction\":[{\"@type\":\"SearchAction\",\"target\":{\"@type\":\"EntryPoint\",\"urlTemplate\":\"https:\/\/www.fahrschultheorie.ch\/fr\/?s={search_term_string}\"},\"query-input\":\"required name=search_term_string\"}],\"inLanguage\":\"fr-FR\"}]}<\/script>\n<meta property=\"og:availability\" content=\"instock\" \/>\n<meta property=\"product:availability\" content=\"instock\" \/>\n<meta property=\"product:condition\" content=\"new\" \/>\n<!-- \/ Yoast SEO plugin. -->","yoast_head_json":{"title":"California Scents Palmier \u00e0 parfum pour voiture en diff\u00e9rents parfums - www.fahrschultheorie.ch","description":"Les palmiers parfum\u00e9s cultes rappellent toujours le soleil de la c\u00f4te ouest des \u00c9tats-Unis.","robots":{"index":"index","follow":"follow","max-snippet":"max-snippet:-1","max-image-preview":"max-image-preview:large","max-video-preview":"max-video-preview:-1"},"canonical":"https:\/\/www.fahrschultheorie.ch\/fr\/produit\/california-scents-palmier-a-parfum-pour-voiture\/","og_locale":"fr_FR","og_type":"article","og_title":"California Scents Palmier \u00e0 parfum pour voiture en diff\u00e9rents parfums - www.fahrschultheorie.ch","og_description":"Les palmiers parfum\u00e9s cultes rappellent toujours le soleil de la c\u00f4te ouest des \u00c9tats-Unis.","og_url":"https:\/\/www.fahrschultheorie.ch\/fr\/produit\/california-scents-palmier-a-parfum-pour-voiture\/","og_site_name":"www.fahrschultheorie.ch","article_modified_time":"2024-08-13T19:15:22+00:00","og_image":[{"width":1000,"height":1000,"url":"https:\/\/www.fahrschultheorie.ch\/wp-content\/uploads\/2022\/03\/California_CHERRY.png","type":"image\/png"}],"twitter_card":"summary_large_image","twitter_misc":{"Availability":"In stock"},"schema":{"@context":"https:\/\/schema.org","@graph":[{"@type":"WebPage","@id":"https:\/\/www.fahrschultheorie.ch\/fr\/produit\/california-scents-palmier-a-parfum-pour-voiture\/","url":"https:\/\/www.fahrschultheorie.ch\/fr\/produit\/california-scents-palmier-a-parfum-pour-voiture\/","name":"California Scents Palmier \u00e0 parfum pour voiture en diff\u00e9rents parfums - www.fahrschultheorie.ch","isPartOf":{"@id":"https:\/\/www.fahrschultheorie.ch\/fr\/#website"},"datePublished":"2022-03-31T13:28:51+00:00","dateModified":"2024-08-13T19:15:22+00:00","description":"Les palmiers parfum\u00e9s cultes rappellent toujours le soleil de la c\u00f4te ouest des \u00c9tats-Unis.","breadcrumb":{"@id":"https:\/\/www.fahrschultheorie.ch\/fr\/produit\/california-scents-palmier-a-parfum-pour-voiture\/#breadcrumb"},"inLanguage":"fr-FR","potentialAction":[{"@type":"ReadAction","target":["https:\/\/www.fahrschultheorie.ch\/fr\/produit\/california-scents-palmier-a-parfum-pour-voiture\/"]}]},{"@type":"BreadcrumbList","@id":"https:\/\/www.fahrschultheorie.ch\/fr\/produit\/california-scents-palmier-a-parfum-pour-voiture\/#breadcrumb","itemListElement":[{"@type":"ListItem","position":1,"name":"Startseite","item":"https:\/\/www.fahrschultheorie.ch\/fr\/"},{"@type":"ListItem","position":2,"name":"Boutique","item":"https:\/\/www.fahrschultheorie.ch\/fr\/boutique\/"},{"@type":"ListItem","position":3,"name":"California Scents Palmier \u00e0 parfum pour voiture en diff\u00e9rents parfums"}]},{"@type":"WebSite","@id":"https:\/\/www.fahrschultheorie.ch\/fr\/#website","url":"https:\/\/www.fahrschultheorie.ch\/fr\/","name":"www.fahrschultheorie.ch","description":"Der gr\u00f6sste Fahrschulshop der Schweiz","potentialAction":[{"@type":"SearchAction","target":{"@type":"EntryPoint","urlTemplate":"https:\/\/www.fahrschultheorie.ch\/fr\/?s={search_term_string}"},"query-input":"required name=search_term_string"}],"inLanguage":"fr-FR"}]},"og_availability":"instock","product_availability":"instock","product_condition":"new"},"_links":{"self":[{"href":"https:\/\/www.fahrschultheorie.ch\/fr\/wp-json\/wp\/v2\/product\/8679"}],"collection":[{"href":"https:\/\/www.fahrschultheorie.ch\/fr\/wp-json\/wp\/v2\/product"}],"about":[{"href":"https:\/\/www.fahrschultheorie.ch\/fr\/wp-json\/wp\/v2\/types\/product"}],"wp:featuredmedia":[{"embeddable":true,"href":"https:\/\/www.fahrschultheorie.ch\/fr\/wp-json\/wp\/v2\/media\/8836"}],"wp:attachment":[{"href":"https:\/\/www.fahrschultheorie.ch\/fr\/wp-json\/wp\/v2\/media?parent=8679"}],"wp:term":[{"taxonomy":"product_cat","embeddable":true,"href":"https:\/\/www.fahrschultheorie.ch\/fr\/wp-json\/wp\/v2\/product_cat?post=8679"},{"taxonomy":"product_tag","embeddable":true,"href":"https:\/\/www.fahrschultheorie.ch\/fr\/wp-json\/wp\/v2\/product_tag?post=8679"}],"curies":[{"name":"wp","href":"https:\/\/api.w.org\/{rel}","templated":true}]}}