{"id":8696,"date":"2022-03-31T14:29:20","date_gmt":"2022-03-31T12:29:39","guid":{"rendered":"https:\/\/www.fahrschultheorie.ch\/?post_type=product&#038;p=8696"},"modified":"2025-06-11T11:45:52","modified_gmt":"2025-06-11T09:45:52","slug":"trousse-de-premiers-secours-pour-voiture","status":"publish","type":"product","link":"https:\/\/www.fahrschultheorie.ch\/fr\/produit\/trousse-de-premiers-secours-pour-voiture\/","title":{"rendered":"Trousse de premiers secours pour voiture"},"content":{"rendered":"<h3><strong>Soyez pr\u00eat en cas d&rsquo;urgence !<\/strong><\/h3>\n<p>Trousse de premiers secours enti\u00e8rement \u00e9quip\u00e9e selon la norme DIN 13164. Couverture de survie et brochure de premiers secours incluses dans un \u00e9tui en nylon robuste.<\/p>\n<p><strong>Contenu:<\/strong><\/p>\n<ul>\n<li>2 chiffons de nettoyage de peau<\/li>\n<li>1 rouleau de sparadrap 5 m x 2.5 cm<\/li>\n<li>4 pansements d&rsquo;urgencs 10 cm x 6 cm<\/li>\n<li>2 pansements pour le bout des doigts<\/li>\n<li>2 pansements pour doigts 12 cm x 2 cm<\/li>\n<li>2 pansements pr\u00e9d\u00e9coup\u00e9s 1.9 cm x 7.2 cm<\/li>\n<li>4 pansements pr\u00e9d\u00e9coup\u00e9s 2.5 cm x 7.2 cm<\/li>\n<li>1 paquet de bandage petit<\/li>\n<li>2 paquets de bandage moyen<\/li>\n<li>1 paquet de bandage grand<\/li>\n<li>1 pansement en tissu 600 x 800 mm<\/li>\n<li>6 compresses 100 x 100 mm<\/li>\n<li>2 bandes de fixation \u00e9lastiques 6 cm x 400 cm<\/li>\n<li>3 bandes de fixation \u00e9lastiques 8 cm x 400 cm<\/li>\n<li>1 couverture de survie<\/li>\n<li>1 bande triangulaire<\/li>\n<li>2 masques faciaux<\/li>\n<li>1 paire de ciseaux de premiers secours<\/li>\n<li>4 gants jetables grand taille<\/li>\n<li>1 brochure de premiers secours<\/li>\n<li>1 liste de contenu<\/li>\n<\/ul>\n","protected":false},"excerpt":{"rendered":"<p>\u00c9quipement complet conforme \u00e0 la norme DIN 13164.<\/p>\n<p>Couverture de survie et brochure de premiers secours incluses dans un sac robuste en nylon.<\/p>\n","protected":false},"featured_media":10621,"template":"","meta":[],"product_cat":[167],"product_tag":[],"class_list":{"0":"post-8696","1":"product","2":"type-product","3":"status-publish","4":"has-post-thumbnail","6":"product_cat-accessoires","7":"product_shipping_class-courrier","9":"first","10":"outofstock","11":"taxable","12":"shipping-taxable","13":"purchasable","14":"product-type-simple"},"yoast_head":"<!-- This site is optimized with the Yoast SEO plugin v21.8 - https:\/\/yoast.com\/wordpress\/plugins\/seo\/ -->\n<title>Trousse de premiers secours pour voiture - www.fahrschultheorie.ch<\/title>\n<meta name=\"description\" content=\"\u00c9quipement complet conforme \u00e0 la norme DIN 13164. Couverture de survie et brochure de premiers secours incluses dans un sac robuste en nylon.\" \/>\n<meta name=\"robots\" content=\"index, follow, max-snippet:-1, max-image-preview:large, max-video-preview:-1\" \/>\n<link rel=\"canonical\" href=\"https:\/\/www.fahrschultheorie.ch\/fr\/produit\/trousse-de-premiers-secours-pour-voiture\/\" \/>\n<meta property=\"og:locale\" content=\"fr_FR\" \/>\n<meta property=\"og:type\" content=\"article\" \/>\n<meta property=\"og:title\" content=\"Trousse de premiers secours pour voiture - www.fahrschultheorie.ch\" \/>\n<meta property=\"og:description\" content=\"\u00c9quipement complet conforme \u00e0 la norme DIN 13164. Couverture de survie et brochure de premiers secours incluses dans un sac robuste en nylon.\" \/>\n<meta property=\"og:url\" content=\"https:\/\/www.fahrschultheorie.ch\/fr\/produit\/trousse-de-premiers-secours-pour-voiture\/\" \/>\n<meta property=\"og:site_name\" content=\"www.fahrschultheorie.ch\" \/>\n<meta property=\"article:modified_time\" content=\"2025-06-11T09:45:52+00:00\" \/>\n<meta property=\"og:image\" content=\"https:\/\/www.fahrschultheorie.ch\/wp-content\/uploads\/2022\/12\/17994_Verbandtasche.jpg\" \/>\n\t<meta property=\"og:image:width\" content=\"300\" \/>\n\t<meta property=\"og:image:height\" content=\"300\" \/>\n\t<meta property=\"og:image:type\" content=\"image\/jpeg\" \/>\n<meta name=\"twitter:card\" content=\"summary_large_image\" \/>\n<meta name=\"twitter:label1\" content=\"Prix\" \/>\n\t<meta name=\"twitter:data1\" content=\"&#67;&#72;&#70;19.90\" \/>\n\t<meta name=\"twitter:label2\" content=\"Availability\" \/>\n\t<meta name=\"twitter:data2\" content=\"Out of stock\" \/>\n<script type=\"application\/ld+json\" class=\"yoast-schema-graph\">{\"@context\":\"https:\/\/schema.org\",\"@graph\":[{\"@type\":\"WebPage\",\"@id\":\"https:\/\/www.fahrschultheorie.ch\/fr\/produit\/trousse-de-premiers-secours-pour-voiture\/\",\"url\":\"https:\/\/www.fahrschultheorie.ch\/fr\/produit\/trousse-de-premiers-secours-pour-voiture\/\",\"name\":\"Trousse de premiers secours pour voiture - www.fahrschultheorie.ch\",\"isPartOf\":{\"@id\":\"https:\/\/www.fahrschultheorie.ch\/fr\/#website\"},\"datePublished\":\"2022-03-31T12:29:39+00:00\",\"dateModified\":\"2025-06-11T09:45:52+00:00\",\"description\":\"\u00c9quipement complet conforme \u00e0 la norme DIN 13164. Couverture de survie et brochure de premiers secours incluses dans un sac robuste en nylon.\",\"breadcrumb\":{\"@id\":\"https:\/\/www.fahrschultheorie.ch\/fr\/produit\/trousse-de-premiers-secours-pour-voiture\/#breadcrumb\"},\"inLanguage\":\"fr-FR\",\"potentialAction\":[{\"@type\":\"ReadAction\",\"target\":[\"https:\/\/www.fahrschultheorie.ch\/fr\/produit\/trousse-de-premiers-secours-pour-voiture\/\"]}]},{\"@type\":\"BreadcrumbList\",\"@id\":\"https:\/\/www.fahrschultheorie.ch\/fr\/produit\/trousse-de-premiers-secours-pour-voiture\/#breadcrumb\",\"itemListElement\":[{\"@type\":\"ListItem\",\"position\":1,\"name\":\"Startseite\",\"item\":\"https:\/\/www.fahrschultheorie.ch\/fr\/\"},{\"@type\":\"ListItem\",\"position\":2,\"name\":\"Boutique\",\"item\":\"https:\/\/www.fahrschultheorie.ch\/fr\/boutique\/\"},{\"@type\":\"ListItem\",\"position\":3,\"name\":\"Trousse de premiers secours pour voiture\"}]},{\"@type\":\"WebSite\",\"@id\":\"https:\/\/www.fahrschultheorie.ch\/fr\/#website\",\"url\":\"https:\/\/www.fahrschultheorie.ch\/fr\/\",\"name\":\"www.fahrschultheorie.ch\",\"description\":\"Der gr\u00f6sste Fahrschulshop der Schweiz\",\"potentialAction\":[{\"@type\":\"SearchAction\",\"target\":{\"@type\":\"EntryPoint\",\"urlTemplate\":\"https:\/\/www.fahrschultheorie.ch\/fr\/?s={search_term_string}\"},\"query-input\":\"required name=search_term_string\"}],\"inLanguage\":\"fr-FR\"}]}<\/script>\n<meta property=\"product:price:amount\" content=\"19.90\" \/>\n<meta property=\"product:price:currency\" content=\"CHF\" \/>\n<meta property=\"og:availability\" content=\"out of stock\" \/>\n<meta property=\"product:availability\" content=\"out of stock\" \/>\n<meta property=\"product:retailer_item_id\" content=\"4010126179944\" \/>\n<meta property=\"product:condition\" content=\"new\" \/>\n<!-- \/ Yoast SEO plugin. -->","yoast_head_json":{"title":"Trousse de premiers secours pour voiture - www.fahrschultheorie.ch","description":"\u00c9quipement complet conforme \u00e0 la norme DIN 13164. Couverture de survie et brochure de premiers secours incluses dans un sac robuste en nylon.","robots":{"index":"index","follow":"follow","max-snippet":"max-snippet:-1","max-image-preview":"max-image-preview:large","max-video-preview":"max-video-preview:-1"},"canonical":"https:\/\/www.fahrschultheorie.ch\/fr\/produit\/trousse-de-premiers-secours-pour-voiture\/","og_locale":"fr_FR","og_type":"article","og_title":"Trousse de premiers secours pour voiture - www.fahrschultheorie.ch","og_description":"\u00c9quipement complet conforme \u00e0 la norme DIN 13164. Couverture de survie et brochure de premiers secours incluses dans un sac robuste en nylon.","og_url":"https:\/\/www.fahrschultheorie.ch\/fr\/produit\/trousse-de-premiers-secours-pour-voiture\/","og_site_name":"www.fahrschultheorie.ch","article_modified_time":"2025-06-11T09:45:52+00:00","og_image":[{"width":300,"height":300,"url":"https:\/\/www.fahrschultheorie.ch\/wp-content\/uploads\/2022\/12\/17994_Verbandtasche.jpg","type":"image\/jpeg"}],"twitter_card":"summary_large_image","twitter_misc":{"Prix":"&#67;&#72;&#70;19.90","Availability":"Out of stock"},"schema":{"@context":"https:\/\/schema.org","@graph":[{"@type":"WebPage","@id":"https:\/\/www.fahrschultheorie.ch\/fr\/produit\/trousse-de-premiers-secours-pour-voiture\/","url":"https:\/\/www.fahrschultheorie.ch\/fr\/produit\/trousse-de-premiers-secours-pour-voiture\/","name":"Trousse de premiers secours pour voiture - www.fahrschultheorie.ch","isPartOf":{"@id":"https:\/\/www.fahrschultheorie.ch\/fr\/#website"},"datePublished":"2022-03-31T12:29:39+00:00","dateModified":"2025-06-11T09:45:52+00:00","description":"\u00c9quipement complet conforme \u00e0 la norme DIN 13164. Couverture de survie et brochure de premiers secours incluses dans un sac robuste en nylon.","breadcrumb":{"@id":"https:\/\/www.fahrschultheorie.ch\/fr\/produit\/trousse-de-premiers-secours-pour-voiture\/#breadcrumb"},"inLanguage":"fr-FR","potentialAction":[{"@type":"ReadAction","target":["https:\/\/www.fahrschultheorie.ch\/fr\/produit\/trousse-de-premiers-secours-pour-voiture\/"]}]},{"@type":"BreadcrumbList","@id":"https:\/\/www.fahrschultheorie.ch\/fr\/produit\/trousse-de-premiers-secours-pour-voiture\/#breadcrumb","itemListElement":[{"@type":"ListItem","position":1,"name":"Startseite","item":"https:\/\/www.fahrschultheorie.ch\/fr\/"},{"@type":"ListItem","position":2,"name":"Boutique","item":"https:\/\/www.fahrschultheorie.ch\/fr\/boutique\/"},{"@type":"ListItem","position":3,"name":"Trousse de premiers secours pour voiture"}]},{"@type":"WebSite","@id":"https:\/\/www.fahrschultheorie.ch\/fr\/#website","url":"https:\/\/www.fahrschultheorie.ch\/fr\/","name":"www.fahrschultheorie.ch","description":"Der gr\u00f6sste Fahrschulshop der Schweiz","potentialAction":[{"@type":"SearchAction","target":{"@type":"EntryPoint","urlTemplate":"https:\/\/www.fahrschultheorie.ch\/fr\/?s={search_term_string}"},"query-input":"required name=search_term_string"}],"inLanguage":"fr-FR"}]},"product_price_amount":"19.90","product_price_currency":"CHF","og_availability":"out of stock","product_availability":"out of stock","product_retailer_item_id":"4010126179944","product_condition":"new"},"_links":{"self":[{"href":"https:\/\/www.fahrschultheorie.ch\/fr\/wp-json\/wp\/v2\/product\/8696"}],"collection":[{"href":"https:\/\/www.fahrschultheorie.ch\/fr\/wp-json\/wp\/v2\/product"}],"about":[{"href":"https:\/\/www.fahrschultheorie.ch\/fr\/wp-json\/wp\/v2\/types\/product"}],"wp:featuredmedia":[{"embeddable":true,"href":"https:\/\/www.fahrschultheorie.ch\/fr\/wp-json\/wp\/v2\/media\/10621"}],"wp:attachment":[{"href":"https:\/\/www.fahrschultheorie.ch\/fr\/wp-json\/wp\/v2\/media?parent=8696"}],"wp:term":[{"taxonomy":"product_cat","embeddable":true,"href":"https:\/\/www.fahrschultheorie.ch\/fr\/wp-json\/wp\/v2\/product_cat?post=8696"},{"taxonomy":"product_tag","embeddable":true,"href":"https:\/\/www.fahrschultheorie.ch\/fr\/wp-json\/wp\/v2\/product_tag?post=8696"}],"curies":[{"name":"wp","href":"https:\/\/api.w.org\/{rel}","templated":true}]}}