{"id":8784,"date":"2022-03-30T14:55:43","date_gmt":"2022-03-31T12:23:37","guid":{"rendered":"https:\/\/www.fahrschultheorie.ch\/?post_type=product&#038;p=8784"},"modified":"2024-01-24T20:29:47","modified_gmt":"2024-01-24T18:29:47","slug":"ethylometre-numerique","status":"publish","type":"product","link":"https:\/\/www.fahrschultheorie.ch\/fr\/produit\/ethylometre-numerique\/","title":{"rendered":"Ethylom\u00e8tre num\u00e9rique"},"content":{"rendered":"<p>En principe, <strong>celui qui boit ne conduit pas !\u00a0<\/strong><\/p>\n<p>Mais s&rsquo;il ne reste pas sans alcool, joue la carte de la s\u00e9curit\u00e9 avec notre ethylom\u00e8tre num\u00e9rique<\/p>\n<p>Le testeur mesure le taux d&rsquo;alcool dans l&rsquo;air expir\u00e9.<\/p>\n<ul>\n<li>Facile \u00e0 utiliser<\/li>\n<li>R\u00e9sultats de mesure rapides<\/li>\n<li>Contr\u00f4l\u00e9 par microprocesseur<\/li>\n<li>Affichage LCD<\/li>\n<li>Affichage d&rsquo;avertissement en cas d&rsquo;augmentation de la valeur d&rsquo;alcool mesur\u00e9e<\/li>\n<li>Mesurable en \u2030 et g\/L<\/li>\n<li>Plage de mesure : 0,0-1,9\u2030 (0,0-1,9 g\/L)<\/li>\n<li>Pr\u00e9cision : 0,1\u2030 (0,1 g\/L)<\/li>\n<li>Fonctionne avec 2 piles AAA (non incluses)<\/li>\n<\/ul>\n<p><strong>Remarque importante :<\/strong> le r\u00e9sultat de la mesure est donn\u00e9 \u00e0 titre indicatif et ne permet pas de confirmer l&rsquo;aptitude \u00e0 conduire.<\/p>\n","protected":false},"excerpt":{"rendered":"<p>Le testeur mesure le taux d&rsquo;alcool dans l&rsquo;air expir\u00e9.<\/p>\n<p><strong>Remarque importante :<\/strong> le r\u00e9sultat de la mesure est donn\u00e9 \u00e0 titre indicatif et ne permet pas de confirmer l&rsquo;aptitude \u00e0 conduire.<\/p>\n","protected":false},"featured_media":8860,"template":"","meta":[],"product_cat":[167],"product_tag":[],"class_list":{"0":"post-8784","1":"product","2":"type-product","3":"status-publish","4":"has-post-thumbnail","6":"product_cat-accessoires","7":"product_shipping_class-courrier","9":"first","10":"outofstock","11":"taxable","12":"shipping-taxable","13":"purchasable","14":"product-type-simple"},"yoast_head":"<!-- This site is optimized with the Yoast SEO plugin v21.8 - https:\/\/yoast.com\/wordpress\/plugins\/seo\/ -->\n<title>Ethylom\u00e8tre num\u00e9rique - www.fahrschultheorie.ch<\/title>\n<meta name=\"description\" content=\"Le testeur mesure le taux d&#039;alcool dans l&#039;air expir\u00e9. Affichage d&#039;avertissement en cas d&#039;augmentation de la valeur d&#039;alcool mesur\u00e9e\" \/>\n<meta name=\"robots\" content=\"index, follow, max-snippet:-1, max-image-preview:large, max-video-preview:-1\" \/>\n<link rel=\"canonical\" href=\"https:\/\/www.fahrschultheorie.ch\/fr\/produit\/ethylometre-numerique\/\" \/>\n<meta property=\"og:locale\" content=\"fr_FR\" \/>\n<meta property=\"og:type\" content=\"article\" \/>\n<meta property=\"og:title\" content=\"Ethylom\u00e8tre num\u00e9rique - www.fahrschultheorie.ch\" \/>\n<meta property=\"og:description\" content=\"Le testeur mesure le taux d&#039;alcool dans l&#039;air expir\u00e9. Affichage d&#039;avertissement en cas d&#039;augmentation de la valeur d&#039;alcool mesur\u00e9e\" \/>\n<meta property=\"og:url\" content=\"https:\/\/www.fahrschultheorie.ch\/fr\/produit\/ethylometre-numerique\/\" \/>\n<meta property=\"og:site_name\" content=\"www.fahrschultheorie.ch\" \/>\n<meta property=\"article:modified_time\" content=\"2024-01-24T18:29:47+00:00\" \/>\n<meta property=\"og:image\" content=\"https:\/\/www.fahrschultheorie.ch\/wp-content\/uploads\/2022\/03\/Alkoholtester_LCD_Digital.png\" \/>\n\t<meta property=\"og:image:width\" content=\"1000\" \/>\n\t<meta property=\"og:image:height\" content=\"1000\" \/>\n\t<meta property=\"og:image:type\" content=\"image\/png\" \/>\n<meta name=\"twitter:card\" content=\"summary_large_image\" \/>\n<meta name=\"twitter:label1\" content=\"Prix\" \/>\n\t<meta name=\"twitter:data1\" content=\"&#67;&#72;&#70;16.90\" \/>\n\t<meta name=\"twitter:label2\" content=\"Availability\" \/>\n\t<meta name=\"twitter:data2\" content=\"Out of stock\" \/>\n<script type=\"application\/ld+json\" class=\"yoast-schema-graph\">{\"@context\":\"https:\/\/schema.org\",\"@graph\":[{\"@type\":\"WebPage\",\"@id\":\"https:\/\/www.fahrschultheorie.ch\/fr\/produit\/ethylometre-numerique\/\",\"url\":\"https:\/\/www.fahrschultheorie.ch\/fr\/produit\/ethylometre-numerique\/\",\"name\":\"Ethylom\u00e8tre num\u00e9rique - www.fahrschultheorie.ch\",\"isPartOf\":{\"@id\":\"https:\/\/www.fahrschultheorie.ch\/fr\/#website\"},\"datePublished\":\"2022-03-31T12:23:37+00:00\",\"dateModified\":\"2024-01-24T18:29:47+00:00\",\"description\":\"Le testeur mesure le taux d'alcool dans l'air expir\u00e9. Affichage d'avertissement en cas d'augmentation de la valeur d'alcool mesur\u00e9e\",\"breadcrumb\":{\"@id\":\"https:\/\/www.fahrschultheorie.ch\/fr\/produit\/ethylometre-numerique\/#breadcrumb\"},\"inLanguage\":\"fr-FR\",\"potentialAction\":[{\"@type\":\"ReadAction\",\"target\":[\"https:\/\/www.fahrschultheorie.ch\/fr\/produit\/ethylometre-numerique\/\"]}]},{\"@type\":\"BreadcrumbList\",\"@id\":\"https:\/\/www.fahrschultheorie.ch\/fr\/produit\/ethylometre-numerique\/#breadcrumb\",\"itemListElement\":[{\"@type\":\"ListItem\",\"position\":1,\"name\":\"Startseite\",\"item\":\"https:\/\/www.fahrschultheorie.ch\/fr\/\"},{\"@type\":\"ListItem\",\"position\":2,\"name\":\"Boutique\",\"item\":\"https:\/\/www.fahrschultheorie.ch\/fr\/boutique\/\"},{\"@type\":\"ListItem\",\"position\":3,\"name\":\"Ethylom\u00e8tre num\u00e9rique\"}]},{\"@type\":\"WebSite\",\"@id\":\"https:\/\/www.fahrschultheorie.ch\/fr\/#website\",\"url\":\"https:\/\/www.fahrschultheorie.ch\/fr\/\",\"name\":\"www.fahrschultheorie.ch\",\"description\":\"Der gr\u00f6sste Fahrschulshop der Schweiz\",\"potentialAction\":[{\"@type\":\"SearchAction\",\"target\":{\"@type\":\"EntryPoint\",\"urlTemplate\":\"https:\/\/www.fahrschultheorie.ch\/fr\/?s={search_term_string}\"},\"query-input\":\"required name=search_term_string\"}],\"inLanguage\":\"fr-FR\"}]}<\/script>\n<meta property=\"product:price:amount\" content=\"16.90\" \/>\n<meta property=\"product:price:currency\" content=\"CHF\" \/>\n<meta property=\"og:availability\" content=\"out of stock\" \/>\n<meta property=\"product:availability\" content=\"out of stock\" \/>\n<meta property=\"product:retailer_item_id\" content=\"4010126180476\" \/>\n<meta property=\"product:condition\" content=\"new\" \/>\n<!-- \/ Yoast SEO plugin. -->","yoast_head_json":{"title":"Ethylom\u00e8tre num\u00e9rique - www.fahrschultheorie.ch","description":"Le testeur mesure le taux d'alcool dans l'air expir\u00e9. Affichage d'avertissement en cas d'augmentation de la valeur d'alcool mesur\u00e9e","robots":{"index":"index","follow":"follow","max-snippet":"max-snippet:-1","max-image-preview":"max-image-preview:large","max-video-preview":"max-video-preview:-1"},"canonical":"https:\/\/www.fahrschultheorie.ch\/fr\/produit\/ethylometre-numerique\/","og_locale":"fr_FR","og_type":"article","og_title":"Ethylom\u00e8tre num\u00e9rique - www.fahrschultheorie.ch","og_description":"Le testeur mesure le taux d'alcool dans l'air expir\u00e9. Affichage d'avertissement en cas d'augmentation de la valeur d'alcool mesur\u00e9e","og_url":"https:\/\/www.fahrschultheorie.ch\/fr\/produit\/ethylometre-numerique\/","og_site_name":"www.fahrschultheorie.ch","article_modified_time":"2024-01-24T18:29:47+00:00","og_image":[{"width":1000,"height":1000,"url":"https:\/\/www.fahrschultheorie.ch\/wp-content\/uploads\/2022\/03\/Alkoholtester_LCD_Digital.png","type":"image\/png"}],"twitter_card":"summary_large_image","twitter_misc":{"Prix":"&#67;&#72;&#70;16.90","Availability":"Out of stock"},"schema":{"@context":"https:\/\/schema.org","@graph":[{"@type":"WebPage","@id":"https:\/\/www.fahrschultheorie.ch\/fr\/produit\/ethylometre-numerique\/","url":"https:\/\/www.fahrschultheorie.ch\/fr\/produit\/ethylometre-numerique\/","name":"Ethylom\u00e8tre num\u00e9rique - www.fahrschultheorie.ch","isPartOf":{"@id":"https:\/\/www.fahrschultheorie.ch\/fr\/#website"},"datePublished":"2022-03-31T12:23:37+00:00","dateModified":"2024-01-24T18:29:47+00:00","description":"Le testeur mesure le taux d'alcool dans l'air expir\u00e9. Affichage d'avertissement en cas d'augmentation de la valeur d'alcool mesur\u00e9e","breadcrumb":{"@id":"https:\/\/www.fahrschultheorie.ch\/fr\/produit\/ethylometre-numerique\/#breadcrumb"},"inLanguage":"fr-FR","potentialAction":[{"@type":"ReadAction","target":["https:\/\/www.fahrschultheorie.ch\/fr\/produit\/ethylometre-numerique\/"]}]},{"@type":"BreadcrumbList","@id":"https:\/\/www.fahrschultheorie.ch\/fr\/produit\/ethylometre-numerique\/#breadcrumb","itemListElement":[{"@type":"ListItem","position":1,"name":"Startseite","item":"https:\/\/www.fahrschultheorie.ch\/fr\/"},{"@type":"ListItem","position":2,"name":"Boutique","item":"https:\/\/www.fahrschultheorie.ch\/fr\/boutique\/"},{"@type":"ListItem","position":3,"name":"Ethylom\u00e8tre num\u00e9rique"}]},{"@type":"WebSite","@id":"https:\/\/www.fahrschultheorie.ch\/fr\/#website","url":"https:\/\/www.fahrschultheorie.ch\/fr\/","name":"www.fahrschultheorie.ch","description":"Der gr\u00f6sste Fahrschulshop der Schweiz","potentialAction":[{"@type":"SearchAction","target":{"@type":"EntryPoint","urlTemplate":"https:\/\/www.fahrschultheorie.ch\/fr\/?s={search_term_string}"},"query-input":"required name=search_term_string"}],"inLanguage":"fr-FR"}]},"product_price_amount":"16.90","product_price_currency":"CHF","og_availability":"out of stock","product_availability":"out of stock","product_retailer_item_id":"4010126180476","product_condition":"new"},"_links":{"self":[{"href":"https:\/\/www.fahrschultheorie.ch\/fr\/wp-json\/wp\/v2\/product\/8784"}],"collection":[{"href":"https:\/\/www.fahrschultheorie.ch\/fr\/wp-json\/wp\/v2\/product"}],"about":[{"href":"https:\/\/www.fahrschultheorie.ch\/fr\/wp-json\/wp\/v2\/types\/product"}],"wp:featuredmedia":[{"embeddable":true,"href":"https:\/\/www.fahrschultheorie.ch\/fr\/wp-json\/wp\/v2\/media\/8860"}],"wp:attachment":[{"href":"https:\/\/www.fahrschultheorie.ch\/fr\/wp-json\/wp\/v2\/media?parent=8784"}],"wp:term":[{"taxonomy":"product_cat","embeddable":true,"href":"https:\/\/www.fahrschultheorie.ch\/fr\/wp-json\/wp\/v2\/product_cat?post=8784"},{"taxonomy":"product_tag","embeddable":true,"href":"https:\/\/www.fahrschultheorie.ch\/fr\/wp-json\/wp\/v2\/product_tag?post=8784"}],"curies":[{"name":"wp","href":"https:\/\/api.w.org\/{rel}","templated":true}]}}