{"id":8791,"date":"2022-03-31T14:30:57","date_gmt":"2022-03-31T12:31:01","guid":{"rendered":"https:\/\/www.fahrschultheorie.ch\/?post_type=product&#038;p=8791"},"modified":"2025-11-15T14:26:37","modified_gmt":"2025-11-15T12:26:37","slug":"gilet-de-securite-reflechissant-jaune","status":"publish","type":"product","link":"https:\/\/www.fahrschultheorie.ch\/fr\/produit\/gilet-de-securite-reflechissant-jaune\/","title":{"rendered":"Gilet de s\u00e9curit\u00e9 r\u00e9fl\u00e9chissant jaune"},"content":{"rendered":"<ul>\n<li>100% polyester<\/li>\n<li>Taille XL \u00ab\u00a0Taille unique\u00a0\u00bb<\/li>\n<li>Lavable jusqu&rsquo;\u00e0 40\u00b0C<\/li>\n<li>Gilet de s\u00e9curit\u00e9 selon la norme EN ISO 20471<\/li>\n<li>Jaune fluorescent<\/li>\n<\/ul>\n<p>Depuis quelques ann\u00e9es, le port du gilet de s\u00e9curit\u00e9 est obligatoire dans la plupart des pays europ\u00e9ens. Ainsi, l&rsquo;utilisation des gilets de s\u00e9curit\u00e9 en cas de panne et d&rsquo;entr\u00e9e sur la chauss\u00e9e (port obligatoire), mais aussi le port du gilet de s\u00e9curit\u00e9 sur soi sont obligatoires. Le gilet de s\u00e9curit\u00e9 n&rsquo;est pas obligatoire en Suisse. Seuls le triangle et l&rsquo;autocollant CH font partie de l&rsquo;\u00e9quipement obligatoire de la voiture. Bien qu&rsquo;un gilet de s\u00e9curit\u00e9 ne soit pas obligatoire, nous vous recommandons d&rsquo;en avoir un dans votre v\u00e9hicule. Il doit \u00eatre port\u00e9 en cas d&rsquo;accident, de panne ou dans les situations o\u00f9 il est n\u00e9cessaire de quitter la voiture. Le port d&rsquo;un gilet s\u00e9curit\u00e9 augmente la visibilit\u00e9 dans la circulation routi\u00e8re. Selon le pays, d\u2019autres accessoires font partie de l\u2019\u00e9quipement obligatoire en plus du gilet de s\u00e9curit\u00e9.<\/p>\n<p>&nbsp;<\/p>\n<div><a><img decoding=\"async\" class=\"countryInfoFlag\" src=\"https:\/\/www.tcs.ch\/assets\/img\/camping-reisen\/reiseinformationen\/laenderinfos\/flagge\/weblication\/wThumbnails\/belgien-flagge-ae19f30c3310546g3d3655df4374afcb.jpg\" alt=\"\" \/>Belgique<\/a><\/div>\n<ul>\n<li>Autocollant CH<\/li>\n<li>Triangle de panne<\/li>\n<li>Gilet de s\u00e9curit\u00e9 : 1 gilet par v\u00e9hicule (conducteur), si le conducteur se trouve sur une autoroute ou route \u00e0 voie rapide et quitte son v\u00e9hicule<\/li>\n<\/ul>\n<div><a><img decoding=\"async\" class=\"countryInfoFlag\" src=\"https:\/\/www.tcs.ch\/assets\/img\/camping-reisen\/reiseinformationen\/laenderinfos\/flagge\/weblication\/wThumbnails\/bosnien-herzegowina-flagge-61939f4c0a45044g197551f2e1a85dd4.jpg\" alt=\"\" \/><\/a><a>Bosnie-Herz\u00e9govine<\/a><\/div>\n<ul>\n<li>Autocollant CH<\/li>\n<li>Triangle de panne<\/li>\n<li>Trousse de premiers secours<\/li>\n<li>Ampoules de rechange\u00a0(sauf si feux x\u00e9non, n\u00e9on ou LED)<\/li>\n<li>C\u00e2ble de remorquage<\/li>\n<\/ul>\n<div><a><img decoding=\"async\" class=\"countryInfoFlag\" src=\"https:\/\/www.tcs.ch\/assets\/img\/camping-reisen\/reiseinformationen\/laenderinfos\/flagge\/weblication\/wThumbnails\/daenemark-flagge-781525e45954619g771b3a94a4dec0ac.jpg\" alt=\"\" \/><\/a><a>Danemark<\/a><\/div>\n<ul>\n<li>Autocollant CH<\/li>\n<li>Triangle de panne<\/li>\n<\/ul>\n<div><a><img decoding=\"async\" class=\"countryInfoFlag\" src=\"https:\/\/www.tcs.ch\/assets\/img\/camping-reisen\/reiseinformationen\/laenderinfos\/flagge\/weblication\/wThumbnails\/deutschland-flagge-eef7b5c7176df42g0c07c944da2a575a.jpg\" alt=\"\" \/><\/a><a>Allemagne<\/a><\/div>\n<ul>\n<li>Autocollant CH<\/li>\n<li>Triangle de panne<\/li>\n<li>Gilet de s\u00e9curit\u00e9<\/li>\n<li>Trousse de premiers secours<\/li>\n<li>Vignette-particules fines dans certains centres-villes<\/li>\n<\/ul>\n<div><a><img decoding=\"async\" class=\"countryInfoFlag\" src=\"https:\/\/www.tcs.ch\/assets\/img\/camping-reisen\/reiseinformationen\/laenderinfos\/flagge\/weblication\/wThumbnails\/estland-flagge-abcdb8eefa96a1agfe98d8309e42c041.jpg\" alt=\"\" \/><\/a><a>Estonie<\/a><\/div>\n<ul>\n<li>Autocollant CH<\/li>\n<li>Triangle de panne<\/li>\n<li>Extincteur<\/li>\n<li>Trousse de premiers secours<\/li>\n<li>Gilet de s\u00e9curit\u00e9 : 1 gilet (norme europ\u00e9enne EN471) pour toute personne se trouvant sur la chauss\u00e9e, de nuit en cas de mauvaise visibilit\u00e9, en dehors des agglom\u00e9rations<\/li>\n<\/ul>\n<div><a><img decoding=\"async\" class=\"countryInfoFlag\" src=\"https:\/\/www.tcs.ch\/assets\/img\/camping-reisen\/reiseinformationen\/laenderinfos\/flagge\/weblication\/wThumbnails\/finnland-flagge-f5b22570aa49cc5g6bd0259c63479c5e.jpg\" alt=\"\" \/><\/a><a>Finlande<\/a><\/div>\n<ul>\n<li>Autocollant CH<\/li>\n<li>Triangle de panne<\/li>\n<li>Gilet de s\u00e9curit\u00e9\u00a0: 1 gilet pour toute personne se trouvant sur la chauss\u00e9e, de nuit comme de jour, en cas de mauvaise visibilit\u00e9<\/li>\n<\/ul>\n<div><a><img decoding=\"async\" class=\"countryInfoFlag\" src=\"https:\/\/www.tcs.ch\/assets\/img\/camping-reisen\/reiseinformationen\/laenderinfos\/flagge\/weblication\/wThumbnails\/frankreich-flagge-22f542a1d671e3dgc270856fe44466b4.jpg\" alt=\"\" \/><\/a><a>France<\/a><\/div>\n<ul>\n<li>Autocollant CH<\/li>\n<li>Ampoules de rechange (recommand\u00e9es)<\/li>\n<li>Triangle de panne<\/li>\n<li>Gilet de s\u00e9curit\u00e9 : 1 gilet (norme europ\u00e9enne EN 471) pour toute personne se trouvant sur la chauss\u00e9e, de jour comme de nuit<\/li>\n<\/ul>\n<div><a><img decoding=\"async\" class=\"countryInfoFlag\" src=\"https:\/\/www.tcs.ch\/assets\/img\/camping-reisen\/reiseinformationen\/laenderinfos\/flagge\/weblication\/wThumbnails\/griechenland-flagge-3a42c83cfcc4d7aga231b7c5200373b9.jpg\" alt=\"\" \/><\/a><a>Gr\u00e8ce<\/a><\/div>\n<ul>\n<li>Autocollant CH<\/li>\n<li>Triangle de panne<\/li>\n<li>Trousse de premiers secours<\/li>\n<li>Extincteur<\/li>\n<\/ul>\n<div><a><img decoding=\"async\" class=\"countryInfoFlag\" src=\"https:\/\/www.tcs.ch\/assets\/img\/camping-reisen\/reiseinformationen\/laenderinfos\/flagge\/weblication\/wThumbnails\/grossbritannien-flagge-25a205844d2cdfeg532590b6a61cb27e.jpg\" alt=\"\" \/><\/a><a>Grande-Bretagne<\/a><\/div>\n<ul>\n<li>Autocollant CH<\/li>\n<li>Triangle de panne\u00a0(recommand\u00e9)<\/li>\n<li>D\u00e9flecteurs de faisceau lumineux<\/li>\n<\/ul>\n<div><a><img decoding=\"async\" class=\"countryInfoFlag\" src=\"https:\/\/www.tcs.ch\/assets\/img\/camping-reisen\/reiseinformationen\/laenderinfos\/flagge\/weblication\/wThumbnails\/irland-flagge-b1ae871a3f04610gfa49d79d06a95234.jpg\" alt=\"\" \/><\/a><a>Irlande<\/a><\/div>\n<ul>\n<li>Autocollant CH<\/li>\n<li>Triangle de panne (recommand\u00e9)<\/li>\n<li>D\u00e9flecteurs de faisceau lumineux<\/li>\n<\/ul>\n<div><a><img decoding=\"async\" class=\"countryInfoFlag\" src=\"https:\/\/www.tcs.ch\/assets\/img\/camping-reisen\/reiseinformationen\/laenderinfos\/flagge\/weblication\/wThumbnails\/island-flagge-a4ec33673641c4fg161c924f1ba5e4c7.jpg\" alt=\"\" \/><\/a><a>Islande<\/a><\/div>\n<ul>\n<li>Autocollant CH<\/li>\n<li>Triangle de panne<\/li>\n<li>Gilet de s\u00e9curit\u00e9\u00a0(recommand\u00e9)<\/li>\n<\/ul>\n<div><a><img decoding=\"async\" class=\"countryInfoFlag\" src=\"https:\/\/www.tcs.ch\/assets\/img\/camping-reisen\/reiseinformationen\/laenderinfos\/flagge\/weblication\/wThumbnails\/italien-flagge-83b1cedfb09f5c4gca88506c8b5e40e8.jpg\" alt=\"\" \/><\/a><a>Italie<\/a><\/div>\n<ul>\n<li>Autocollant CH<\/li>\n<li>Triangle de panne<\/li>\n<li>Gilet de s\u00e9curit\u00e9 : 1 gilet (norme europ\u00e9enne EN471) pour toute personne se trouvant sur la chauss\u00e9e, de nuit ou de jour en cas de mauvaise visibilit\u00e9, en dehors des agglom\u00e9rations<\/li>\n<li>Pass Area C pour Milan et ticket pour Bologne<\/li>\n<\/ul>\n<div><a><img decoding=\"async\" class=\"countryInfoFlag\" src=\"https:\/\/www.tcs.ch\/assets\/img\/camping-reisen\/reiseinformationen\/laenderinfos\/flagge\/weblication\/wThumbnails\/kroatien-flagge-5be1efeee651321gbe64b9ea50972e49.jpg\" alt=\"\" \/><\/a><a>Croatie<\/a><\/div>\n<ul>\n<li>Autocollant CH<\/li>\n<li>Triangle de panne<\/li>\n<li>Trousse de premiers secours<\/li>\n<li>Ampoules de rechange (sauf si feux x\u00e9non, n\u00e9on ou LED)<\/li>\n<li>Gilet de s\u00e9curit\u00e9\u00a0: 1 gilet pour toute personne se trouvant sur une autoroute ou route \u00e0 voie rapide et quitte le v\u00e9hicule<\/li>\n<\/ul>\n<div><a><img decoding=\"async\" class=\"countryInfoFlag\" src=\"https:\/\/www.tcs.ch\/assets\/img\/camping-reisen\/reiseinformationen\/laenderinfos\/flagge\/weblication\/wThumbnails\/liechtenstein-flagge-33cfb00ccef82acgdfe583c6639a1af0.jpg\" alt=\"\" \/>Liechtenstein<\/a><\/div>\n<ul>\n<li>Autocollant CH<\/li>\n<li>Triangle de panne<\/li>\n<\/ul>\n<div><a><img decoding=\"async\" class=\"countryInfoFlag\" src=\"https:\/\/www.tcs.ch\/assets\/img\/camping-reisen\/reiseinformationen\/laenderinfos\/flagge\/weblication\/wThumbnails\/luxemburg-flagge-78ae13e3b288f3bg4a8a111b7f222f5d.jpg\" alt=\"\" \/><\/a><a>Luxembourg<\/a><\/div>\n<ul>\n<li>Autocollant CH<\/li>\n<li>Triangle de panne<\/li>\n<li>Gilet de s\u00e9curit\u00e9\u00a0: 1 gilet (norme europ\u00e9enne EN 471) pour toute personne se trouvant sur la chauss\u00e9e sur l&rsquo;autoroute ou de nuit en cas de mauvaise visibilit\u00e9, en dehors des agglom\u00e9rations<\/li>\n<\/ul>\n<div><a><img decoding=\"async\" class=\"countryInfoFlag\" src=\"https:\/\/www.tcs.ch\/assets\/img\/camping-reisen\/reiseinformationen\/laenderinfos\/flagge\/weblication\/wThumbnails\/oesterreich-flagge-951d62f8f46b567gf7fa56f26f6b5e56.jpg\" alt=\"\" \/><\/a><a>Autriche<\/a><\/div>\n<ul>\n<li>Autocollant CH<\/li>\n<li>Triangle de panne<\/li>\n<li>Trousse de premiers secours (dans une bo\u00eete herm\u00e9tique solide)<\/li>\n<li>Gilet de s\u00e9curit\u00e9 : 1 gilet par v\u00e9hicule (norme europ\u00e9enne EN 471) si le conducteur se trouve sur une autoroute ou route \u00e0 voie rapide et quitte son v\u00e9hicule<\/li>\n<\/ul>\n<div><a><img decoding=\"async\" class=\"countryInfoFlag\" src=\"https:\/\/www.tcs.ch\/assets\/img\/camping-reisen\/reiseinformationen\/laenderinfos\/flagge\/weblication\/wThumbnails\/portugal-flagge-ed13a67b75dd4d4g346a636b82afdf22.jpg\" alt=\"\" \/>Portugal<\/a><\/div>\n<ul>\n<li>Autocollant CH<\/li>\n<li>Triangle de panne, pour les v\u00e9hicules immatricul\u00e9s\u00a0au Portugal<\/li>\n<li>Gilet de s\u00e9curit\u00e9,\u00a0pour les v\u00e9hicules immatricul\u00e9s\u00a0au Portugal<\/li>\n<\/ul>\n<div><a><img decoding=\"async\" class=\"countryInfoFlag\" src=\"https:\/\/www.tcs.ch\/assets\/img\/camping-reisen\/reiseinformationen\/laenderinfos\/flagge\/weblication\/wThumbnails\/rumaenien-flagge-073c6027cae315eg31d88889647dfe08.jpg\" alt=\"\" \/><\/a><a>Roumanie<\/a><\/div>\n<ul>\n<li>Autocollant CH<\/li>\n<li>Triangle de panne<\/li>\n<li>Trousse de premiers secours<\/li>\n<li>Extincteur<\/li>\n<li>Gilet de s\u00e9curit\u00e9\u00a0: 1 gilet pour toute personne se trouvant sur la chauss\u00e9e<\/li>\n<\/ul>\n<div><a><img decoding=\"async\" class=\"countryInfoFlag\" src=\"https:\/\/www.tcs.ch\/assets\/img\/camping-reisen\/reiseinformationen\/laenderinfos\/flagge\/weblication\/wThumbnails\/schweden-flagge-5a63634f88253dega25dc3781b5cf023.jpg\" alt=\"\" \/><\/a><a>Su\u00e8de<\/a><\/div>\n<ul>\n<li>Autocollant CH<\/li>\n<li>Triangle de panne<\/li>\n<li>Trousse de premiers secours\u00a0(recommand\u00e9e)<\/li>\n<li>Extincteur (recommand\u00e9)<\/li>\n<\/ul>\n<div><a><img decoding=\"async\" class=\"countryInfoFlag\" src=\"https:\/\/www.tcs.ch\/assets\/img\/camping-reisen\/reiseinformationen\/laenderinfos\/flagge\/weblication\/wThumbnails\/spanien-flagge-8f66b4146b17821g75879e20a322c220.jpg\" alt=\"\" \/><\/a><a>Espagne<\/a><\/div>\n<ul>\n<li>Autocollant CH<\/li>\n<li>Triangle de panne<\/li>\n<li>Gilet de s\u00e9curit\u00e9\u00a0: 1 gilet pour toute personne se trouvant sur la chauss\u00e9e, en dehors des agglom\u00e9rations<\/li>\n<\/ul>\n<div><a><img decoding=\"async\" class=\"countryInfoFlag\" src=\"https:\/\/www.tcs.ch\/assets\/img\/camping-reisen\/reiseinformationen\/laenderinfos\/flagge\/weblication\/wThumbnails\/ungarn-flagge-07111e725353fdbg70b56089208faac4.jpg\" alt=\"\" \/><\/a><a>Hongrie<\/a><\/div>\n<ul>\n<li>Autocollant CH<\/li>\n<li>Triangle de panne<\/li>\n<li>Trousse de premiers secours<\/li>\n<li>Gilet de s\u00e9curit\u00e9\u00a0: 1 gilet pour toute personne se trouvant sur la chauss\u00e9e, en dehors des agglom\u00e9rations<\/li>\n<\/ul>\n","protected":false},"excerpt":{"rendered":"<ul>\n<li>100% polyester<\/li>\n<li>Taille M<\/li>\n<li>Gilet de s\u00e9curit\u00e9 selon la norme EN 471<\/li>\n<li>Jaune fluorescent<\/li>\n<\/ul>\n","protected":false},"featured_media":10606,"template":"","meta":[],"product_cat":[167],"product_tag":[],"class_list":{"0":"post-8791","1":"product","2":"type-product","3":"status-publish","4":"has-post-thumbnail","6":"product_cat-accessoires","7":"product_shipping_class-courrier","9":"first","10":"outofstock","11":"taxable","12":"shipping-taxable","13":"purchasable","14":"product-type-simple"},"yoast_head":"<!-- This site is optimized with the Yoast SEO plugin v21.8 - https:\/\/yoast.com\/wordpress\/plugins\/seo\/ -->\n<title>Gilet de s\u00e9curit\u00e9 r\u00e9fl\u00e9chissant jaune - www.fahrschultheorie.ch<\/title>\n<meta name=\"description\" content=\"100% polyester, Taille M, Gilet de s\u00e9curit\u00e9 selon la norme EN 471, jaune fluorescent\" \/>\n<meta name=\"robots\" content=\"index, follow, max-snippet:-1, max-image-preview:large, max-video-preview:-1\" \/>\n<link rel=\"canonical\" href=\"https:\/\/www.fahrschultheorie.ch\/fr\/produit\/gilet-de-securite-reflechissant-jaune\/\" \/>\n<meta property=\"og:locale\" content=\"fr_FR\" \/>\n<meta property=\"og:type\" content=\"article\" \/>\n<meta property=\"og:title\" content=\"Gilet de s\u00e9curit\u00e9 r\u00e9fl\u00e9chissant jaune - www.fahrschultheorie.ch\" \/>\n<meta property=\"og:description\" content=\"100% polyester, Taille M, Gilet de s\u00e9curit\u00e9 selon la norme EN 471, jaune fluorescent\" \/>\n<meta property=\"og:url\" content=\"https:\/\/www.fahrschultheorie.ch\/fr\/produit\/gilet-de-securite-reflechissant-jaune\/\" \/>\n<meta property=\"og:site_name\" content=\"www.fahrschultheorie.ch\" \/>\n<meta property=\"article:modified_time\" content=\"2025-11-15T12:26:37+00:00\" \/>\n<meta property=\"og:image\" content=\"https:\/\/www.fahrschultheorie.ch\/wp-content\/uploads\/2022\/12\/Warnweste_Gelb-1.jpg\" \/>\n\t<meta property=\"og:image:width\" content=\"1200\" \/>\n\t<meta property=\"og:image:height\" content=\"1200\" \/>\n\t<meta property=\"og:image:type\" content=\"image\/jpeg\" \/>\n<meta name=\"twitter:card\" content=\"summary_large_image\" \/>\n<meta name=\"twitter:label1\" content=\"Prix\" \/>\n\t<meta name=\"twitter:data1\" content=\"&#67;&#72;&#70;8.90\" \/>\n\t<meta name=\"twitter:label2\" content=\"Availability\" \/>\n\t<meta name=\"twitter:data2\" content=\"Out of stock\" \/>\n<script type=\"application\/ld+json\" class=\"yoast-schema-graph\">{\"@context\":\"https:\/\/schema.org\",\"@graph\":[{\"@type\":\"WebPage\",\"@id\":\"https:\/\/www.fahrschultheorie.ch\/fr\/produit\/gilet-de-securite-reflechissant-jaune\/\",\"url\":\"https:\/\/www.fahrschultheorie.ch\/fr\/produit\/gilet-de-securite-reflechissant-jaune\/\",\"name\":\"Gilet de s\u00e9curit\u00e9 r\u00e9fl\u00e9chissant jaune - www.fahrschultheorie.ch\",\"isPartOf\":{\"@id\":\"https:\/\/www.fahrschultheorie.ch\/fr\/#website\"},\"datePublished\":\"2022-03-31T12:31:01+00:00\",\"dateModified\":\"2025-11-15T12:26:37+00:00\",\"description\":\"100% polyester, Taille M, Gilet de s\u00e9curit\u00e9 selon la norme EN 471, jaune fluorescent\",\"breadcrumb\":{\"@id\":\"https:\/\/www.fahrschultheorie.ch\/fr\/produit\/gilet-de-securite-reflechissant-jaune\/#breadcrumb\"},\"inLanguage\":\"fr-FR\",\"potentialAction\":[{\"@type\":\"ReadAction\",\"target\":[\"https:\/\/www.fahrschultheorie.ch\/fr\/produit\/gilet-de-securite-reflechissant-jaune\/\"]}]},{\"@type\":\"BreadcrumbList\",\"@id\":\"https:\/\/www.fahrschultheorie.ch\/fr\/produit\/gilet-de-securite-reflechissant-jaune\/#breadcrumb\",\"itemListElement\":[{\"@type\":\"ListItem\",\"position\":1,\"name\":\"Startseite\",\"item\":\"https:\/\/www.fahrschultheorie.ch\/fr\/\"},{\"@type\":\"ListItem\",\"position\":2,\"name\":\"Boutique\",\"item\":\"https:\/\/www.fahrschultheorie.ch\/fr\/boutique\/\"},{\"@type\":\"ListItem\",\"position\":3,\"name\":\"Gilet de s\u00e9curit\u00e9 r\u00e9fl\u00e9chissant jaune\"}]},{\"@type\":\"WebSite\",\"@id\":\"https:\/\/www.fahrschultheorie.ch\/fr\/#website\",\"url\":\"https:\/\/www.fahrschultheorie.ch\/fr\/\",\"name\":\"www.fahrschultheorie.ch\",\"description\":\"Der gr\u00f6sste Fahrschulshop der Schweiz\",\"potentialAction\":[{\"@type\":\"SearchAction\",\"target\":{\"@type\":\"EntryPoint\",\"urlTemplate\":\"https:\/\/www.fahrschultheorie.ch\/fr\/?s={search_term_string}\"},\"query-input\":\"required name=search_term_string\"}],\"inLanguage\":\"fr-FR\"}]}<\/script>\n<meta property=\"product:price:amount\" content=\"8.90\" \/>\n<meta property=\"product:price:currency\" content=\"CHF\" \/>\n<meta property=\"og:availability\" content=\"out of stock\" \/>\n<meta property=\"product:availability\" content=\"out of stock\" \/>\n<meta property=\"product:condition\" content=\"new\" \/>\n<!-- \/ Yoast SEO plugin. -->","yoast_head_json":{"title":"Gilet de s\u00e9curit\u00e9 r\u00e9fl\u00e9chissant jaune - www.fahrschultheorie.ch","description":"100% polyester, Taille M, Gilet de s\u00e9curit\u00e9 selon la norme EN 471, jaune fluorescent","robots":{"index":"index","follow":"follow","max-snippet":"max-snippet:-1","max-image-preview":"max-image-preview:large","max-video-preview":"max-video-preview:-1"},"canonical":"https:\/\/www.fahrschultheorie.ch\/fr\/produit\/gilet-de-securite-reflechissant-jaune\/","og_locale":"fr_FR","og_type":"article","og_title":"Gilet de s\u00e9curit\u00e9 r\u00e9fl\u00e9chissant jaune - www.fahrschultheorie.ch","og_description":"100% polyester, Taille M, Gilet de s\u00e9curit\u00e9 selon la norme EN 471, jaune fluorescent","og_url":"https:\/\/www.fahrschultheorie.ch\/fr\/produit\/gilet-de-securite-reflechissant-jaune\/","og_site_name":"www.fahrschultheorie.ch","article_modified_time":"2025-11-15T12:26:37+00:00","og_image":[{"width":1200,"height":1200,"url":"https:\/\/www.fahrschultheorie.ch\/wp-content\/uploads\/2022\/12\/Warnweste_Gelb-1.jpg","type":"image\/jpeg"}],"twitter_card":"summary_large_image","twitter_misc":{"Prix":"&#67;&#72;&#70;8.90","Availability":"Out of stock"},"schema":{"@context":"https:\/\/schema.org","@graph":[{"@type":"WebPage","@id":"https:\/\/www.fahrschultheorie.ch\/fr\/produit\/gilet-de-securite-reflechissant-jaune\/","url":"https:\/\/www.fahrschultheorie.ch\/fr\/produit\/gilet-de-securite-reflechissant-jaune\/","name":"Gilet de s\u00e9curit\u00e9 r\u00e9fl\u00e9chissant jaune - www.fahrschultheorie.ch","isPartOf":{"@id":"https:\/\/www.fahrschultheorie.ch\/fr\/#website"},"datePublished":"2022-03-31T12:31:01+00:00","dateModified":"2025-11-15T12:26:37+00:00","description":"100% polyester, Taille M, Gilet de s\u00e9curit\u00e9 selon la norme EN 471, jaune fluorescent","breadcrumb":{"@id":"https:\/\/www.fahrschultheorie.ch\/fr\/produit\/gilet-de-securite-reflechissant-jaune\/#breadcrumb"},"inLanguage":"fr-FR","potentialAction":[{"@type":"ReadAction","target":["https:\/\/www.fahrschultheorie.ch\/fr\/produit\/gilet-de-securite-reflechissant-jaune\/"]}]},{"@type":"BreadcrumbList","@id":"https:\/\/www.fahrschultheorie.ch\/fr\/produit\/gilet-de-securite-reflechissant-jaune\/#breadcrumb","itemListElement":[{"@type":"ListItem","position":1,"name":"Startseite","item":"https:\/\/www.fahrschultheorie.ch\/fr\/"},{"@type":"ListItem","position":2,"name":"Boutique","item":"https:\/\/www.fahrschultheorie.ch\/fr\/boutique\/"},{"@type":"ListItem","position":3,"name":"Gilet de s\u00e9curit\u00e9 r\u00e9fl\u00e9chissant jaune"}]},{"@type":"WebSite","@id":"https:\/\/www.fahrschultheorie.ch\/fr\/#website","url":"https:\/\/www.fahrschultheorie.ch\/fr\/","name":"www.fahrschultheorie.ch","description":"Der gr\u00f6sste Fahrschulshop der Schweiz","potentialAction":[{"@type":"SearchAction","target":{"@type":"EntryPoint","urlTemplate":"https:\/\/www.fahrschultheorie.ch\/fr\/?s={search_term_string}"},"query-input":"required name=search_term_string"}],"inLanguage":"fr-FR"}]},"product_price_amount":"8.90","product_price_currency":"CHF","og_availability":"out of stock","product_availability":"out of stock","product_condition":"new"},"_links":{"self":[{"href":"https:\/\/www.fahrschultheorie.ch\/fr\/wp-json\/wp\/v2\/product\/8791"}],"collection":[{"href":"https:\/\/www.fahrschultheorie.ch\/fr\/wp-json\/wp\/v2\/product"}],"about":[{"href":"https:\/\/www.fahrschultheorie.ch\/fr\/wp-json\/wp\/v2\/types\/product"}],"wp:featuredmedia":[{"embeddable":true,"href":"https:\/\/www.fahrschultheorie.ch\/fr\/wp-json\/wp\/v2\/media\/10606"}],"wp:attachment":[{"href":"https:\/\/www.fahrschultheorie.ch\/fr\/wp-json\/wp\/v2\/media?parent=8791"}],"wp:term":[{"taxonomy":"product_cat","embeddable":true,"href":"https:\/\/www.fahrschultheorie.ch\/fr\/wp-json\/wp\/v2\/product_cat?post=8791"},{"taxonomy":"product_tag","embeddable":true,"href":"https:\/\/www.fahrschultheorie.ch\/fr\/wp-json\/wp\/v2\/product_tag?post=8791"}],"curies":[{"name":"wp","href":"https:\/\/api.w.org\/{rel}","templated":true}]}}